{"id":21338,"date":"2025-01-13T16:15:43","date_gmt":"2025-01-13T16:15:43","guid":{"rendered":"https:\/\/nexgendecors.com\/product\/island-table-dining-table-integrated-household-rock-plate-guide-cabinet-wood-grain-finished-product-customized-small-kitchen-bar-center-island\/"},"modified":"2025-04-06T07:43:56","modified_gmt":"2025-04-06T07:43:56","slug":"table-ilot-table-a-manger-integree-menage-plaque-de-roche-guide-armoire-grain-de-bois-produit-fini-personnalise-petite-cuisine-bar-ilot-central","status":"publish","type":"product","link":"https:\/\/nexgendecors.com\/fr\/product\/table-ilot-table-a-manger-integree-menage-plaque-de-roche-guide-armoire-grain-de-bois-produit-fini-personnalise-petite-cuisine-bar-ilot-central\/","title":{"rendered":"Table \u00e0 manger en bois sur mesure avec int\u00e9gration de plaques de roche"},"content":{"rendered":"<ul>\n<li>\n<strong>marque<\/strong>:Maison<\/li>\n<li>\n<strong>Num\u00e9ro de produit<\/strong>:QMDT-04<\/li>\n<li>\n<strong>Assembler<\/strong>:Assembl\u00e9e<\/li>\n<li>\n<strong>Est-ce \u00e9volutif ?<\/strong>:Oui<\/li>\n<li>\n<strong>volume du colis<\/strong>:0.8<\/li>\n<li>\n<strong>Est-ce personnalisable ?<\/strong>:Oui<\/li>\n<li>\n<strong>Fonction<\/strong>:Multifonction<\/li>\n<li>\n<strong>forme<\/strong>:rectangle<\/li>\n<li>\n<strong>Origine<\/strong>:Shunde, Guangdong<\/li>\n<li>\n<strong>Mat\u00e9riel<\/strong>:Panneau de roche<\/li>\n<li>\n<strong>Structure du meuble<\/strong>:cadre<\/li>\n<li>\n<strong>Nombre de personnes applicable<\/strong>:4-6 personnes<\/li>\n<li>\n<strong>province<\/strong>:Province du Guangdong<\/li>\n<li>\n<strong>M\u00e9thode de levage<\/strong>:Extensible<\/li>\n<li>\n<strong>Zone de livraison et d&#039;installation<\/strong>:\u00c0 l&#039;\u00e9chelle nationale<\/li>\n<li>\n<strong>Mat\u00e9riau de finition<\/strong>:Imitation du grain du bois<\/li>\n<li>\n<strong>trier par couleur<\/strong>:[Tracks\u2014\u2013CCTV Exhibition Broadcast Brand] Les concepteurs professionnels fournissent des dessins individuels, des tailles personnalisables [Version d&#039;entr\u00e9e de gamme 2,38 m\u00e8tres] [Version d&#039;entr\u00e9e de gamme 2,58 m\u00e8tres] [Version d&#039;entr\u00e9e de gamme 2,78 m\u00e8tres] [Version d&#039;entr\u00e9e de gamme 2,98 m\u00e8tres] Version am\u00e9lior\u00e9e 2,38 m\u00e8tres [avec prise de courant] Version am\u00e9lior\u00e9e 2,58 m\u00e8tres [avec prise de courant] Version am\u00e9lior\u00e9e 2,78 m\u00e8tres [avec prise de courant] Version am\u00e9lior\u00e9e 2,98 m\u00e8tres [avec prise de courant] Version de luxe 2,38 m\u00e8tres [avec prise, bande lumineuse, \u00e9vier] Version de luxe 2,58 m\u00e8tres [avec prise, bande lumineuse, \u00e9vier] Version de luxe 2,78 m\u00e8tres [avec prise, bande lumineuse, \u00e9vier] Version de luxe 2,98 m\u00e8tres [avec prise, bande lumineuse, \u00e9vier]<\/li>\n<li>\n<strong><\/strong>:<\/li>\n<\/ul>\n<p><img><\/p>","protected":false},"excerpt":{"rendered":"<p>Marque : Home Num\u00e9ro de produit : QMDT-04 Assemblage : Assemblage Est-il \u00e9volutif ? : oui Volume du colis : 0,8 Est-il personnalisable ? : oui Fonction : Multifonction Forme : rectangle Origine : Shunde, Guangdong Mat\u00e9riau : Panneau de roche Structure du meuble : cadre<\/p>","protected":false},"featured_media":21932,"comment_status":"open","ping_status":"closed","template":"","meta":[],"product_brand":[],"product_cat":[30971,871],"product_tag":[],"class_list":{"0":"post-21338","1":"product","2":"type-product","3":"status-publish","4":"has-post-thumbnail","6":"product_cat-hp","7":"product_cat-wholesale-kitchen-table","9":"first","10":"instock","11":"taxable","12":"shipping-taxable","13":"purchasable","14":"product-type-variable"},"_links":{"self":[{"href":"https:\/\/nexgendecors.com\/fr\/wp-json\/wp\/v2\/product\/21338","targetHints":{"allow":["GET"]}}],"collection":[{"href":"https:\/\/nexgendecors.com\/fr\/wp-json\/wp\/v2\/product"}],"about":[{"href":"https:\/\/nexgendecors.com\/fr\/wp-json\/wp\/v2\/types\/product"}],"replies":[{"embeddable":true,"href":"https:\/\/nexgendecors.com\/fr\/wp-json\/wp\/v2\/comments?post=21338"}],"version-history":[{"count":0,"href":"https:\/\/nexgendecors.com\/fr\/wp-json\/wp\/v2\/product\/21338\/revisions"}],"wp:featuredmedia":[{"embeddable":true,"href":"https:\/\/nexgendecors.com\/fr\/wp-json\/wp\/v2\/media\/21932"}],"wp:attachment":[{"href":"https:\/\/nexgendecors.com\/fr\/wp-json\/wp\/v2\/media?parent=21338"}],"wp:term":[{"taxonomy":"product_brand","embeddable":true,"href":"https:\/\/nexgendecors.com\/fr\/wp-json\/wp\/v2\/product_brand?post=21338"},{"taxonomy":"product_cat","embeddable":true,"href":"https:\/\/nexgendecors.com\/fr\/wp-json\/wp\/v2\/product_cat?post=21338"},{"taxonomy":"product_tag","embeddable":true,"href":"https:\/\/nexgendecors.com\/fr\/wp-json\/wp\/v2\/product_tag?post=21338"}],"curies":[{"name":"wp","href":"https:\/\/api.w.org\/{rel}","templated":true}]}}