{"id":21413,"date":"2025-01-13T16:15:47","date_gmt":"2025-01-13T16:15:47","guid":{"rendered":"https:\/\/nexgendecors.com\/product\/track-island-table-dining-table-integrated-retractable-high-end-large-sized-living-room-rock-saddle-leather-multi-function-customizable\/"},"modified":"2025-04-06T07:44:09","modified_gmt":"2025-04-06T07:44:09","slug":"table-a-manger-integree-retractable-haut-de-gamme-de-grande-taille-pour-salon-en-cuir-de-selle-rock-multifonction-et-personnalisable","status":"publish","type":"product","link":"https:\/\/nexgendecors.com\/fr\/product\/table-a-manger-integree-retractable-haut-de-gamme-de-grande-taille-pour-salon-en-cuir-de-selle-rock-multifonction-et-personnalisable\/","title":{"rendered":"Table \u00e0 manger r\u00e9tractable avec finition en cuir de luxe"},"content":{"rendered":"<ul>\n<li>\n<strong>style<\/strong>:Classique<\/li>\n<li>\n<strong>marque<\/strong>:Maison<\/li>\n<li>\n<strong>Num\u00e9ro de produit<\/strong>:QMDT-66<\/li>\n<li>\n<strong>Est-ce personnalisable ?<\/strong>:Oui<\/li>\n<li>\n<strong>forme<\/strong>:rectangle<\/li>\n<li>\n<strong>Origine<\/strong>:Shunde, Guangdong<\/li>\n<li>\n<strong>Assembler<\/strong>:Assembl\u00e9e<\/li>\n<li>\n<strong>Mat\u00e9riel<\/strong>:Panneau de roche<\/li>\n<li>\n<strong>Est-ce \u00e9volutif ?<\/strong>:Oui<\/li>\n<li>\n<strong>M\u00e9thode de levage<\/strong>:Tirer \u00e0 la main<\/li>\n<li>\n<strong>Mat\u00e9riau de finition<\/strong>:Cuir de selle<\/li>\n<li>\n<strong>trier par couleur<\/strong>:[Pistes\u2014\u2013Produits de diffusion d&#039;exposition CCTV] Croyez en la puissance de la marque, rejetez les mat\u00e9riaux de qualit\u00e9 inf\u00e9rieure [taille personnalisable, couleur personnalisable] Version d&#039;entr\u00e9e de gamme 2.-2,5 m\u00e8tres [r\u00e9tractable sans rail] Version d&#039;entr\u00e9e de gamme 2,2-2,7 m\u00e8tres [r\u00e9tractable sans rail] Version d&#039;entr\u00e9e de gamme 2,4-2,9 m\u00e8tres [r\u00e9tractable sans rail] Version d&#039;entr\u00e9e de gamme 2,6-3,1 m\u00e8tres [r\u00e9tractable sans rail] Version pratique 2.-2,5 m\u00e8tres [douille Bull + avec rail t\u00e9lescopique tout en aluminium] Version pratique 2,2-2,7 m\u00e8tres [douille Bull + avec rail t\u00e9lescopique tout en aluminium] Version pratique 2,4-2,9 m\u00e8tres [douille Bull + avec rail t\u00e9lescopique tout en aluminium] Version pratique 2,6-3,1 m\u00e8tres [douille Bull + avec rail t\u00e9lescopique tout en aluminium] Version am\u00e9lior\u00e9e 2.-2,5 m\u00e8tres [r\u00e9tractable sans rail + douille Bull] Mise \u00e0 niveau version 2,2-2,7 m\u00e8tres [r\u00e9tractable sans rail + prise Bull] Version am\u00e9lior\u00e9e 2,4-2,9 m\u00e8tres [r\u00e9tractable sans rail + prise Bull] Version am\u00e9lior\u00e9e 2,6-3,1 m\u00e8tres [r\u00e9tractable sans rail + prise Bull] Version Deluxe 2.-2,5 m\u00e8tres [r\u00e9tractable sans rail + prise Bull + bande lumineuse + \u00e9vier] Version Deluxe 2,2-2,7 m\u00e8tres [r\u00e9tractable sans rail + prise Bull + bande lumineuse + \u00e9vier] Version Deluxe 2,4-2,9 m\u00e8tres [r\u00e9tractable sans rail + prise Bull + bande lumineuse + \u00e9vier] Version Deluxe 2,6-3,1 m\u00e8tres [r\u00e9tractable sans rail + prise Bull + bande lumineuse + \u00e9vier]<\/li>\n<\/ul>\n<p><img><\/p>","protected":false},"excerpt":{"rendered":"<p>Style : Classique Marque : Maison Num\u00e9ro de produit : QMDT-66 Est-il personnalisable ? : Oui Forme : Rectangle Origine : Shunde, Guangdong Assemblage : Assemblage Mat\u00e9riau : Panneau de roche Est-il \u00e9volutif ? : Oui M\u00e9thode de levage : Finition \u00e0 la main<\/p>","protected":false},"featured_media":22042,"comment_status":"open","ping_status":"closed","template":"","meta":[],"product_brand":[],"product_cat":[30971,871],"product_tag":[],"class_list":{"0":"post-21413","1":"product","2":"type-product","3":"status-publish","4":"has-post-thumbnail","6":"product_cat-hp","7":"product_cat-wholesale-kitchen-table","9":"first","10":"instock","11":"taxable","12":"shipping-taxable","13":"purchasable","14":"product-type-variable"},"_links":{"self":[{"href":"https:\/\/nexgendecors.com\/fr\/wp-json\/wp\/v2\/product\/21413","targetHints":{"allow":["GET"]}}],"collection":[{"href":"https:\/\/nexgendecors.com\/fr\/wp-json\/wp\/v2\/product"}],"about":[{"href":"https:\/\/nexgendecors.com\/fr\/wp-json\/wp\/v2\/types\/product"}],"replies":[{"embeddable":true,"href":"https:\/\/nexgendecors.com\/fr\/wp-json\/wp\/v2\/comments?post=21413"}],"version-history":[{"count":0,"href":"https:\/\/nexgendecors.com\/fr\/wp-json\/wp\/v2\/product\/21413\/revisions"}],"wp:featuredmedia":[{"embeddable":true,"href":"https:\/\/nexgendecors.com\/fr\/wp-json\/wp\/v2\/media\/22042"}],"wp:attachment":[{"href":"https:\/\/nexgendecors.com\/fr\/wp-json\/wp\/v2\/media?parent=21413"}],"wp:term":[{"taxonomy":"product_brand","embeddable":true,"href":"https:\/\/nexgendecors.com\/fr\/wp-json\/wp\/v2\/product_brand?post=21413"},{"taxonomy":"product_cat","embeddable":true,"href":"https:\/\/nexgendecors.com\/fr\/wp-json\/wp\/v2\/product_cat?post=21413"},{"taxonomy":"product_tag","embeddable":true,"href":"https:\/\/nexgendecors.com\/fr\/wp-json\/wp\/v2\/product_tag?post=21413"}],"curies":[{"name":"wp","href":"https:\/\/api.w.org\/{rel}","templated":true}]}}