{"id":21440,"date":"2025-01-13T16:15:48","date_gmt":"2025-01-13T16:15:48","guid":{"rendered":"https:\/\/nexgendecors.com\/product\/island-table-dining-table-integrated-household-rock-plate-guide-cabinet-finished-product-customized-walnut-wood-grain-kitchen-bar-center-island\/"},"modified":"2025-04-06T07:44:12","modified_gmt":"2025-04-06T07:44:12","slug":"table-ilot-table-a-manger-integree-menage-plaque-de-roche-guide-armoire-produit-fini-personnalise-grain-de-bois-de-noyer-cuisine-bar-ilot-central","status":"publish","type":"product","link":"https:\/\/nexgendecors.com\/fr\/product\/table-ilot-table-a-manger-integree-menage-plaque-de-roche-guide-armoire-produit-fini-personnalise-grain-de-bois-de-noyer-cuisine-bar-ilot-central\/","title":{"rendered":"Table \u00e0 manger en noyer avec int\u00e9gration de plaques de roche"},"content":{"rendered":"<ul>\n<li>\n<strong>style<\/strong>:Classique<\/li>\n<li>\n<strong>marque<\/strong>:Maison<\/li>\n<li>\n<strong>Num\u00e9ro de produit<\/strong>:QMDT-02A<\/li>\n<li>\n<strong>Assembler<\/strong>:Assembl\u00e9e<\/li>\n<li>\n<strong>Est-ce \u00e9volutif ?<\/strong>:Oui<\/li>\n<li>\n<strong>volume du colis<\/strong>:1.2<\/li>\n<li>\n<strong>Est-ce personnalisable ?<\/strong>:Oui<\/li>\n<li>\n<strong>Fonction<\/strong>:Multifonction<\/li>\n<li>\n<strong>forme<\/strong>:rectangle<\/li>\n<li>\n<strong>Origine<\/strong>:Shunde, Guangdong<\/li>\n<li>\n<strong>Mat\u00e9riel<\/strong>:Panneau de roche<\/li>\n<li>\n<strong>Structure du meuble<\/strong>:Cadre<\/li>\n<li>\n<strong>Nombre de personnes applicable<\/strong>:Multijoueur<\/li>\n<li>\n<strong>M\u00e9thode de levage<\/strong>:Tirer \u00e0 la main<\/li>\n<li>\n<strong>Zone de livraison et d&#039;installation<\/strong>:\u00c0 l&#039;\u00e9chelle nationale<\/li>\n<li>\n<strong>Mat\u00e9riau de finition<\/strong>:Imitation du grain du bois<\/li>\n<li>\n<strong>trier par couleur<\/strong>:[R\u00e9pertoire\u2014\u2013Marque de produit de diffusion d&#039;exposition CCTV] Des designers professionnels r\u00e9alisent des dessins individuels et prennent en charge la personnalisation [Recommand\u00e9 par le directeur du magasin] Mat\u00e9riaux rigoureusement s\u00e9lectionn\u00e9s, assurance qualit\u00e9 d\u00e9cennale Mod\u00e8le d&#039;entr\u00e9e de gamme 2,38 m\u00e8tres Mod\u00e8le d&#039;entr\u00e9e de gamme 2,58 m\u00e8tres Mod\u00e8le d&#039;entr\u00e9e de gamme 2,78 m\u00e8tres Mod\u00e8le d&#039;entr\u00e9e de gamme 2,98 m\u00e8tres Mod\u00e8le am\u00e9lior\u00e9 2,38 m\u00e8tres [avec prise] Mod\u00e8le am\u00e9lior\u00e9 2,58 m\u00e8tres [avec prise] Mod\u00e8le am\u00e9lior\u00e9 2,78 m\u00e8tres (avec prise) Mod\u00e8le am\u00e9lior\u00e9 2,98 m\u00e8tres (avec prise) Mod\u00e8le de luxe 2,38 m\u00e8tres [avec prise, bande lumineuse, \u00e9vier] Mod\u00e8le de luxe 2,58 m\u00e8tres (avec prise, bande lumineuse, \u00e9vier) Mod\u00e8le de luxe 2,78 m\u00e8tres (avec prise, bande lumineuse, \u00e9vier) Mod\u00e8le de luxe 2,98 m\u00e8tres [avec prise, bande lumineuse, \u00e9vier] Mod\u00e8le supr\u00eame 2,38 m\u00e8tres [avec prise, bande lumineuse, cuisini\u00e8re \u00e0 induction] Mod\u00e8le supr\u00eame 2,58 m\u00e8tres [avec prise, lumi\u00e8re [bande, plaque \u00e0 induction] Mod\u00e8le Supreme 2,78 m\u00e8tres [avec prise, bande lumineuse, plaque \u00e0 induction] Mod\u00e8le Supreme 2,98 m\u00e8tres [avec prise, bande lumineuse, plaque \u00e0 induction]<\/li>\n<li>\n<strong><\/strong>:<\/li>\n<\/ul>\n<p><img><\/p>","protected":false},"excerpt":{"rendered":"<p>Style : Classique Marque : Maison Num\u00e9ro de produit : QMDT-02A Assemblage : Assemblage Est-il \u00e9volutif ? : oui Volume du colis : 1,2 Est-il personnalisable ? : oui Fonction : Multifonction Forme : rectangle Origine : Shunde, Guangdong Mat\u00e9riau : Meubles en panneau de roche<\/p>","protected":false},"featured_media":22074,"comment_status":"open","ping_status":"closed","template":"","meta":[],"product_brand":[],"product_cat":[30971,871],"product_tag":[],"class_list":{"0":"post-21440","1":"product","2":"type-product","3":"status-publish","4":"has-post-thumbnail","6":"product_cat-hp","7":"product_cat-wholesale-kitchen-table","9":"first","10":"instock","11":"taxable","12":"shipping-taxable","13":"purchasable","14":"product-type-variable"},"_links":{"self":[{"href":"https:\/\/nexgendecors.com\/fr\/wp-json\/wp\/v2\/product\/21440","targetHints":{"allow":["GET"]}}],"collection":[{"href":"https:\/\/nexgendecors.com\/fr\/wp-json\/wp\/v2\/product"}],"about":[{"href":"https:\/\/nexgendecors.com\/fr\/wp-json\/wp\/v2\/types\/product"}],"replies":[{"embeddable":true,"href":"https:\/\/nexgendecors.com\/fr\/wp-json\/wp\/v2\/comments?post=21440"}],"version-history":[{"count":0,"href":"https:\/\/nexgendecors.com\/fr\/wp-json\/wp\/v2\/product\/21440\/revisions"}],"wp:featuredmedia":[{"embeddable":true,"href":"https:\/\/nexgendecors.com\/fr\/wp-json\/wp\/v2\/media\/22074"}],"wp:attachment":[{"href":"https:\/\/nexgendecors.com\/fr\/wp-json\/wp\/v2\/media?parent=21440"}],"wp:term":[{"taxonomy":"product_brand","embeddable":true,"href":"https:\/\/nexgendecors.com\/fr\/wp-json\/wp\/v2\/product_brand?post=21440"},{"taxonomy":"product_cat","embeddable":true,"href":"https:\/\/nexgendecors.com\/fr\/wp-json\/wp\/v2\/product_cat?post=21440"},{"taxonomy":"product_tag","embeddable":true,"href":"https:\/\/nexgendecors.com\/fr\/wp-json\/wp\/v2\/product_tag?post=21440"}],"curies":[{"name":"wp","href":"https:\/\/api.w.org\/{rel}","templated":true}]}}