{"id":21460,"date":"2025-01-13T16:15:48","date_gmt":"2025-01-13T16:15:48","guid":{"rendered":"https:\/\/nexgendecors.com\/product\/island-table-integrated-modern-simple-creative-open-multifunctional-rock-plate-custom-restaurant-bar-center-island\/"},"modified":"2025-04-06T07:44:15","modified_gmt":"2025-04-06T07:44:15","slug":"table-ilot-integree-moderne-simple-creative-ouverte-multifonctionnelle-plaque-de-roche-personnalisee-restaurant-bar-ilot-central","status":"publish","type":"product","link":"https:\/\/nexgendecors.com\/fr\/product\/table-ilot-integree-moderne-simple-creative-ouverte-multifonctionnelle-plaque-de-roche-personnalisee-restaurant-bar-ilot-central\/","title":{"rendered":"Table d&#039;\u00eelot multifonctionnelle et \u00e9l\u00e9gante en plaque de roche pour bars"},"content":{"rendered":"<ul>\n<li>\n<strong>style<\/strong>:Classique<\/li>\n<li>\n<strong>marque<\/strong>:Maison<\/li>\n<li>\n<strong>Num\u00e9ro de produit<\/strong>:QMDT-47<\/li>\n<li>\n<strong>Assembler<\/strong>:Assembl\u00e9e<\/li>\n<li>\n<strong>Est-ce \u00e9volutif ?<\/strong>:Oui<\/li>\n<li>\n<strong>volume du colis<\/strong>:1.2<\/li>\n<li>\n<strong>Est-ce personnalisable ?<\/strong>:Oui<\/li>\n<li>\n<strong>Fonction<\/strong>:Multifonction<\/li>\n<li>\n<strong>forme<\/strong>:rectangle<\/li>\n<li>\n<strong>Origine<\/strong>:Shunde, Guangdong<\/li>\n<li>\n<strong>Mat\u00e9riel<\/strong>:Panneau de roche<\/li>\n<li>\n<strong>Structure du meuble<\/strong>:Cadre<\/li>\n<li>\n<strong>Nombre de personnes applicable<\/strong>:Multijoueur<\/li>\n<li>\n<strong>M\u00e9thode de levage<\/strong>:Tirer \u00e0 la main<\/li>\n<li>\n<strong>Zone de livraison et d&#039;installation<\/strong>:\u00c0 l&#039;\u00e9chelle nationale<\/li>\n<li>\n<strong>Mat\u00e9riau de finition<\/strong>:Panneau de roche<\/li>\n<li>\n<strong>trier par couleur<\/strong>:[Piste \u2014 CCTV, exposition, diffusion, produit, marque] Croire au pouvoir de la marque, rejeter les mat\u00e9riaux de qualit\u00e9 inf\u00e9rieure, conception et dessin exclusifs un \u00e0 un, peut prendre en charge diverses personnalisations, version d&#039;entr\u00e9e de gamme 2,58 m\u00e8tres, version d&#039;entr\u00e9e de gamme 2,78 m\u00e8tres, version d&#039;entr\u00e9e de gamme 2,98 m\u00e8tres, version d&#039;entr\u00e9e de gamme 3,18 m\u00e8tres, version am\u00e9lior\u00e9e 2,58 m\u00e8tres [avec prise de taureau], version am\u00e9lior\u00e9e 2,78 m\u00e8tres [avec prise de taureau], version am\u00e9lior\u00e9e 2,98 m\u00e8tres [avec prise de taureau], version am\u00e9lior\u00e9e 3,18 m\u00e8tres [avec prise de taureau], version de luxe 2,58 m\u00e8tres [avec prise de taureau + \u00e9vier + bande lumineuse], version de luxe 2,78 m\u00e8tres [avec prise de taureau + \u00e9vier + bande lumineuse], version de luxe 2,98 m\u00e8tres [avec prise de taureau + \u00e9vier + bande lumineuse], version de luxe 3,18 m\u00e8tres [avec prise de taureau + \u00e9vier + bande lumineuse]<\/li>\n<li>\n<strong><\/strong>:<\/li>\n<\/ul>","protected":false},"excerpt":{"rendered":"<p>Style : Classique Marque : Maison Num\u00e9ro de produit : QMDT-47 Assemblage : Assemblage Est-il \u00e9volutif ? : oui Volume du colis : 1,2 Est-il personnalisable ? : oui Fonction : Multifonction Forme : rectangle Origine : Shunde, Guangdong Mat\u00e9riau : Meubles en panneau de roche<\/p>","protected":false},"featured_media":22093,"comment_status":"open","ping_status":"closed","template":"","meta":[],"product_brand":[],"product_cat":[30971,871],"product_tag":[],"class_list":{"0":"post-21460","1":"product","2":"type-product","3":"status-publish","4":"has-post-thumbnail","6":"product_cat-hp","7":"product_cat-wholesale-kitchen-table","9":"first","10":"instock","11":"taxable","12":"shipping-taxable","13":"purchasable","14":"product-type-variable"},"_links":{"self":[{"href":"https:\/\/nexgendecors.com\/fr\/wp-json\/wp\/v2\/product\/21460","targetHints":{"allow":["GET"]}}],"collection":[{"href":"https:\/\/nexgendecors.com\/fr\/wp-json\/wp\/v2\/product"}],"about":[{"href":"https:\/\/nexgendecors.com\/fr\/wp-json\/wp\/v2\/types\/product"}],"replies":[{"embeddable":true,"href":"https:\/\/nexgendecors.com\/fr\/wp-json\/wp\/v2\/comments?post=21460"}],"version-history":[{"count":0,"href":"https:\/\/nexgendecors.com\/fr\/wp-json\/wp\/v2\/product\/21460\/revisions"}],"wp:featuredmedia":[{"embeddable":true,"href":"https:\/\/nexgendecors.com\/fr\/wp-json\/wp\/v2\/media\/22093"}],"wp:attachment":[{"href":"https:\/\/nexgendecors.com\/fr\/wp-json\/wp\/v2\/media?parent=21460"}],"wp:term":[{"taxonomy":"product_brand","embeddable":true,"href":"https:\/\/nexgendecors.com\/fr\/wp-json\/wp\/v2\/product_brand?post=21460"},{"taxonomy":"product_cat","embeddable":true,"href":"https:\/\/nexgendecors.com\/fr\/wp-json\/wp\/v2\/product_cat?post=21460"},{"taxonomy":"product_tag","embeddable":true,"href":"https:\/\/nexgendecors.com\/fr\/wp-json\/wp\/v2\/product_tag?post=21460"}],"curies":[{"name":"wp","href":"https:\/\/api.w.org\/{rel}","templated":true}]}}