{"id":21544,"date":"2025-01-13T16:15:52","date_gmt":"2025-01-13T16:15:52","guid":{"rendered":"https:\/\/nexgendecors.com\/product\/villa-italian-minimalist-light-luxury-rock-slab-retractable-island-table-dining-table-integrated-bar-feel-small-apartment-mobile-island-table\/"},"modified":"2025-03-08T13:23:06","modified_gmt":"2025-03-08T13:23:06","slug":"villa-italian-minimalist-light-luxury-rock-slab-retractable-island-table-dining-table-integrated-bar-feel-small-apartment-mobile-island-table","status":"publish","type":"product","link":"https:\/\/nexgendecors.com\/fr\/product\/villa-italian-minimalist-light-luxury-rock-slab-retractable-island-table-dining-table-integrated-bar-feel-small-apartment-mobile-island-table\/","title":{"rendered":"Table \u00e0 manger r\u00e9tractable minimaliste italienne Villa"},"content":{"rendered":"<ul>\n<li>\n<strong>marque<\/strong>:M\u00e9galec<\/li>\n<li>\n<strong>Num\u00e9ro de produit<\/strong>:D004<\/li>\n<li>\n<strong>Fonction<\/strong>:personnalisable<\/li>\n<li>\n<strong>Mat\u00e9riel<\/strong>:Panneau de roche<\/li>\n<li>\n<strong>style<\/strong>:Moderne et simple<\/li>\n<li>\n<strong>forme<\/strong>:rectangle<\/li>\n<li>\n<strong>Origine<\/strong>:Foshan<\/li>\n<li>\n<strong>Nombre de personnes applicable<\/strong>:4-8 people<\/li>\n<li>\n<strong>\u00e9l\u00e9ments populaires<\/strong>:Panneau de roche<\/li>\n<li>\n<strong>trier par couleur<\/strong>:Basic 2.38M island dining table [with storage, no socket] (recommended for small apartments with 4 seats) Basic 2.58M island dining table [with storage, no socket] (recommended for small apartments with 4 seats) Basic 2.78M island dining table [with storage, no socket] (recommended for medium apartments with 6 seats) Basic 2.98M island dining table [with storage, no socket] (recommended for large apartments with 8 seats) Upgraded 2.38M island dining table [with storage, telescopic, with socket] (recommended for small apartments with 4 seats) Upgraded 2.58M island dining table [with storage, telescopic, with socket] (recommended for small apartments with 4 seats) Upgraded 2.78M island dining table [with storage, telescopic, with socket] (recommended for medium apartments with 6 seats) Upgraded 2.98M island dining table [with storage, telescopic, with socket] (recommended for large apartments with 8 seats) Deluxe 2.38M island dining table [with storage, telescopic, induction cooker, and socket] Deluxe 2.58M island dining table [with storage, telescopic, induction cooker, and socket] Deluxe 2.78M island dining table [with storage, telescopic, induction cooker, and socket] Deluxe 2.98M island dining table [with storage, telescopic, induction cooker, and socket] Flagship 2.38M island dining table [with storage, telescopic, sink, and socket] Flagship 2.58M island dining table [with storage, telescopic, sink, and socket] Flagship 2.78M island dining table [with storage, telescopic, sink, and socket] Flagship 2.98M island dining table [with storage, telescopic, sink, and socket] Supreme 2.38M island dining table [with storage, telescopic, sink, induction cooker, socket, and light strip] Supreme 2.58M island dining table [with storage, retractable, sink, induction cooker, socket, light strip] Supreme 2.78M island dining table [with storage, retractable, sink, induction cooker, socket, light strip] Supreme 2.98M island dining table [with storage, retractable, sink, induction cooker, socket, light strip] For customization, please contact customer service<\/li>\n<li>\n<strong>Est-ce \u00e9volutif ?<\/strong>:Oui<\/li>\n<li>\n<strong>Est-ce personnalisable ?<\/strong>:Oui<\/li>\n<li>\n<strong>Structure du meuble<\/strong>:Structure en acier<\/li>\n<li>\n<strong>Zone de livraison et d&#039;installation<\/strong>:\u00c0 l&#039;\u00e9chelle nationale<\/li>\n<li>\n<strong>province<\/strong>:autre<\/li>\n<li>\n<strong>Assembler<\/strong>:Oui<\/li>\n<li>\n<strong>volume du colis<\/strong>:3<\/li>\n<li>\n<strong>M\u00e9thode de levage<\/strong>:Tirer \u00e0 la main<\/li>\n<li>\n<strong>Mat\u00e9riau de finition<\/strong>:Panneau de roche<\/li>\n<li>\n<strong><\/strong>:<\/li>\n<\/ul>\n<p><img><\/p>","protected":false},"excerpt":{"rendered":"<p>Marque : Megalec Num\u00e9ro de produit : D004 Fonction : personnalisable Mat\u00e9riau : planche de roche Style : moderne et simple Forme : rectangle Origine : Foshan Nombre de personnes applicable : 4 \u00e0 8 personnes \u00c9l\u00e9ments populaires : planche de roche Trier<\/p>","protected":false},"featured_media":22171,"comment_status":"open","ping_status":"closed","template":"","meta":[],"product_brand":[],"product_cat":[30971,871],"product_tag":[],"class_list":{"0":"post-21544","1":"product","2":"type-product","3":"status-publish","4":"has-post-thumbnail","6":"product_cat-hp","7":"product_cat-wholesale-kitchen-table","9":"first","10":"instock","11":"taxable","12":"shipping-taxable","13":"purchasable","14":"product-type-variable"},"_links":{"self":[{"href":"https:\/\/nexgendecors.com\/fr\/wp-json\/wp\/v2\/product\/21544","targetHints":{"allow":["GET"]}}],"collection":[{"href":"https:\/\/nexgendecors.com\/fr\/wp-json\/wp\/v2\/product"}],"about":[{"href":"https:\/\/nexgendecors.com\/fr\/wp-json\/wp\/v2\/types\/product"}],"replies":[{"embeddable":true,"href":"https:\/\/nexgendecors.com\/fr\/wp-json\/wp\/v2\/comments?post=21544"}],"version-history":[{"count":0,"href":"https:\/\/nexgendecors.com\/fr\/wp-json\/wp\/v2\/product\/21544\/revisions"}],"wp:featuredmedia":[{"embeddable":true,"href":"https:\/\/nexgendecors.com\/fr\/wp-json\/wp\/v2\/media\/22171"}],"wp:attachment":[{"href":"https:\/\/nexgendecors.com\/fr\/wp-json\/wp\/v2\/media?parent=21544"}],"wp:term":[{"taxonomy":"product_brand","embeddable":true,"href":"https:\/\/nexgendecors.com\/fr\/wp-json\/wp\/v2\/product_brand?post=21544"},{"taxonomy":"product_cat","embeddable":true,"href":"https:\/\/nexgendecors.com\/fr\/wp-json\/wp\/v2\/product_cat?post=21544"},{"taxonomy":"product_tag","embeddable":true,"href":"https:\/\/nexgendecors.com\/fr\/wp-json\/wp\/v2\/product_tag?post=21544"}],"curies":[{"name":"wp","href":"https:\/\/api.w.org\/{rel}","templated":true}]}}