{"id":21588,"date":"2025-01-13T16:15:55","date_gmt":"2025-01-13T16:15:55","guid":{"rendered":"https:\/\/nexgendecors.com\/product\/storage-style-household-customizable-multifunctional-high-end-open-kitchen-wood-grain-staggered-island-table-sink-integrated\/"},"modified":"2025-04-06T07:44:27","modified_gmt":"2025-04-06T07:44:27","slug":"style-de-rangement-menage-personnalisable-multifonctionnel-haut-de-gamme-cuisine-ouverte-grain-de-bois-ilot-decale-table-evier-integre","status":"publish","type":"product","link":"https:\/\/nexgendecors.com\/fr\/product\/style-de-rangement-menage-personnalisable-multifonctionnel-haut-de-gamme-cuisine-ouverte-grain-de-bois-ilot-decale-table-evier-integre\/","title":{"rendered":"\u00celot de cuisine de luxe personnalisable en bois avec \u00e9vier"},"content":{"rendered":"<ul>\n<li>\n<strong>marque<\/strong>:M\u00e9galec<\/li>\n<li>\n<strong>Num\u00e9ro de produit<\/strong>:D028-3<\/li>\n<li>\n<strong>Fonction<\/strong>:personnalisable<\/li>\n<li>\n<strong>Mat\u00e9riel<\/strong>:Panneau de roche<\/li>\n<li>\n<strong>style<\/strong>:Moderne et simple<\/li>\n<li>\n<strong>forme<\/strong>:rectangle<\/li>\n<li>\n<strong>Origine<\/strong>:Foshan<\/li>\n<li>\n<strong>Nombre de personnes applicable<\/strong>:4-8<\/li>\n<li>\n<strong>\u00e9l\u00e9ments populaires<\/strong>:Panneau de roche<\/li>\n<li>\n<strong>trier par couleur<\/strong>:Table \u00e0 manger avec \u00eelot de base de 2,38 M [avec rangement, sans prise] (recommand\u00e9e pour les petits appartements de 4 places) Table \u00e0 manger avec \u00eelot de base de 2,58 M [avec rangement, sans prise] (recommand\u00e9e pour les petits appartements de 4 places) Table \u00e0 manger avec \u00eelot de base de 2,78 M [avec rangement, sans prise] (recommand\u00e9e pour les appartements de taille moyenne de 6 places) Table \u00e0 manger avec \u00eelot de base de 2,98 M [avec rangement, sans prise] (recommand\u00e9e pour les grands appartements de 8 places) Table \u00e0 manger avec \u00eelot am\u00e9lior\u00e9e de 2,38 M [avec rangement, t\u00e9lescopique, avec prise] (recommand\u00e9e pour les petits appartements de 4 places) Table \u00e0 manger avec \u00eelot am\u00e9lior\u00e9e de 2,58 M [avec rangement, t\u00e9lescopique, avec prise] (recommand\u00e9e pour les petits appartements de 4 places) Table \u00e0 manger avec \u00eelot am\u00e9lior\u00e9e de 2,78 M [avec rangement, t\u00e9lescopique, avec prise] (recommand\u00e9e pour les appartements de taille moyenne de 6 places) Table \u00e0 manger avec \u00eelot am\u00e9lior\u00e9e de 2,98 M [avec rangement, t\u00e9lescopique, avec [prise] (recommand\u00e9 pour les grands appartements de 8 places) Table \u00e0 manger Deluxe 2,38 M avec \u00eelot [avec rangement, t\u00e9lescopique, plaque \u00e0 induction et prise] (recommand\u00e9 pour les petits appartements de 4 places) Table \u00e0 manger Deluxe 2,58 M avec \u00eelot [avec rangement, t\u00e9lescopique, plaque \u00e0 induction et prise] (recommand\u00e9 pour les petits appartements de 4 places) Table \u00e0 manger Deluxe 2,78 M avec \u00eelot [avec rangement, t\u00e9lescopique, plaque \u00e0 induction et prise] (recommand\u00e9 pour les appartements de taille moyenne de 6 places) Table \u00e0 manger Deluxe 2,98 M avec \u00eelot [avec rangement, t\u00e9lescopique, plaque \u00e0 induction et prise] (recommand\u00e9 pour les grands appartements de 8 places) Table \u00e0 manger Flagship 2,38 M avec \u00eelot [avec rangement, t\u00e9lescopique, \u00e9vier et prise] (recommand\u00e9 pour les petits appartements de 4 places) Table \u00e0 manger Flagship 2,58 M avec \u00eelot [avec rangement, t\u00e9lescopique, \u00e9vier et prise] (recommand\u00e9 pour les petits appartements de 4 places) Flagship 2,78 M avec \u00eelot Table \u00e0 manger [avec rangement, t\u00e9lescopique, \u00e9vier et prise] (recommand\u00e9e pour les appartements de taille moyenne avec 6 places) Table \u00e0 manger avec \u00eelot Flagship 2,98 M [avec rangement, t\u00e9lescopique, \u00e9vier et prise] (recommand\u00e9e pour les grands appartements avec 8 places) Table \u00e0 manger avec \u00eelot Supreme 2,38 M [avec rangement, t\u00e9lescopique, \u00e9vier, plaque \u00e0 induction, prise et bande lumineuse] (recommand\u00e9e pour les petits appartements avec 4 places) Table \u00e0 manger avec \u00eelot Supreme 2,58 M [avec rangement, t\u00e9lescopique, \u00e9vier, plaque \u00e0 induction, prise et bande lumineuse] (recommand\u00e9e pour les petits appartements avec 4 places) Table \u00e0 manger avec \u00eelot Supreme 2,78 M [avec rangement, t\u00e9lescopique, \u00e9vier, plaque \u00e0 induction, prise et bande lumineuse] (recommand\u00e9e pour les appartements de taille moyenne avec 6 places) Table \u00e0 manger avec \u00eelot Supreme 2,98 M [avec rangement, t\u00e9lescopique, \u00e9vier, plaque \u00e0 induction, prise et bande lumineuse] (recommand\u00e9e pour les grands appartements avec 8 places) Pour la personnalisation, veuillez contacter le service client<\/li>\n<li>\n<strong>Est-ce \u00e9volutif ?<\/strong>:Non<\/li>\n<li>\n<strong>Est-ce personnalisable ?<\/strong>:Oui<\/li>\n<li>\n<strong>Structure du meuble<\/strong>:Structure en acier<\/li>\n<li>\n<strong>Zone de livraison et d&#039;installation<\/strong>:\u00c0 l&#039;\u00e9chelle nationale<\/li>\n<li>\n<strong>province<\/strong>:Province du Guangdong<\/li>\n<li>\n<strong>Assembler<\/strong>:Assembl\u00e9e<\/li>\n<li>\n<strong>volume du colis<\/strong>:3<\/li>\n<li>\n<strong>M\u00e9thode de levage<\/strong>:Tirer \u00e0 la main<\/li>\n<li>\n<strong>Mat\u00e9riau de finition<\/strong>:Panneau de roche<\/li>\n<li>\n<strong><\/strong>:<\/li>\n<\/ul>","protected":false},"excerpt":{"rendered":"<p>Marque : Megalec Num\u00e9ro de produit : D028-3 Fonction : personnalisable Mat\u00e9riau : planche de roche Style : moderne et simple Forme : rectangle Origine : Foshan Nombre de personnes applicable : 4-8 \u00c9l\u00e9ments populaires : planche de roche Trier par<\/p>","protected":false},"featured_media":22198,"comment_status":"open","ping_status":"closed","template":"","meta":[],"product_brand":[],"product_cat":[30971,871],"product_tag":[],"class_list":{"0":"post-21588","1":"product","2":"type-product","3":"status-publish","4":"has-post-thumbnail","6":"product_cat-hp","7":"product_cat-wholesale-kitchen-table","9":"first","10":"instock","11":"taxable","12":"shipping-taxable","13":"purchasable","14":"product-type-variable"},"_links":{"self":[{"href":"https:\/\/nexgendecors.com\/fr\/wp-json\/wp\/v2\/product\/21588","targetHints":{"allow":["GET"]}}],"collection":[{"href":"https:\/\/nexgendecors.com\/fr\/wp-json\/wp\/v2\/product"}],"about":[{"href":"https:\/\/nexgendecors.com\/fr\/wp-json\/wp\/v2\/types\/product"}],"replies":[{"embeddable":true,"href":"https:\/\/nexgendecors.com\/fr\/wp-json\/wp\/v2\/comments?post=21588"}],"version-history":[{"count":0,"href":"https:\/\/nexgendecors.com\/fr\/wp-json\/wp\/v2\/product\/21588\/revisions"}],"wp:featuredmedia":[{"embeddable":true,"href":"https:\/\/nexgendecors.com\/fr\/wp-json\/wp\/v2\/media\/22198"}],"wp:attachment":[{"href":"https:\/\/nexgendecors.com\/fr\/wp-json\/wp\/v2\/media?parent=21588"}],"wp:term":[{"taxonomy":"product_brand","embeddable":true,"href":"https:\/\/nexgendecors.com\/fr\/wp-json\/wp\/v2\/product_brand?post=21588"},{"taxonomy":"product_cat","embeddable":true,"href":"https:\/\/nexgendecors.com\/fr\/wp-json\/wp\/v2\/product_cat?post=21588"},{"taxonomy":"product_tag","embeddable":true,"href":"https:\/\/nexgendecors.com\/fr\/wp-json\/wp\/v2\/product_tag?post=21588"}],"curies":[{"name":"wp","href":"https:\/\/api.w.org\/{rel}","templated":true}]}}