{"id":21610,"date":"2025-01-13T16:15:56","date_gmt":"2025-01-13T16:15:56","guid":{"rendered":"https:\/\/nexgendecors.com\/product\/medieval-style-bar-table-home-high-end-partition-sink-cooking-custom-open-kitchen-rock-plate-island\/"},"modified":"2025-04-06T07:44:30","modified_gmt":"2025-04-06T07:44:30","slug":"medieval-style-bar-table-home-high-end-partition-sink-cooking-custom-open-kitchen-rock-plate-island","status":"publish","type":"product","link":"https:\/\/nexgendecors.com\/fr\/product\/medieval-style-bar-table-home-high-end-partition-sink-cooking-custom-open-kitchen-rock-plate-island\/","title":{"rendered":"Table de bar m\u00e9di\u00e9vale avec \u00eelot en pierre \u2013 Design haut de gamme"},"content":{"rendered":"<ul>\n<li>\n<strong>style<\/strong>:Style m\u00e9di\u00e9val<\/li>\n<li>\n<strong>marque<\/strong>:M\u00e9galec<\/li>\n<li>\n<strong>Num\u00e9ro de produit<\/strong>:D075<\/li>\n<li>\n<strong>Est-ce personnalisable ?<\/strong>:Oui<\/li>\n<li>\n<strong>Origine<\/strong>:Foshan<\/li>\n<li>\n<strong>Assembler<\/strong>:Oui<\/li>\n<li>\n<strong>Mat\u00e9riel<\/strong>:Rock board + solid wood multilayer board<\/li>\n<li>\n<strong>Est-ce \u00e9volutif ?<\/strong>:Non<\/li>\n<li>\n<strong>Nombre de personnes applicable<\/strong>:8<\/li>\n<li>\n<strong>province<\/strong>:Province du Guangdong<\/li>\n<li>\n<strong>M\u00e9thode de levage<\/strong>:Tirer \u00e0 la main<\/li>\n<li>\n<strong>Mat\u00e9riau de finition<\/strong>:Panneau de roche<\/li>\n<li>\n<strong>trier par couleur<\/strong>:Entry-level 2.0-meter integrated bar island [with double-sided storage, drawers, and no sockets] Entry-level 2.4-meter integrated bar island [with double-sided storage, drawers, and no sockets] Entry-level 2.7-meter integrated bar island [with double-sided storage, drawers, and no sockets] Lift-type socket 2.0-meter integrated bar island [with double-sided storage, drawers, and lifting sockets] Lift-type socket 2.4-meter integrated bar island [with double-sided storage, drawers, and lifting sockets] Lift-type socket 2.7-meter integrated bar island [with double-sided storage, drawers, and lifting sockets] Sink 2.0-meter integrated bar island [with double-sided storage, drawers, and sink] Sink 2.4-meter integrated bar island [with double-sided storage, drawers, and sink] Sink 2.7-meter integrated bar island [with double-sided storage, drawers, and sink] Ultra 2.0m integrated bar island [with double-sided storage, drawers, sink, lift socket, light strip] Ultra 2.4m integrated bar island [with double-sided storage, drawers, sink, lift socket, light strip] Ultra 2.7m integrated bar island [with double-sided storage, drawers, sink, lift socket, light strip] Consult for a variety of functions and can be customized 1V1 designer to draw<\/li>\n<li>\n<strong><\/strong>:<\/li>\n<\/ul>\n<p><img><\/p>","protected":false},"excerpt":{"rendered":"<p>Style : style m\u00e9di\u00e9val Marque : Megalec Num\u00e9ro de produit : D075 Est-il personnalisable ? : oui Origine : Foshan Assemblage : oui Mat\u00e9riau : panneau de roche + panneau multicouche en bois massif Est-il \u00e9volutif ? : non<\/p>","protected":false},"featured_media":22210,"comment_status":"open","ping_status":"closed","template":"","meta":[],"product_brand":[],"product_cat":[30971,871],"product_tag":[],"class_list":{"0":"post-21610","1":"product","2":"type-product","3":"status-publish","4":"has-post-thumbnail","6":"product_cat-hp","7":"product_cat-wholesale-kitchen-table","9":"first","10":"instock","11":"taxable","12":"shipping-taxable","13":"purchasable","14":"product-type-variable"},"_links":{"self":[{"href":"https:\/\/nexgendecors.com\/fr\/wp-json\/wp\/v2\/product\/21610","targetHints":{"allow":["GET"]}}],"collection":[{"href":"https:\/\/nexgendecors.com\/fr\/wp-json\/wp\/v2\/product"}],"about":[{"href":"https:\/\/nexgendecors.com\/fr\/wp-json\/wp\/v2\/types\/product"}],"replies":[{"embeddable":true,"href":"https:\/\/nexgendecors.com\/fr\/wp-json\/wp\/v2\/comments?post=21610"}],"version-history":[{"count":0,"href":"https:\/\/nexgendecors.com\/fr\/wp-json\/wp\/v2\/product\/21610\/revisions"}],"wp:featuredmedia":[{"embeddable":true,"href":"https:\/\/nexgendecors.com\/fr\/wp-json\/wp\/v2\/media\/22210"}],"wp:attachment":[{"href":"https:\/\/nexgendecors.com\/fr\/wp-json\/wp\/v2\/media?parent=21610"}],"wp:term":[{"taxonomy":"product_brand","embeddable":true,"href":"https:\/\/nexgendecors.com\/fr\/wp-json\/wp\/v2\/product_brand?post=21610"},{"taxonomy":"product_cat","embeddable":true,"href":"https:\/\/nexgendecors.com\/fr\/wp-json\/wp\/v2\/product_cat?post=21610"},{"taxonomy":"product_tag","embeddable":true,"href":"https:\/\/nexgendecors.com\/fr\/wp-json\/wp\/v2\/product_tag?post=21610"}],"curies":[{"name":"wp","href":"https:\/\/api.w.org\/{rel}","templated":true}]}}