{"id":21624,"date":"2025-01-13T16:15:56","date_gmt":"2025-01-13T16:15:56","guid":{"rendered":"https:\/\/nexgendecors.com\/product\/island-table-dining-table-integrated-household-rock-slab-french-light-luxury-island-cabinet-can-be-customized-retractable-small-kitchen-bar\/"},"modified":"2025-04-06T07:44:34","modified_gmt":"2025-04-06T07:44:34","slug":"table-a-manger-avec-ilot-integre-dalle-de-roche-pour-la-maison-meuble-de-luxe-avec-eclairage-francais-personnalisable-petit-bar-de-cuisine-retractable","status":"publish","type":"product","link":"https:\/\/nexgendecors.com\/fr\/product\/table-a-manger-avec-ilot-integre-dalle-de-roche-pour-la-maison-meuble-de-luxe-avec-eclairage-francais-personnalisable-petit-bar-de-cuisine-retractable\/","title":{"rendered":"Table \u00e0 manger int\u00e9gr\u00e9e de luxe avec \u00eelot fran\u00e7ais"},"content":{"rendered":"<ul>\n<li>\n<strong>marque<\/strong>:M\u00e9galec<\/li>\n<li>\n<strong>Num\u00e9ro de produit<\/strong>:D066<\/li>\n<li>\n<strong>Fonction<\/strong>:personnalisable<\/li>\n<li>\n<strong>Mat\u00e9riel<\/strong>:Panneau de roche<\/li>\n<li>\n<strong>style<\/strong>:Style minimaliste naturel<\/li>\n<li>\n<strong>forme<\/strong>:rectangle<\/li>\n<li>\n<strong>Origine<\/strong>:Foshan<\/li>\n<li>\n<strong>Nombre de personnes applicable<\/strong>:Multijoueur<\/li>\n<li>\n<strong>\u00e9l\u00e9ments populaires<\/strong>:Panneau de roche<\/li>\n<li>\n<strong>trier par couleur<\/strong>:[Mod\u00e8le de base] Nouvelle table \u00e0 manger avec \u00eelot de 2,58 m en panneau de roche antibact\u00e9rien \u00e0 technologie nano-ions d&#039;argent am\u00e9lior\u00e9e (avec rangement, sans prises, sans bandes lumineuses) [Mod\u00e8le de base] Nouvelle table \u00e0 manger avec \u00eelot de 2,78 m en panneau de roche antibact\u00e9rien \u00e0 technologie nano-ions d&#039;argent am\u00e9lior\u00e9e (avec rangement, sans prises, sans bandes lumineuses) [Mod\u00e8le de base] Nouvelle table \u00e0 manger avec \u00eelot de 2,98 m en panneau de roche antibact\u00e9rien \u00e0 technologie nano-ions d&#039;argent am\u00e9lior\u00e9e (avec rangement, sans prises, sans bandes lumineuses) [Mod\u00e8le de base] Nouvelle table \u00e0 manger avec \u00eelot de 3,18 m en panneau de roche antibact\u00e9rien \u00e0 technologie nano-ions d&#039;argent am\u00e9lior\u00e9e (avec rangement, sans prises, sans bandes lumineuses) [Mod\u00e8le am\u00e9lior\u00e9] Nouvelle table \u00e0 manger avec \u00eelot de 2,58 m en panneau de roche antibact\u00e9rien \u00e0 technologie nano-ions d&#039;argent am\u00e9lior\u00e9e (avec rangement, prises, bandes lumineuses) [Mod\u00e8le am\u00e9lior\u00e9] Nouvelle table \u00e0 manger avec \u00eelot de 2,78 m en panneau de roche antibact\u00e9rien \u00e0 technologie nano-ions d&#039;argent am\u00e9lior\u00e9e (avec rangement, prises, bandes lumineuses) [Am\u00e9lior\u00e9 [mod\u00e8le] Nouvelle table \u00e0 manger avec \u00eelot de 2,98 m avec plateau en pierre antibact\u00e9rien et technologie nano-ions argent am\u00e9lior\u00e9e (avec rangement, prises, bandes lumineuses) [Version am\u00e9lior\u00e9e] Nouvelle table \u00e0 manger avec \u00eelot de 3,18 m avec plateau en pierre antibact\u00e9rien et technologie nano-ions argent am\u00e9lior\u00e9e (avec rangement, prise, bande lumineuse) [Version Deluxe] Nouvelle table \u00e0 manger avec \u00eelot de 2,58 m avec plateau en pierre antibact\u00e9rien et technologie nano-ions argent am\u00e9lior\u00e9e (avec rangement, prise, plaque \u00e0 induction, bande lumineuse) [Version Deluxe] Nouvelle table \u00e0 manger avec \u00eelot de 2,78 m avec plateau en pierre antibact\u00e9rien et technologie nano-ions argent am\u00e9lior\u00e9e (avec rangement, prise, plaque \u00e0 induction, bande lumineuse) [Version Deluxe] Nouvelle table \u00e0 manger avec \u00eelot de 2,98 m avec plateau en pierre antibact\u00e9rien et technologie nano-ions argent am\u00e9lior\u00e9e (avec rangement, prise, plaque \u00e0 induction, bande lumineuse) [Version Deluxe] Nouvelle table \u00e0 manger avec \u00eelot de 3,18 m avec plateau en pierre antibact\u00e9rien et technologie nano-ions argent am\u00e9lior\u00e9e (avec rangement, prise, plaque \u00e0 induction, bande lumineuse) [Version phare] Nouvelle version am\u00e9lior\u00e9e Table \u00e0 manger en \u00eelot de 2,58 m avec technologie nano-ions argent antibact\u00e9rienne (avec rangement, prise, cuisini\u00e8re \u00e0 induction, robinet d&#039;\u00e9vier, bande lumineuse) [Flagship] Table \u00e0 manger en \u00eelot de 2,78 m avec technologie nano-ions argent antibact\u00e9rienne (avec rangement, prise, cuisini\u00e8re \u00e0 induction, robinet d&#039;\u00e9vier, bande lumineuse) [Flagship] Table \u00e0 manger en \u00eelot de 2,98 m avec technologie nano-ions argent antibact\u00e9rienne (avec rangement, prise, cuisini\u00e8re \u00e0 induction, robinet d&#039;\u00e9vier, bande lumineuse) [Flagship] Table \u00e0 manger en \u00eelot de 3,18 m avec technologie nano-ions argent antibact\u00e9rienne (avec rangement, prise, cuisini\u00e8re \u00e0 induction, robinet d&#039;\u00e9vier, bande lumineuse) Fabricant source, garantie de dix ans, personnalisation de support selon les dessins<\/li>\n<li>\n<strong>Est-ce \u00e9volutif ?<\/strong>:Oui<\/li>\n<li>\n<strong>Est-ce personnalisable ?<\/strong>:Oui<\/li>\n<li>\n<strong>Structure du meuble<\/strong>:Cadre<\/li>\n<li>\n<strong>Zone de livraison et d&#039;installation<\/strong>:\u00c0 l&#039;\u00e9chelle nationale<\/li>\n<li>\n<strong>province<\/strong>:Province du Guangdong<\/li>\n<li>\n<strong>Assembler<\/strong>:Assembl\u00e9e<\/li>\n<li>\n<strong>volume du colis<\/strong>:3<\/li>\n<li>\n<strong>M\u00e9thode de levage<\/strong>:Tirer \u00e0 la main<\/li>\n<li>\n<strong>Mat\u00e9riau de finition<\/strong>:Panneau de roche<\/li>\n<li>\n<strong><\/strong>:<\/li>\n<\/ul>","protected":false},"excerpt":{"rendered":"<p>Marque : Megalec Num\u00e9ro de produit : D066 Fonction : personnalisable Mat\u00e9riau : planche \u00e0 roche Style : style minimaliste naturel Forme : rectangle Origine : Foshan Nombre de personnes applicable : multijoueur \u00c9l\u00e9ments populaires : planche \u00e0 roche Trier par<\/p>","protected":false},"featured_media":22223,"comment_status":"open","ping_status":"closed","template":"","meta":[],"product_brand":[],"product_cat":[30971,871],"product_tag":[],"class_list":{"0":"post-21624","1":"product","2":"type-product","3":"status-publish","4":"has-post-thumbnail","6":"product_cat-hp","7":"product_cat-wholesale-kitchen-table","9":"first","10":"instock","11":"taxable","12":"shipping-taxable","13":"purchasable","14":"product-type-variable"},"_links":{"self":[{"href":"https:\/\/nexgendecors.com\/fr\/wp-json\/wp\/v2\/product\/21624","targetHints":{"allow":["GET"]}}],"collection":[{"href":"https:\/\/nexgendecors.com\/fr\/wp-json\/wp\/v2\/product"}],"about":[{"href":"https:\/\/nexgendecors.com\/fr\/wp-json\/wp\/v2\/types\/product"}],"replies":[{"embeddable":true,"href":"https:\/\/nexgendecors.com\/fr\/wp-json\/wp\/v2\/comments?post=21624"}],"version-history":[{"count":0,"href":"https:\/\/nexgendecors.com\/fr\/wp-json\/wp\/v2\/product\/21624\/revisions"}],"wp:featuredmedia":[{"embeddable":true,"href":"https:\/\/nexgendecors.com\/fr\/wp-json\/wp\/v2\/media\/22223"}],"wp:attachment":[{"href":"https:\/\/nexgendecors.com\/fr\/wp-json\/wp\/v2\/media?parent=21624"}],"wp:term":[{"taxonomy":"product_brand","embeddable":true,"href":"https:\/\/nexgendecors.com\/fr\/wp-json\/wp\/v2\/product_brand?post=21624"},{"taxonomy":"product_cat","embeddable":true,"href":"https:\/\/nexgendecors.com\/fr\/wp-json\/wp\/v2\/product_cat?post=21624"},{"taxonomy":"product_tag","embeddable":true,"href":"https:\/\/nexgendecors.com\/fr\/wp-json\/wp\/v2\/product_tag?post=21624"}],"curies":[{"name":"wp","href":"https:\/\/api.w.org\/{rel}","templated":true}]}}