{"id":21642,"date":"2025-01-13T16:15:57","date_gmt":"2025-01-13T16:15:57","guid":{"rendered":"https:\/\/nexgendecors.com\/product\/medieval-retro-high-grade-wood-grain-rock-plate-island-dining-table-home-multi-functional-integrated-island-table-can-be-customized\/"},"modified":"2025-04-06T07:44:38","modified_gmt":"2025-04-06T07:44:38","slug":"table-a-manger-medievale-retro-en-bois-de-haute-qualite-avec-plaque-de-roche-et-grain-de-bois-table-a-manger-multifonctionnelle-integree-pour-la-maison-personnalisable","status":"publish","type":"product","link":"https:\/\/nexgendecors.com\/fr\/product\/table-a-manger-medievale-retro-en-bois-de-haute-qualite-avec-plaque-de-roche-et-grain-de-bois-table-a-manger-multifonctionnelle-integree-pour-la-maison-personnalisable\/","title":{"rendered":"Table \u00e0 manger m\u00e9di\u00e9vale personnalisable en grain de bois"},"content":{"rendered":"<ul>\n<li>\n<strong>marque<\/strong>:M\u00e9galec<\/li>\n<li>\n<strong>Fonction<\/strong>:personnalisable<\/li>\n<li>\n<strong>Mat\u00e9riel<\/strong>:Panneau de roche<\/li>\n<li>\n<strong>style<\/strong>:Simple et moderne<\/li>\n<li>\n<strong>Origine<\/strong>:Foshan<\/li>\n<li>\n<strong>Nombre de personnes applicable<\/strong>:5-8 personnes<\/li>\n<li>\n<strong>\u00e9l\u00e9ments populaires<\/strong>:Panneau de roche<\/li>\n<li>\n<strong>trier par couleur<\/strong>:Table \u00e0 manger avec \u00eelot de base de 2,38 M [avec rangement, sans prise] (recommand\u00e9e pour les petits appartements de 4 places) Table \u00e0 manger avec \u00eelot de base de 2,58 M [avec rangement, sans prise] (recommand\u00e9e pour les petits appartements de 4 places) Table \u00e0 manger avec \u00eelot de base de 2,78 M [avec rangement, sans prise] (recommand\u00e9e pour les appartements de taille moyenne de 6 places) Table \u00e0 manger avec \u00eelot de base de 2,98 M [avec rangement, sans prise] (recommand\u00e9e pour les grands appartements de 8 places) Table \u00e0 manger avec \u00eelot am\u00e9lior\u00e9e de 2,38 M [avec rangement, t\u00e9lescopique, avec prise] (recommand\u00e9e pour les petits appartements de 4 places) Table \u00e0 manger avec \u00eelot am\u00e9lior\u00e9e de 2,58 M [avec rangement, t\u00e9lescopique, avec prise] (recommand\u00e9e pour les petits appartements de 4 places) Table \u00e0 manger avec \u00eelot am\u00e9lior\u00e9e de 2,78 M [avec rangement, t\u00e9lescopique, avec prise] (recommand\u00e9e pour les appartements de taille moyenne de 6 places) Table \u00e0 manger avec \u00eelot am\u00e9lior\u00e9e de 2,98 M [avec rangement, t\u00e9lescopique, avec [prise] (recommand\u00e9 pour les grands appartements de 8 places) Table \u00e0 manger Deluxe 2,38 M avec \u00eelot [avec rangement, t\u00e9lescopique, plaque \u00e0 induction et prise] (recommand\u00e9 pour les petits appartements de 4 places) Table \u00e0 manger Deluxe 2,58 M avec \u00eelot [avec rangement, t\u00e9lescopique, plaque \u00e0 induction et prise] (recommand\u00e9 pour les petits appartements de 4 places) Table \u00e0 manger Deluxe 2,78 M avec \u00eelot [avec rangement, t\u00e9lescopique, plaque \u00e0 induction et prise] (recommand\u00e9 pour les appartements de taille moyenne de 6 places) Table \u00e0 manger Deluxe 2,98 M avec \u00eelot [avec rangement, t\u00e9lescopique, plaque \u00e0 induction et prise] (recommand\u00e9 pour les grands appartements de 8 places) Table \u00e0 manger Flagship 2,38 M avec \u00eelot [avec rangement, t\u00e9lescopique, \u00e9vier et prise] (recommand\u00e9 pour les petits appartements de 4 places) Table \u00e0 manger Flagship 2,58 M avec \u00eelot [avec rangement, t\u00e9lescopique, \u00e9vier et prise] (recommand\u00e9 pour les petits appartements de 4 places) Flagship 2,78 M avec \u00eelot Table \u00e0 manger [avec rangement, t\u00e9lescopique, \u00e9vier et prise] (recommand\u00e9e pour les appartements de taille moyenne avec 6 places) Table \u00e0 manger avec \u00eelot Flagship 2,98 M [avec rangement, t\u00e9lescopique, \u00e9vier et prise] (recommand\u00e9e pour les grands appartements avec 8 places) Table \u00e0 manger avec \u00eelot Supreme 2,38 M [avec rangement, t\u00e9lescopique, \u00e9vier, plaque \u00e0 induction, prise et bande lumineuse] (recommand\u00e9e pour les petits appartements avec 4 places) Table \u00e0 manger avec \u00eelot Supreme 2,58 M [avec rangement, t\u00e9lescopique, \u00e9vier, plaque \u00e0 induction, prise et bande lumineuse] (recommand\u00e9e pour les petits appartements avec 4 places) Table \u00e0 manger avec \u00eelot Supreme 2,78 M [avec rangement, t\u00e9lescopique, \u00e9vier, plaque \u00e0 induction, prise et bande lumineuse] (recommand\u00e9e pour les appartements de taille moyenne avec 6 places) Table \u00e0 manger avec \u00eelot Supreme 2,98 M [avec rangement, t\u00e9lescopique, \u00e9vier, plaque \u00e0 induction, prise et bande lumineuse] (recommand\u00e9e pour les grands appartements avec 8 places) Pour la personnalisation, veuillez contacter le service client<\/li>\n<li>\n<strong>Est-ce \u00e9volutif ?<\/strong>:Oui<\/li>\n<li>\n<strong>Est-ce personnalisable ?<\/strong>:Oui<\/li>\n<li>\n<strong>Zone de livraison et d&#039;installation<\/strong>:\u00c0 l&#039;\u00e9chelle nationale<\/li>\n<li>\n<strong>province<\/strong>:Guangdong<\/li>\n<li>\n<strong>Assembler<\/strong>:Assembl\u00e9e<\/li>\n<li>\n<strong>volume du colis<\/strong>:3<\/li>\n<li>\n<strong>M\u00e9thode de levage<\/strong>:Tirer \u00e0 la main<\/li>\n<li>\n<strong>Mat\u00e9riau de finition<\/strong>:Panneau de roche<\/li>\n<\/ul>\n<p><img><\/p>","protected":false},"excerpt":{"rendered":"<p>Marque : Megalec Fonction : personnalisable Mat\u00e9riau : planche \u00e0 roche Style : simple et moderne Origine : Foshan Nombre de personnes applicable : 5 \u00e0 8 personnes \u00c9l\u00e9ments populaires : planche \u00e0 roche Trier par couleur : basique 2,38 M<\/p>","protected":false},"featured_media":22227,"comment_status":"open","ping_status":"closed","template":"","meta":[],"product_brand":[],"product_cat":[30971,871],"product_tag":[],"class_list":{"0":"post-21642","1":"product","2":"type-product","3":"status-publish","4":"has-post-thumbnail","6":"product_cat-hp","7":"product_cat-wholesale-kitchen-table","9":"first","10":"instock","11":"taxable","12":"shipping-taxable","13":"purchasable","14":"product-type-variable"},"_links":{"self":[{"href":"https:\/\/nexgendecors.com\/fr\/wp-json\/wp\/v2\/product\/21642","targetHints":{"allow":["GET"]}}],"collection":[{"href":"https:\/\/nexgendecors.com\/fr\/wp-json\/wp\/v2\/product"}],"about":[{"href":"https:\/\/nexgendecors.com\/fr\/wp-json\/wp\/v2\/types\/product"}],"replies":[{"embeddable":true,"href":"https:\/\/nexgendecors.com\/fr\/wp-json\/wp\/v2\/comments?post=21642"}],"version-history":[{"count":0,"href":"https:\/\/nexgendecors.com\/fr\/wp-json\/wp\/v2\/product\/21642\/revisions"}],"wp:featuredmedia":[{"embeddable":true,"href":"https:\/\/nexgendecors.com\/fr\/wp-json\/wp\/v2\/media\/22227"}],"wp:attachment":[{"href":"https:\/\/nexgendecors.com\/fr\/wp-json\/wp\/v2\/media?parent=21642"}],"wp:term":[{"taxonomy":"product_brand","embeddable":true,"href":"https:\/\/nexgendecors.com\/fr\/wp-json\/wp\/v2\/product_brand?post=21642"},{"taxonomy":"product_cat","embeddable":true,"href":"https:\/\/nexgendecors.com\/fr\/wp-json\/wp\/v2\/product_cat?post=21642"},{"taxonomy":"product_tag","embeddable":true,"href":"https:\/\/nexgendecors.com\/fr\/wp-json\/wp\/v2\/product_tag?post=21642"}],"curies":[{"name":"wp","href":"https:\/\/api.w.org\/{rel}","templated":true}]}}