{"id":21704,"date":"2025-01-13T16:16:01","date_gmt":"2025-01-13T16:16:01","guid":{"rendered":"https:\/\/nexgendecors.com\/product\/simple-and-light-luxury-suspended-full-rock-plate-island-bar-high-end-multifunctional-large-storage-open-kitchen-can-be-customized\/"},"modified":"2025-03-08T13:22:57","modified_gmt":"2025-03-08T13:22:57","slug":"simple-and-light-luxury-suspended-full-rock-plate-island-bar-high-end-multifunctional-large-storage-open-kitchen-can-be-customized","status":"publish","type":"product","link":"https:\/\/nexgendecors.com\/fr\/product\/simple-and-light-luxury-suspended-full-rock-plate-island-bar-high-end-multifunctional-large-storage-open-kitchen-can-be-customized\/","title":{"rendered":"Bar suspendu de luxe avec \u00eelot central et rangement personnalis\u00e9"},"content":{"rendered":"<ul>\n<li>\n<strong>marque<\/strong>:M\u00e9galec<\/li>\n<li>\n<strong>mod\u00e8le<\/strong>:D046-2<\/li>\n<li>\n<strong>Mat\u00e9riel<\/strong>:autre<\/li>\n<li>\n<strong>mod\u00e8le<\/strong>:LOGO DE LA MARQUE<\/li>\n<li>\n<strong>style<\/strong>:Simple et moderne<\/li>\n<li>\n<strong>Installation<\/strong>:Assembl\u00e9e<\/li>\n<li>\n<strong>\u00e9l\u00e9ments populaires<\/strong>:Distressed Other Mortise and Tenon Logs Antique Master Design Special Shape Hand-painted Splicing Folk Roman Column Rattan Metal Gold Foil Silver Foil Mirror Carving<\/li>\n<li>\n<strong>trier par couleur<\/strong>:Newly upgraded nano silver ion technology antibacterial rock board 2.0m center island table (with storage, light strip) Newly upgraded nano silver ion technology antibacterial rock board 2.2m center island table (with storage, light strip) Newly upgraded nano silver ion technology antibacterial rock board 2.4m center island table (with storage, light strip) Newly upgraded nano silver ion technology antibacterial rock board 2.6m center island table (with storage, light strip) Newly upgraded nano silver ion technology antibacterial rock board 2.8m center island table (with storage, light strip) Newly upgraded nano silver ion technology antibacterial rock board 3.0m center island table (with storage, light strip) Source factory, support customized design of any size<\/li>\n<li>\n<strong>Poids brut<\/strong>:300kg<\/li>\n<li>\n<strong>Mat\u00e9riau de finition<\/strong>:Panneau de roche<\/li>\n<li>\n<strong>Technologie structurelle<\/strong>:Artisanat du bois<\/li>\n<li>\n<strong>Technologie des structures en bois<\/strong>:Peeling<\/li>\n<li>\n<strong>Technologie de finition<\/strong>:autre<\/li>\n<li>\n<strong>Est-ce personnalisable ?<\/strong>:Oui<\/li>\n<li>\n<strong>Fonctionnalit\u00e9s suppl\u00e9mentaires<\/strong>:Stockage<\/li>\n<li>\n<strong>Structure du meuble<\/strong>:Cadre<\/li>\n<li>\n<strong>Livraison\/installation disponible<\/strong>:Shanghai Autres P\u00e9kin Nanjing Nanchang Harbin Dalian Tianjin Ningbo Guangzhou Chengdu Hangzhou Wuhan Shenyang Shenzhen Wenzhou Suzhou Xi&#039;an Guiyang Zhengzhou Chongqing Jinhua Changsha Dongguan Fuzhou Qingdao Wuxi Taizhou Changzhou Foshan Xiamen Nanning<\/li>\n<li>\n<strong>Districts et comt\u00e9s<\/strong>:District de Chancheng<\/li>\n<li>\n<strong>volume du colis<\/strong>:2<\/li>\n<li>\n<strong>La pr\u00e9vente est-elle disponible ?<\/strong>:Oui<\/li>\n<li>\n<strong>Un taxi est-il disponible pour le transport ?<\/strong>:Non<\/li>\n<li>\n<strong>Positionnement de style<\/strong>:Qualit\u00e9 Luxe<\/li>\n<li>\n<strong>Instructions d&#039;installation d\u00e9taill\u00e9es<\/strong>:Provide installation instructions Provide installation instruction video Provide simple installation tools<\/li>\n<li>\n<strong><\/strong>:<\/li>\n<\/ul>\n<p><img><\/p>","protected":false},"excerpt":{"rendered":"<p>Marque : Megalec Mod\u00e8le : D046-2 Mat\u00e9riau : autre Motif : LOGO de la marque Style : simple et moderne Installation : assemblage \u00c9l\u00e9ments populaires : vieilli Autre Mortaise et tenon Logs Antique Master Design Special<\/p>","protected":false},"featured_media":22266,"comment_status":"open","ping_status":"closed","template":"","meta":[],"product_brand":[],"product_cat":[30971,871],"product_tag":[],"class_list":{"0":"post-21704","1":"product","2":"type-product","3":"status-publish","4":"has-post-thumbnail","6":"product_cat-hp","7":"product_cat-wholesale-kitchen-table","9":"first","10":"instock","11":"taxable","12":"shipping-taxable","13":"purchasable","14":"product-type-variable"},"_links":{"self":[{"href":"https:\/\/nexgendecors.com\/fr\/wp-json\/wp\/v2\/product\/21704","targetHints":{"allow":["GET"]}}],"collection":[{"href":"https:\/\/nexgendecors.com\/fr\/wp-json\/wp\/v2\/product"}],"about":[{"href":"https:\/\/nexgendecors.com\/fr\/wp-json\/wp\/v2\/types\/product"}],"replies":[{"embeddable":true,"href":"https:\/\/nexgendecors.com\/fr\/wp-json\/wp\/v2\/comments?post=21704"}],"version-history":[{"count":0,"href":"https:\/\/nexgendecors.com\/fr\/wp-json\/wp\/v2\/product\/21704\/revisions"}],"wp:featuredmedia":[{"embeddable":true,"href":"https:\/\/nexgendecors.com\/fr\/wp-json\/wp\/v2\/media\/22266"}],"wp:attachment":[{"href":"https:\/\/nexgendecors.com\/fr\/wp-json\/wp\/v2\/media?parent=21704"}],"wp:term":[{"taxonomy":"product_brand","embeddable":true,"href":"https:\/\/nexgendecors.com\/fr\/wp-json\/wp\/v2\/product_brand?post=21704"},{"taxonomy":"product_cat","embeddable":true,"href":"https:\/\/nexgendecors.com\/fr\/wp-json\/wp\/v2\/product_cat?post=21704"},{"taxonomy":"product_tag","embeddable":true,"href":"https:\/\/nexgendecors.com\/fr\/wp-json\/wp\/v2\/product_tag?post=21704"}],"curies":[{"name":"wp","href":"https:\/\/api.w.org\/{rel}","templated":true}]}}