{"id":21712,"date":"2025-01-13T16:16:01","date_gmt":"2025-01-13T16:16:01","guid":{"rendered":"https:\/\/nexgendecors.com\/product\/single-island-head-slate-island-dining-table-integrated-western-kitchen-desk-guide-table-cooking-table-sink-water-bar-downturn-customization\/"},"modified":"2025-04-06T07:44:50","modified_gmt":"2025-04-06T07:44:50","slug":"single-island-head-slate-island-dining-table-integrated-western-kitchen-desk-guide-table-cooking-table-sink-water-bar-downturn-customization","status":"publish","type":"product","link":"https:\/\/nexgendecors.com\/fr\/product\/single-island-head-slate-island-dining-table-integrated-western-kitchen-desk-guide-table-cooking-table-sink-water-bar-downturn-customization\/","title":{"rendered":"Table \u00e0 manger en ardoise avec \u00eelot int\u00e9gr\u00e9"},"content":{"rendered":"<ul>\n<li>\n<strong>style<\/strong>:modern<\/li>\n<li>\n<strong>marque<\/strong>:M\u00e9galec<\/li>\n<li>\n<strong>Num\u00e9ro de produit<\/strong>:T001<\/li>\n<li>\n<strong>\u00e9l\u00e9ments populaires<\/strong>:Panneau de roche<\/li>\n<li>\n<strong>Assembler<\/strong>:Oui<\/li>\n<li>\n<strong>Est-ce \u00e9volutif ?<\/strong>:Non<\/li>\n<li>\n<strong>volume du colis<\/strong>:1<\/li>\n<li>\n<strong>Est-ce personnalisable ?<\/strong>:Oui<\/li>\n<li>\n<strong>Fonction<\/strong>:personnalisable<\/li>\n<li>\n<strong>forme<\/strong>:rectangle<\/li>\n<li>\n<strong>Origine<\/strong>:Foshan<\/li>\n<li>\n<strong>Mat\u00e9riel<\/strong>:Panneau de roche<\/li>\n<li>\n<strong>Structure du meuble<\/strong>:Cadre<\/li>\n<li>\n<strong>Nombre de personnes applicable<\/strong>:4-8 people<\/li>\n<li>\n<strong>province<\/strong>:Province du Guangdong<\/li>\n<li>\n<strong>M\u00e9thode de levage<\/strong>:Tirer \u00e0 la main<\/li>\n<li>\n<strong>Zone de livraison et d&#039;installation<\/strong>:\u00c0 l&#039;\u00e9chelle nationale<\/li>\n<li>\n<strong>Mat\u00e9riau de finition<\/strong>:Panneau de roche<\/li>\n<li>\n<strong>trier par couleur<\/strong>:(Basic model in stock) 1M single island [with storage, socket] Upgraded 1M single island [with storage, socket, induction cooker] Deluxe 1M single island [with storage, socket, sink] Flagship 1M single island [with storage, socket, sink, induction cooker] Size and color can be customized<\/li>\n<li>\n<strong><\/strong>:<\/li>\n<\/ul>\n<p><img><\/p>","protected":false},"excerpt":{"rendered":"<p>Style : moderne Marque : Megalec Num\u00e9ro de produit : T001 \u00c9l\u00e9ments populaires : Planche de roche Assembler : oui Est-il \u00e9volutif ? : non Volume du colis : 1 Est-il personnalisable ? : oui Fonction : personnalisable Forme : rectangle Origine : Foshan Mat\u00e9riau : Roche<\/p>","protected":false},"featured_media":22278,"comment_status":"open","ping_status":"closed","template":"","meta":[],"product_brand":[],"product_cat":[30971,871],"product_tag":[],"class_list":{"0":"post-21712","1":"product","2":"type-product","3":"status-publish","4":"has-post-thumbnail","6":"product_cat-hp","7":"product_cat-wholesale-kitchen-table","9":"first","10":"instock","11":"taxable","12":"shipping-taxable","13":"purchasable","14":"product-type-variable"},"_links":{"self":[{"href":"https:\/\/nexgendecors.com\/fr\/wp-json\/wp\/v2\/product\/21712","targetHints":{"allow":["GET"]}}],"collection":[{"href":"https:\/\/nexgendecors.com\/fr\/wp-json\/wp\/v2\/product"}],"about":[{"href":"https:\/\/nexgendecors.com\/fr\/wp-json\/wp\/v2\/types\/product"}],"replies":[{"embeddable":true,"href":"https:\/\/nexgendecors.com\/fr\/wp-json\/wp\/v2\/comments?post=21712"}],"version-history":[{"count":0,"href":"https:\/\/nexgendecors.com\/fr\/wp-json\/wp\/v2\/product\/21712\/revisions"}],"wp:featuredmedia":[{"embeddable":true,"href":"https:\/\/nexgendecors.com\/fr\/wp-json\/wp\/v2\/media\/22278"}],"wp:attachment":[{"href":"https:\/\/nexgendecors.com\/fr\/wp-json\/wp\/v2\/media?parent=21712"}],"wp:term":[{"taxonomy":"product_brand","embeddable":true,"href":"https:\/\/nexgendecors.com\/fr\/wp-json\/wp\/v2\/product_brand?post=21712"},{"taxonomy":"product_cat","embeddable":true,"href":"https:\/\/nexgendecors.com\/fr\/wp-json\/wp\/v2\/product_cat?post=21712"},{"taxonomy":"product_tag","embeddable":true,"href":"https:\/\/nexgendecors.com\/fr\/wp-json\/wp\/v2\/product_tag?post=21712"}],"curies":[{"name":"wp","href":"https:\/\/api.w.org\/{rel}","templated":true}]}}