{"id":21750,"date":"2025-01-13T16:16:04","date_gmt":"2025-01-13T16:16:04","guid":{"rendered":"https:\/\/nexgendecors.com\/product\/island-table-dining-table-integrated-household-wood-grain-rock-plate-antique-style-island-table-customizable-retractable-open-kitchen-downstairs\/"},"modified":"2025-03-08T13:22:32","modified_gmt":"2025-03-08T13:22:32","slug":"table-a-manger-avec-ilot-integre-style-antique-en-bois-avec-plaque-de-pierre-personnalisable-retractable-pour-cuisine-ouverte-en-bas","status":"publish","type":"product","link":"https:\/\/nexgendecors.com\/fr\/product\/table-a-manger-avec-ilot-integre-style-antique-en-bois-avec-plaque-de-pierre-personnalisable-retractable-pour-cuisine-ouverte-en-bas\/","title":{"rendered":"Table \u00e0 manger en bois antique avec plateau en pierre"},"content":{"rendered":"<ul>\n<li>\n<strong>style<\/strong>:Style m\u00e9di\u00e9val<\/li>\n<li>\n<strong>marque<\/strong>:M\u00e9galec<\/li>\n<li>\n<strong>Num\u00e9ro de produit<\/strong>:D068<\/li>\n<li>\n<strong>\u00e9l\u00e9ments populaires<\/strong>:Panneau de roche de style m\u00e9di\u00e9val<\/li>\n<li>\n<strong>Assembler<\/strong>:Oui<\/li>\n<li>\n<strong>Est-ce \u00e9volutif ?<\/strong>:Oui<\/li>\n<li>\n<strong>volume du colis<\/strong>:3<\/li>\n<li>\n<strong>Est-ce personnalisable ?<\/strong>:Oui<\/li>\n<li>\n<strong>Fonction<\/strong>:personnalisable<\/li>\n<li>\n<strong>forme<\/strong>:rectangle<\/li>\n<li>\n<strong>Origine<\/strong>:Foshan<\/li>\n<li>\n<strong>Mat\u00e9riel<\/strong>:Panneau de roche + bois massif multicouche<\/li>\n<li>\n<strong>Structure du meuble<\/strong>:Cadre<\/li>\n<li>\n<strong>Nombre de personnes applicable<\/strong>:Multijoueur<\/li>\n<li>\n<strong>province<\/strong>:Province du Guangdong<\/li>\n<li>\n<strong>M\u00e9thode de levage<\/strong>:Tirer \u00e0 la main<\/li>\n<li>\n<strong>Zone de livraison et d&#039;installation<\/strong>:\u00c0 l&#039;\u00e9chelle nationale<\/li>\n<li>\n<strong>Mat\u00e9riau de finition<\/strong>:Panneau de roche<\/li>\n<li>\n<strong>trier par couleur<\/strong>:[2,2 m 4 personnes petit appartement] 0,8 m \u00eelot + 1,4 m table \u00e0 manger [2,2 m cuisini\u00e8re \u00e0 induction 4 personnes petit appartement] 0,8 m \u00eelot + 1,4 m table \u00e0 manger [2,2 m \u00e9vier 4 personnes petit appartement] 0,8 m \u00eelot + 1,4 m table \u00e0 manger [2,5 m 6 personnes appartement moyen] 0,8 m \u00eelot + 1,7 m table \u00e0 manger [2,5 m cuisini\u00e8re \u00e0 induction 6 personnes appartement moyen] 0,8 m \u00eelot + 1,7 m table \u00e0 manger [2,5 m \u00e9vier 6 personnes appartement moyen] 0,8 m \u00eelot + 1,7 m table \u00e0 manger [2,7 m 6 personnes appartement moyen] 1 m \u00eelot + 1,7 m table \u00e0 manger [2,7 m cuisini\u00e8re \u00e0 induction 6 personnes appartement moyen] 1 m \u00eelot + 1,7 m table \u00e0 manger [2,7 m \u00e9vier 6 personnes appartement moyen] 1 m \u00eelot + 1,7 m table \u00e0 manger [3m 8 personnes grand appartement] 0,8 m \u00eelot + 2,2 m table \u00e0 manger [3m cuisini\u00e8re \u00e0 induction 8 personnes grand appartement] 0,8 m \u00eelot + 2,2 m table \u00e0 manger [3m \u00e9vier 8 personnes grand appartement] 0,8 m \u00eelot + 2,2 m table \u00e0 manger [3,2m 8 personnes grand appartement] 1 m \u00eelot + 2,2 m table \u00e0 manger [3,2m cuisini\u00e8re \u00e0 induction 8 personnes grand appartement] 1 m \u00eelot + 2,2 m table \u00e0 manger [3,2m \u00e9vier 8 personnes grand appartement] 1 m \u00eelot + 2,2 m table \u00e0 manger [3,5m 8 personnes grand appartement] 1,3 m \u00eelot + 2,2 m table \u00e0 manger [3,5m cuisini\u00e8re \u00e0 induction 8 personnes grand appartement] 1,3 m \u00eelot + 2,2 m table \u00e0 manger [3,5m \u00e9vier 8 personnes grand appartement] 1,3 m \u00eelot + 2,2 m table \u00e0 manger Usine source, conception personnalis\u00e9e VIP individuelle<\/li>\n<li>\n<strong><\/strong>:<\/li>\n<\/ul>\n<p><img><\/p>","protected":false},"excerpt":{"rendered":"<p>Style : style m\u00e9di\u00e9val Marque : Megalec Num\u00e9ro de produit : D068 \u00c9l\u00e9ments populaires : planche \u00e0 roche de style m\u00e9di\u00e9val Assembler : oui Est-il \u00e9volutif ? : oui Volume du paquet : 3 Est-il personnalisable ? : oui Fonction : personnalisable<\/p>","protected":false},"featured_media":22334,"comment_status":"open","ping_status":"closed","template":"","meta":[],"product_brand":[],"product_cat":[30971,871],"product_tag":[],"class_list":{"0":"post-21750","1":"product","2":"type-product","3":"status-publish","4":"has-post-thumbnail","6":"product_cat-hp","7":"product_cat-wholesale-kitchen-table","9":"first","10":"instock","11":"taxable","12":"shipping-taxable","13":"purchasable","14":"product-type-variable"},"_links":{"self":[{"href":"https:\/\/nexgendecors.com\/fr\/wp-json\/wp\/v2\/product\/21750","targetHints":{"allow":["GET"]}}],"collection":[{"href":"https:\/\/nexgendecors.com\/fr\/wp-json\/wp\/v2\/product"}],"about":[{"href":"https:\/\/nexgendecors.com\/fr\/wp-json\/wp\/v2\/types\/product"}],"replies":[{"embeddable":true,"href":"https:\/\/nexgendecors.com\/fr\/wp-json\/wp\/v2\/comments?post=21750"}],"version-history":[{"count":0,"href":"https:\/\/nexgendecors.com\/fr\/wp-json\/wp\/v2\/product\/21750\/revisions"}],"wp:featuredmedia":[{"embeddable":true,"href":"https:\/\/nexgendecors.com\/fr\/wp-json\/wp\/v2\/media\/22334"}],"wp:attachment":[{"href":"https:\/\/nexgendecors.com\/fr\/wp-json\/wp\/v2\/media?parent=21750"}],"wp:term":[{"taxonomy":"product_brand","embeddable":true,"href":"https:\/\/nexgendecors.com\/fr\/wp-json\/wp\/v2\/product_brand?post=21750"},{"taxonomy":"product_cat","embeddable":true,"href":"https:\/\/nexgendecors.com\/fr\/wp-json\/wp\/v2\/product_cat?post=21750"},{"taxonomy":"product_tag","embeddable":true,"href":"https:\/\/nexgendecors.com\/fr\/wp-json\/wp\/v2\/product_tag?post=21750"}],"curies":[{"name":"wp","href":"https:\/\/api.w.org\/{rel}","templated":true}]}}