{"id":21770,"date":"2025-01-13T16:16:05","date_gmt":"2025-01-13T16:16:05","guid":{"rendered":"https:\/\/nexgendecors.com\/product\/french-style-inverted-wood-grain-rock-plate-island-dining-table-integrated-with-sink-retractable-custom-home-kitchen-island-table\/"},"modified":"2025-03-08T13:22:51","modified_gmt":"2025-03-08T13:22:51","slug":"french-style-inverted-wood-grain-rock-plate-island-dining-table-integrated-with-sink-retractable-custom-home-kitchen-island-table","status":"publish","type":"product","link":"https:\/\/nexgendecors.com\/fr\/product\/french-style-inverted-wood-grain-rock-plate-island-dining-table-integrated-with-sink-retractable-custom-home-kitchen-island-table\/","title":{"rendered":"\u00celot de cuisine avec \u00e9vier et plaque de pierre \u00e0 grain de bois invers\u00e9"},"content":{"rendered":"<ul>\n<li>\n<strong>marque<\/strong>:M\u00e9galec<\/li>\n<li>\n<strong>Fonction<\/strong>:personnalisable<\/li>\n<li>\n<strong>Mat\u00e9riel<\/strong>:Panneau de roche<\/li>\n<li>\n<strong>style<\/strong>:Simple et moderne<\/li>\n<li>\n<strong>Origine<\/strong>:Foshan<\/li>\n<li>\n<strong>Nombre de personnes applicable<\/strong>:5-8 personnes<\/li>\n<li>\n<strong>\u00e9l\u00e9ments populaires<\/strong>:Panneau de roche<\/li>\n<li>\n<strong>trier par couleur<\/strong>:Basic 2.38M island dining table [with storage, no socket] (recommended for small apartments with 4 seats) Basic 2.58M island dining table [with storage, no socket] (recommended for small apartments with 4 seats) Basic 2.78M island dining table [with storage, no socket] (recommended for medium apartments with 6 seats) Basic 2.98M island dining table [with storage, no socket] (recommended for large apartments with 8 seats) Upgraded 2.38M island dining table [with storage, telescopic, with socket] (recommended for small apartments with 4 seats) Upgraded 2.58M island dining table [with storage, telescopic, with socket] (recommended for small apartments with 4 seats) Upgraded 2.78M island dining table [with storage, telescopic, with socket] (recommended for medium apartments with 6 seats) Upgraded 2.98M island dining table [with storage, telescopic, with socket] (recommended for large apartments with 8 seats) Deluxe 2.38M island dining table [with storage, telescopic, induction cooker, and socket] Deluxe 2.58M island dining table [with storage, telescopic, induction cooker, and socket] Deluxe 2.78M island dining table [with storage, telescopic, induction cooker, and socket] Deluxe 2.98M island dining table [with storage, telescopic, induction cooker, and socket] Flagship 2.38M island dining table [with storage, telescopic, sink, and socket] Flagship 2.58M island dining table [with storage, telescopic, sink, and socket] Flagship 2.78M island dining table [with storage, telescopic, sink, and socket] Flagship 2.98M island dining table [with storage, telescopic, sink, and socket] Supreme 2.38M island dining table [with storage, telescopic, sink, induction cooker, socket, and light strip] Supreme 2.58M island dining table [with storage, retractable, sink, induction cooker, socket, light strip] Supreme 2.78M island dining table [with storage, retractable, sink, induction cooker, socket, light strip] Supreme 2.98M island dining table [with storage, retractable, sink, induction cooker, socket, light strip] For customization, please contact customer service<\/li>\n<li>\n<strong>Est-ce \u00e9volutif ?<\/strong>:Oui<\/li>\n<li>\n<strong>Est-ce personnalisable ?<\/strong>:Oui<\/li>\n<li>\n<strong>Zone de livraison et d&#039;installation<\/strong>:\u00c0 l&#039;\u00e9chelle nationale<\/li>\n<li>\n<strong>province<\/strong>:Guangdong<\/li>\n<li>\n<strong>Assembler<\/strong>:Assembl\u00e9e<\/li>\n<li>\n<strong>volume du colis<\/strong>:3<\/li>\n<li>\n<strong>M\u00e9thode de levage<\/strong>:Tirer \u00e0 la main<\/li>\n<li>\n<strong>Mat\u00e9riau de finition<\/strong>:Panneau de roche<\/li>\n<\/ul>\n<p><img><\/p>","protected":false},"excerpt":{"rendered":"<p>Marque : Megalec Fonction : personnalisable Mat\u00e9riau : planche \u00e0 roche Style : simple et moderne Origine : Foshan Nombre de personnes applicable : 5 \u00e0 8 personnes \u00c9l\u00e9ments populaires : planche \u00e0 roche Trier par couleur : basique 2,38 M<\/p>","protected":false},"featured_media":22349,"comment_status":"open","ping_status":"closed","template":"","meta":[],"product_brand":[],"product_cat":[30971,871],"product_tag":[],"class_list":{"0":"post-21770","1":"product","2":"type-product","3":"status-publish","4":"has-post-thumbnail","6":"product_cat-hp","7":"product_cat-wholesale-kitchen-table","9":"first","10":"instock","11":"taxable","12":"shipping-taxable","13":"purchasable","14":"product-type-variable"},"_links":{"self":[{"href":"https:\/\/nexgendecors.com\/fr\/wp-json\/wp\/v2\/product\/21770","targetHints":{"allow":["GET"]}}],"collection":[{"href":"https:\/\/nexgendecors.com\/fr\/wp-json\/wp\/v2\/product"}],"about":[{"href":"https:\/\/nexgendecors.com\/fr\/wp-json\/wp\/v2\/types\/product"}],"replies":[{"embeddable":true,"href":"https:\/\/nexgendecors.com\/fr\/wp-json\/wp\/v2\/comments?post=21770"}],"version-history":[{"count":0,"href":"https:\/\/nexgendecors.com\/fr\/wp-json\/wp\/v2\/product\/21770\/revisions"}],"wp:featuredmedia":[{"embeddable":true,"href":"https:\/\/nexgendecors.com\/fr\/wp-json\/wp\/v2\/media\/22349"}],"wp:attachment":[{"href":"https:\/\/nexgendecors.com\/fr\/wp-json\/wp\/v2\/media?parent=21770"}],"wp:term":[{"taxonomy":"product_brand","embeddable":true,"href":"https:\/\/nexgendecors.com\/fr\/wp-json\/wp\/v2\/product_brand?post=21770"},{"taxonomy":"product_cat","embeddable":true,"href":"https:\/\/nexgendecors.com\/fr\/wp-json\/wp\/v2\/product_cat?post=21770"},{"taxonomy":"product_tag","embeddable":true,"href":"https:\/\/nexgendecors.com\/fr\/wp-json\/wp\/v2\/product_tag?post=21770"}],"curies":[{"name":"wp","href":"https:\/\/api.w.org\/{rel}","templated":true}]}}