{"id":32116,"date":"2025-01-16T15:25:01","date_gmt":"2025-01-16T15:25:01","guid":{"rendered":"https:\/\/nexgendecors.com\/product\/fennavia-art-modern-minimalist-master-bedroom-bedside-storage-cabinet-rhea-simple-style-wedding-room-two-drawer-bedside-cabinet\/"},"modified":"2025-04-06T07:45:01","modified_gmt":"2025-04-06T07:45:01","slug":"fennavia-art-modern-minimalist-master-bedroom-bedside-storage-cabinet-rhea-simple-style-wedding-room-two-drawer-bedside-cabinet","status":"publish","type":"product","link":"https:\/\/nexgendecors.com\/fr\/product\/fennavia-art-modern-minimalist-master-bedroom-bedside-storage-cabinet-rhea-simple-style-wedding-room-two-drawer-bedside-cabinet\/","title":{"rendered":"Table de chevet minimaliste Fennavia Rhea"},"content":{"rendered":"<ul>\n<li>\n<strong>marque<\/strong>:ART FINNNAVIEN<\/li>\n<li>\n<strong>mod\u00e8le<\/strong>:Rhea<\/li>\n<li>\n<strong>style<\/strong>:Style de luxe l\u00e9ger<\/li>\n<li>\n<strong>Assembler<\/strong>:Non<\/li>\n<li>\n<strong>Districts et comt\u00e9s<\/strong>:Quartier de la ville sud<\/li>\n<li>\n<strong>ville<\/strong>:Ville de Dongguan<\/li>\n<li>\n<strong>Appropri\u00e9<\/strong>:Adultes<\/li>\n<li>\n<strong>Fonctionnalit\u00e9s suppl\u00e9mentaires<\/strong>:Stockage<\/li>\n<li>\n<strong>volume du colis<\/strong>:1<\/li>\n<li>\n<strong>Est-ce personnalisable ?<\/strong>:Oui<\/li>\n<li>\n<strong>Mat\u00e9riel<\/strong>:Bois<\/li>\n<li>\n<strong>Mat\u00e9riau en bois<\/strong>:autre<\/li>\n<li>\n<strong>Instructions d&#039;installation d\u00e9taill\u00e9es<\/strong>:Aucune instruction d&#039;installation<\/li>\n<li>\n<strong>Structure du meuble<\/strong>:autre<\/li>\n<li>\n<strong>mod\u00e8le<\/strong>:Autre<\/li>\n<li>\n<strong>Livraison\/installation disponible<\/strong>:Foshan Zhengzhou Guiyang Guangzhou Fuzhou Harbin Xiamen Chongqing Changzhou Suzhou Xi&#039;an Shenzhen Nanjing P\u00e9kin Changsha Qingdao Wuxi Chengdu Shanghai Wuhan Nanning Shenyang Dalian Taizhou Dongguan Tianjin Jinhua Hangzhou Nanchang Ningbo Wenzhou<\/li>\n<li>\n<strong>Nombre de portes<\/strong>:Double porte<\/li>\n<li>\n<strong>trier par couleur<\/strong>:Wood color smoke color<\/li>\n<li>\n<strong><\/strong>:<\/li>\n<\/ul>\n<p><img><\/p>","protected":false},"excerpt":{"rendered":"<p>Marque : FINNNAVIAN ART Mod\u00e8le : Rhea Style : Style de luxe l\u00e9ger Assembler : non Districts et comt\u00e9s : District de la ville du Sud Ville : Ville de Dongguan Convient : Adultes Caract\u00e9ristiques suppl\u00e9mentaires : Volume du paquet de stockage : 1 Is<\/p>","protected":false},"featured_media":32509,"comment_status":"open","ping_status":"closed","template":"","meta":[],"product_brand":[],"product_cat":[30971,30851],"product_tag":[],"class_list":{"0":"post-32116","1":"product","2":"type-product","3":"status-publish","4":"has-post-thumbnail","6":"product_cat-hp","7":"product_cat-wholesale-cabinets","9":"first","10":"instock","11":"taxable","12":"shipping-taxable","13":"purchasable","14":"product-type-variable"},"_links":{"self":[{"href":"https:\/\/nexgendecors.com\/fr\/wp-json\/wp\/v2\/product\/32116","targetHints":{"allow":["GET"]}}],"collection":[{"href":"https:\/\/nexgendecors.com\/fr\/wp-json\/wp\/v2\/product"}],"about":[{"href":"https:\/\/nexgendecors.com\/fr\/wp-json\/wp\/v2\/types\/product"}],"replies":[{"embeddable":true,"href":"https:\/\/nexgendecors.com\/fr\/wp-json\/wp\/v2\/comments?post=32116"}],"version-history":[{"count":0,"href":"https:\/\/nexgendecors.com\/fr\/wp-json\/wp\/v2\/product\/32116\/revisions"}],"wp:featuredmedia":[{"embeddable":true,"href":"https:\/\/nexgendecors.com\/fr\/wp-json\/wp\/v2\/media\/32509"}],"wp:attachment":[{"href":"https:\/\/nexgendecors.com\/fr\/wp-json\/wp\/v2\/media?parent=32116"}],"wp:term":[{"taxonomy":"product_brand","embeddable":true,"href":"https:\/\/nexgendecors.com\/fr\/wp-json\/wp\/v2\/product_brand?post=32116"},{"taxonomy":"product_cat","embeddable":true,"href":"https:\/\/nexgendecors.com\/fr\/wp-json\/wp\/v2\/product_cat?post=32116"},{"taxonomy":"product_tag","embeddable":true,"href":"https:\/\/nexgendecors.com\/fr\/wp-json\/wp\/v2\/product_tag?post=32116"}],"curies":[{"name":"wp","href":"https:\/\/api.w.org\/{rel}","templated":true}]}}