{"id":32304,"date":"2025-01-16T15:25:18","date_gmt":"2025-01-16T15:25:18","guid":{"rendered":"https:\/\/nexgendecors.com\/product\/cream-style-three-drawers-solid-wood-bedroom-storage-cabinet-french-living-room-decoration-entrance-cabinet-wabi-sabi-style-restaurant-three-drawers\/"},"modified":"2025-04-06T07:45:24","modified_gmt":"2025-04-06T07:45:24","slug":"armoire-de-rangement-de-chambre-a-coucher-en-bois-massif-a-trois-tiroirs-de-style-creme-decoration-de-salon-francais-armoire-dentree-de-restaurant-de-style-wabi-sabi-a-trois-tiroirs","status":"publish","type":"product","link":"https:\/\/nexgendecors.com\/fr\/product\/armoire-de-rangement-de-chambre-a-coucher-en-bois-massif-a-trois-tiroirs-de-style-creme-decoration-de-salon-francais-armoire-dentree-de-restaurant-de-style-wabi-sabi-a-trois-tiroirs\/","title":{"rendered":"Armoire en bois massif \u00e0 3 tiroirs Wabi-Sabi cr\u00e8me"},"content":{"rendered":"<ul>\n<li>\n<strong>marque<\/strong>:Bolest<\/li>\n<li>\n<strong>mod\u00e8le<\/strong>:QQYA202<\/li>\n<li>\n<strong>Mat\u00e9riel<\/strong>:Bois<\/li>\n<li>\n<strong>Mat\u00e9riau en bois<\/strong>:bouleau<\/li>\n<li>\n<strong>mod\u00e8le<\/strong>:Art<\/li>\n<li>\n<strong>style<\/strong>:Fran\u00e7ais<\/li>\n<li>\n<strong>Installation<\/strong>:Paquet<\/li>\n<li>\n<strong>trier par couleur<\/strong>:1,0 m armoire \u00e0 trois tiroirs, 1,2 m armoire \u00e0 trois tiroirs, 1,5 m armoire \u00e0 trois tiroirs, 1,2 m armoire \u00e0 six tiroirs, 1,5 m armoire \u00e0 six tiroirs<\/li>\n<li>\n<strong>Poids brut<\/strong>:60 kg<\/li>\n<li>\n<strong>Est-ce personnalisable ?<\/strong>:Oui<\/li>\n<li>\n<strong>Fonctionnalit\u00e9s suppl\u00e9mentaires<\/strong>:Multifonction<\/li>\n<li>\n<strong>Appropri\u00e9<\/strong>:Adultes<\/li>\n<li>\n<strong>Nombre de combats<\/strong>:3 seaux<\/li>\n<li>\n<strong>Structure du meuble<\/strong>:Structure de support, structure de cadre, structure de cadre en bo\u00eete, structure en bois courb\u00e9, structure \u00e0 coque mince, structure gonflable, structure souple, structure sans cadre, structure irr\u00e9guli\u00e8re, structure de tissage\/enroulement\/liaison, autre<\/li>\n<li>\n<strong>ville<\/strong>:Ville de Zhongshan<\/li>\n<li>\n<strong>Districts et comt\u00e9s<\/strong>:District de Shiqi<\/li>\n<li>\n<strong>Assembler<\/strong>:Non<\/li>\n<li>\n<strong>volume du colis<\/strong>:0.8<\/li>\n<li>\n<strong>Instructions d&#039;installation d\u00e9taill\u00e9es<\/strong>:Aucune instruction d&#039;installation<\/li>\n<\/ul>\n<p><img><\/p>","protected":false},"excerpt":{"rendered":"<p>Marque : Bolest Mod\u00e8le : QQYA202 Mat\u00e9riau : Bois Mat\u00e9riau du bois : bouleau Motif : Art Style : Fran\u00e7ais Installation : Pack Trier par couleur : 1,0 m armoire \u00e0 trois tiroirs, 1,2 m armoire \u00e0 trois tiroirs, 1,5 m armoire \u00e0 trois tiroirs, 1,2 m<\/p>","protected":false},"featured_media":32728,"comment_status":"open","ping_status":"closed","template":"","meta":[],"product_brand":[],"product_cat":[30971,30851],"product_tag":[],"class_list":{"0":"post-32304","1":"product","2":"type-product","3":"status-publish","4":"has-post-thumbnail","6":"product_cat-hp","7":"product_cat-wholesale-cabinets","9":"first","10":"instock","11":"taxable","12":"shipping-taxable","13":"purchasable","14":"product-type-variable"},"_links":{"self":[{"href":"https:\/\/nexgendecors.com\/fr\/wp-json\/wp\/v2\/product\/32304","targetHints":{"allow":["GET"]}}],"collection":[{"href":"https:\/\/nexgendecors.com\/fr\/wp-json\/wp\/v2\/product"}],"about":[{"href":"https:\/\/nexgendecors.com\/fr\/wp-json\/wp\/v2\/types\/product"}],"replies":[{"embeddable":true,"href":"https:\/\/nexgendecors.com\/fr\/wp-json\/wp\/v2\/comments?post=32304"}],"version-history":[{"count":0,"href":"https:\/\/nexgendecors.com\/fr\/wp-json\/wp\/v2\/product\/32304\/revisions"}],"wp:featuredmedia":[{"embeddable":true,"href":"https:\/\/nexgendecors.com\/fr\/wp-json\/wp\/v2\/media\/32728"}],"wp:attachment":[{"href":"https:\/\/nexgendecors.com\/fr\/wp-json\/wp\/v2\/media?parent=32304"}],"wp:term":[{"taxonomy":"product_brand","embeddable":true,"href":"https:\/\/nexgendecors.com\/fr\/wp-json\/wp\/v2\/product_brand?post=32304"},{"taxonomy":"product_cat","embeddable":true,"href":"https:\/\/nexgendecors.com\/fr\/wp-json\/wp\/v2\/product_cat?post=32304"},{"taxonomy":"product_tag","embeddable":true,"href":"https:\/\/nexgendecors.com\/fr\/wp-json\/wp\/v2\/product_tag?post=32304"}],"curies":[{"name":"wp","href":"https:\/\/api.w.org\/{rel}","templated":true}]}}