{"id":32316,"date":"2025-01-16T15:25:22","date_gmt":"2025-01-16T15:25:22","guid":{"rendered":"https:\/\/nexgendecors.com\/product\/genji-wood-language-solid-wood-wardrobe-bedroom-oak-sliding-door-wardrobe-hanging-ash-wood-storage-floor-cabinet-y86e04\/"},"modified":"2025-04-06T07:45:28","modified_gmt":"2025-04-06T07:45:28","slug":"genji-wood-language-solid-wood-wardrobe-bedroom-oak-sliding-door-wardrobe-hanging-ash-wood-storage-floor-cabinet-y86e04","status":"publish","type":"product","link":"https:\/\/nexgendecors.com\/fr\/product\/genji-wood-language-solid-wood-wardrobe-bedroom-oak-sliding-door-wardrobe-hanging-ash-wood-storage-floor-cabinet-y86e04\/","title":{"rendered":"Armoire \u00e0 portes coulissantes en ch\u00eane Genji \u2013 Rangement \u00e9l\u00e9gant en bois massif"},"content":{"rendered":"<ul>\n<li>\n<strong>marque<\/strong>:Les mots du bois de Genji<\/li>\n<li>\n<strong>mod\u00e8le<\/strong>:Y86E04<\/li>\n<li>\n<strong>style<\/strong>:Moderne et simple<\/li>\n<li>\n<strong>ville<\/strong>:Shanghai<\/li>\n<li>\n<strong>Districts et comt\u00e9s<\/strong>:Autres domaines<\/li>\n<li>\n<strong>Assembler<\/strong>:Assembl\u00e9e<\/li>\n<li>\n<strong>Appropri\u00e9<\/strong>:Adultes<\/li>\n<li>\n<strong>Wardrobe Type<\/strong>:Adult Wardrobe<\/li>\n<li>\n<strong>Fonctionnalit\u00e9s suppl\u00e9mentaires<\/strong>:Stockage<\/li>\n<li>\n<strong>volume du colis<\/strong>:2.12<\/li>\n<li>\n<strong>Est-ce personnalisable ?<\/strong>:Non<\/li>\n<li>\n<strong>M\u00e9thode d&#039;ouverture et de fermeture<\/strong>:Sliding door<\/li>\n<li>\n<strong>Mat\u00e9riel<\/strong>:Bois<\/li>\n<li>\n<strong>Mat\u00e9riau en bois<\/strong>:ch\u00eane<\/li>\n<li>\n<strong>Instructions d&#039;installation d\u00e9taill\u00e9es<\/strong>:Provide simple installation tools and installation instructions<\/li>\n<li>\n<strong>Origine<\/strong>:Shanghai<\/li>\n<li>\n<strong>Livraison\/installation disponible<\/strong>:Foshan Zhengzhou Guiyang Guangzhou Fuzhou Harbin Xiamen Chongqing Changzhou Suzhou Xi&#8217;an Shenzhen Nanjing Beijing Wuxi Qingdao Changsha Chengdu Shanghai Wuhan Nanning Shenyang Dalian Taizhou Dongguan Tianjin Other Jinhua Hangzhou Ningbo Nanchang Wenzhou<\/li>\n<li>\n<strong>Nombre de portes<\/strong>:2 doors<\/li>\n<li>\n<strong>trier par couleur<\/strong>:(Oak original color) width 1.21 meters \/ height 2 meters single drawer (1212 * 620 * 2000mm) Y86E04 (Oak original color) width 1.21 meters \/ height 2.2 meters single drawer (1212 * 620 * 2200mm) Y86E04 (Oak original color) width 1.41 meters \/ height 2 meters single drawer (1412 * 620 * 2000mm) Y86E04 (Oak original color) width 1.41 meters \/ height 2.2 meters single drawer (1412 * 620 * 2200mm) Y86E04 (Oak original color) width 1.61 meters \/ height 2 meters double drawer (1612 * 620 * 2000mm) Y86E04 (Oak original color) width 1.61 meters \/ height 2.2 meters double drawer (1612*620*2200mm) Y86E04 (Oak original color) width 1.81 meters \/ height 2 meters double drawer (1812*620*2000mm) Y86E04 (Oak original color) width 1.81 meters \/ height 2.2 meters double drawer (1812*620*2200mm) -Y86E04 (Oak original color) width 2.01 meters \/ height 2.2 meters double drawer (2012*620*2200mm) Y86E04 (Ash original color) width 1.21 meters \/ height 2 meters single drawer (1212*620*2000mm) Y154E02 (Wood color) 1.21m wide \/ 2.2m high single drawer (1212*620*2200mm) Y154E02 (Wood color) 1.41m wide \/ 2m high single drawer (1412*620*2000mm) Y154E02 (Wood color) 1.41m wide \/ 2.2m high single drawer (1412*620*2200mm) Y154E02 (Wood color) 1.61m wide \/ 2m high double drawer (1612*620*2000mm) Y154E02 (Wood color) 1.61m wide \/ 2.2m high double drawer (1612*620*2200mm) Y154E02 (Ash wood color) width 1.81 meters \/ height 2 meters double drawer (1812*620*2000mm) Y154E02 (Ash wood color) width 1.81 meters \/ height 2.2 meters double drawer (1812*620*2200mm) Y154E02 (Ash wood color) width 2.01 meters \/ height 2.2 meters double drawer (2012*620*2200mm) Y154E02 (Ash walnut color) width 1.21 meters \/ height 2 meters single drawer (1212*620*2000mm) H154E02 (Ash walnut color) width 1.41 meters \/ height 2 meters single drawer (1412*620*2000mm) H154E02 (Ash walnut color) 1.61 meters wide \/ 2 meters high double drawer (1612*620*2000mm) H154E02 (Ash walnut color) 1.81 meters wide \/ 2 meters high double drawer (1812*620*2000mm) H154E02 (Ash walnut color) 1.81 meters wide \/ 2.2 meters high double drawer (1812*620*2200mm) H154E02 (Ash walnut color) 2.01 meters wide \/ 2.2 meters high double drawer (2012*620*2200mm) H154E02 (Oak original color) 1.61 meters top cabinet (1612*620*500mm) Y86E04 (Oak original color) 1.81 top cabinet (1812*620*500mm) Y86E04 (Wooden ash color) 1.61m top cabinet (1612*620*500mm) Y154E02 (Wooden ash color) 1.81m top cabinet (1812*620*500mm) Y154E02 (Wooden ash walnut color) 1.61m top cabinet (1612*620*500mm) H154E02 (Wooden ash walnut color) 1.81m top cabinet (1812*620*500mm) H154E02<\/li>\n<li>\n<strong><\/strong>:<\/li>\n<\/ul>\n<p><img><\/p>","protected":false},"excerpt":{"rendered":"<p>Marque : Genji Wood Words Mod\u00e8le : Y86E04 Style : Moderne et simple Ville : Shanghai Districts et comt\u00e9s : Autres zones Assemblage : Assemblage Convient : Adultes Type de garde-robe : Garde-robe pour adultes Caract\u00e9ristiques suppl\u00e9mentaires : Ensemble de rangement<\/p>","protected":false},"featured_media":32769,"comment_status":"open","ping_status":"closed","template":"","meta":[],"product_brand":[],"product_cat":[30971,30851],"product_tag":[],"class_list":{"0":"post-32316","1":"product","2":"type-product","3":"status-publish","4":"has-post-thumbnail","6":"product_cat-hp","7":"product_cat-wholesale-cabinets","9":"first","10":"instock","11":"taxable","12":"shipping-taxable","13":"purchasable","14":"product-type-variable"},"_links":{"self":[{"href":"https:\/\/nexgendecors.com\/fr\/wp-json\/wp\/v2\/product\/32316","targetHints":{"allow":["GET"]}}],"collection":[{"href":"https:\/\/nexgendecors.com\/fr\/wp-json\/wp\/v2\/product"}],"about":[{"href":"https:\/\/nexgendecors.com\/fr\/wp-json\/wp\/v2\/types\/product"}],"replies":[{"embeddable":true,"href":"https:\/\/nexgendecors.com\/fr\/wp-json\/wp\/v2\/comments?post=32316"}],"version-history":[{"count":0,"href":"https:\/\/nexgendecors.com\/fr\/wp-json\/wp\/v2\/product\/32316\/revisions"}],"wp:featuredmedia":[{"embeddable":true,"href":"https:\/\/nexgendecors.com\/fr\/wp-json\/wp\/v2\/media\/32769"}],"wp:attachment":[{"href":"https:\/\/nexgendecors.com\/fr\/wp-json\/wp\/v2\/media?parent=32316"}],"wp:term":[{"taxonomy":"product_brand","embeddable":true,"href":"https:\/\/nexgendecors.com\/fr\/wp-json\/wp\/v2\/product_brand?post=32316"},{"taxonomy":"product_cat","embeddable":true,"href":"https:\/\/nexgendecors.com\/fr\/wp-json\/wp\/v2\/product_cat?post=32316"},{"taxonomy":"product_tag","embeddable":true,"href":"https:\/\/nexgendecors.com\/fr\/wp-json\/wp\/v2\/product_tag?post=32316"}],"curies":[{"name":"wp","href":"https:\/\/api.w.org\/{rel}","templated":true}]}}