{"id":32361,"date":"2025-01-16T15:25:26","date_gmt":"2025-01-16T15:25:26","guid":{"rendered":"https:\/\/nexgendecors.com\/product\/shoe-cabinet-home-door-modern-simple-solid-wood-storage-locker-entrance-porch-cabinet-large-capacity-integrated-cabinet\/"},"modified":"2025-04-06T07:45:32","modified_gmt":"2025-04-06T07:45:32","slug":"shoe-cabinet-home-door-modern-simple-solid-wood-storage-locker-entrance-porch-cabinet-large-capacity-integrated-cabinet","status":"publish","type":"product","link":"https:\/\/nexgendecors.com\/fr\/product\/shoe-cabinet-home-door-modern-simple-solid-wood-storage-locker-entrance-porch-cabinet-large-capacity-integrated-cabinet\/","title":{"rendered":"Meuble \u00e0 chaussures \u00e9l\u00e9gant en bois massif avec grand espace de rangement"},"content":{"rendered":"<ul>\n<li>\n<strong>marque<\/strong>:autre\/autre<\/li>\n<li>\n<strong>mod\u00e8le<\/strong>:098<\/li>\n<li>\n<strong>style<\/strong>:Simple et moderne<\/li>\n<li>\n<strong>taille<\/strong>:100x35x100cm,120x35x100cm,150x35x100cm<\/li>\n<li>\n<strong>Assembler<\/strong>:Non<\/li>\n<li>\n<strong>Is the partition adjustable?<\/strong>:Oui<\/li>\n<li>\n<strong>Mat\u00e9riau de finition<\/strong>:Bois<\/li>\n<li>\n<strong>Nombre de couches<\/strong>:4th floor<\/li>\n<li>\n<strong>Fonctionnalit\u00e9s suppl\u00e9mentaires<\/strong>:Stockage<\/li>\n<li>\n<strong>volume du colis<\/strong>:0.8<\/li>\n<li>\n<strong>Est-ce personnalisable ?<\/strong>:Oui<\/li>\n<li>\n<strong>M\u00e9thode d&#039;ouverture et de fermeture<\/strong>:Open the door<\/li>\n<li>\n<strong>Mat\u00e9riel<\/strong>:Bois<\/li>\n<li>\n<strong>Mat\u00e9riau en bois<\/strong>:maple<\/li>\n<li>\n<strong>Structure du meuble<\/strong>:Cadre<\/li>\n<li>\n<strong>Installation<\/strong>:Paquet<\/li>\n<li>\n<strong>Nombre de portes<\/strong>:3 doors<\/li>\n<li>\n<strong>trier par couleur<\/strong>:Pure natural 100% pure solid wood imported maple (walnut color + black), pure natural 100% pure solid wood imported maple (walnut color + white), pure natural 100% pure solid wood imported maple (log color + white), pure natural 100% pure solid wood imported maple (black + white), pure natural 100% pure solid wood imported maple (black + gray), pure natural 100% pure solid wood imported maple (all black)<\/li>\n<\/ul>\n<p><img><\/p>","protected":false},"excerpt":{"rendered":"<p>Marque : autre\/autre Mod\u00e8le : 098 Style : simple et moderne Dimensions : 100 x 35 x 100 cm, 120 x 35 x 100 cm, 150 x 35 x 100 cm Assemblage : non La cloison est-elle r\u00e9glable ? : oui Mat\u00e9riau de finition : bois Nombre de couches : 4e \u00e9tage Caract\u00e9ristiques suppl\u00e9mentaires : ensemble de rangement<\/p>","protected":false},"featured_media":32815,"comment_status":"open","ping_status":"closed","template":"","meta":[],"product_brand":[],"product_cat":[30971,30851],"product_tag":[],"class_list":{"0":"post-32361","1":"product","2":"type-product","3":"status-publish","4":"has-post-thumbnail","6":"product_cat-hp","7":"product_cat-wholesale-cabinets","9":"first","10":"instock","11":"taxable","12":"shipping-taxable","13":"purchasable","14":"product-type-variable"},"_links":{"self":[{"href":"https:\/\/nexgendecors.com\/fr\/wp-json\/wp\/v2\/product\/32361","targetHints":{"allow":["GET"]}}],"collection":[{"href":"https:\/\/nexgendecors.com\/fr\/wp-json\/wp\/v2\/product"}],"about":[{"href":"https:\/\/nexgendecors.com\/fr\/wp-json\/wp\/v2\/types\/product"}],"replies":[{"embeddable":true,"href":"https:\/\/nexgendecors.com\/fr\/wp-json\/wp\/v2\/comments?post=32361"}],"version-history":[{"count":0,"href":"https:\/\/nexgendecors.com\/fr\/wp-json\/wp\/v2\/product\/32361\/revisions"}],"wp:featuredmedia":[{"embeddable":true,"href":"https:\/\/nexgendecors.com\/fr\/wp-json\/wp\/v2\/media\/32815"}],"wp:attachment":[{"href":"https:\/\/nexgendecors.com\/fr\/wp-json\/wp\/v2\/media?parent=32361"}],"wp:term":[{"taxonomy":"product_brand","embeddable":true,"href":"https:\/\/nexgendecors.com\/fr\/wp-json\/wp\/v2\/product_brand?post=32361"},{"taxonomy":"product_cat","embeddable":true,"href":"https:\/\/nexgendecors.com\/fr\/wp-json\/wp\/v2\/product_cat?post=32361"},{"taxonomy":"product_tag","embeddable":true,"href":"https:\/\/nexgendecors.com\/fr\/wp-json\/wp\/v2\/product_tag?post=32361"}],"curies":[{"name":"wp","href":"https:\/\/api.w.org\/{rel}","templated":true}]}}