{"id":32409,"date":"2025-01-16T15:25:30","date_gmt":"2025-01-16T15:25:30","guid":{"rendered":"https:\/\/nexgendecors.com\/product\/italian-light-luxury-dining-sideboard-black-medieval-living-room-storage-cabinet-designer-creative-villa-retro-entrance-hall-cabinet\/"},"modified":"2025-04-06T07:45:36","modified_gmt":"2025-04-06T07:45:36","slug":"italian-light-luxury-dining-sideboard-black-medieval-living-room-storage-cabinet-designer-creative-villa-retro-entrance-hall-cabinet","status":"publish","type":"product","link":"https:\/\/nexgendecors.com\/fr\/product\/italian-light-luxury-dining-sideboard-black-medieval-living-room-storage-cabinet-designer-creative-villa-retro-entrance-hall-cabinet\/","title":{"rendered":"Luxury Black Medieval Sideboard by Italian Designer"},"content":{"rendered":"<ul>\n<li>\n<strong>marque<\/strong>:\u00c9rable violet de jade<\/li>\n<li>\n<strong>mod\u00e8le<\/strong>:Y0865<\/li>\n<li>\n<strong>style<\/strong>:Minimalisme italien<\/li>\n<li>\n<strong>Fonctionnalit\u00e9s suppl\u00e9mentaires<\/strong>:Stockage<\/li>\n<li>\n<strong>volume du colis<\/strong>:1<\/li>\n<li>\n<strong>Est-ce personnalisable ?<\/strong>:Oui<\/li>\n<li>\n<strong>Assembler<\/strong>:Oui<\/li>\n<li>\n<strong>Mat\u00e9riel<\/strong>:Panneau multicouche en bois massif<\/li>\n<li>\n<strong>Nombre de tiroirs<\/strong>:0<\/li>\n<li>\n<strong>trier par couleur<\/strong>:1500 Length 350 Depth 680 Height 1600 Length 350 Depth 680 Height 1800 Length 350 Depth 680 Height Other Sizes and Colors Customized 900 Length 300 Depth 680 Height 1200 Length 350 Depth 680 Height 1400 Length 350 Depth 680 Height 1700 Length 350 Depth 680 Height<\/li>\n<\/ul>\n<p><img><\/p>","protected":false},"excerpt":{"rendered":"<p>Marque : Jade Purple Maple Mod\u00e8le : Y0865 Style : Minimalisme italien Caract\u00e9ristiques suppl\u00e9mentaires : Volume du paquet de stockage : 1 Est-il personnalisable ? : Oui Assemblage : Oui Mat\u00e9riau : Panneau multicouche en bois massif Nombre de<\/p>","protected":false},"featured_media":32848,"comment_status":"open","ping_status":"closed","template":"","meta":[],"product_brand":[],"product_cat":[30971,30851],"product_tag":[],"class_list":{"0":"post-32409","1":"product","2":"type-product","3":"status-publish","4":"has-post-thumbnail","6":"product_cat-hp","7":"product_cat-wholesale-cabinets","9":"first","10":"instock","11":"taxable","12":"shipping-taxable","13":"purchasable","14":"product-type-variable"},"_links":{"self":[{"href":"https:\/\/nexgendecors.com\/fr\/wp-json\/wp\/v2\/product\/32409","targetHints":{"allow":["GET"]}}],"collection":[{"href":"https:\/\/nexgendecors.com\/fr\/wp-json\/wp\/v2\/product"}],"about":[{"href":"https:\/\/nexgendecors.com\/fr\/wp-json\/wp\/v2\/types\/product"}],"replies":[{"embeddable":true,"href":"https:\/\/nexgendecors.com\/fr\/wp-json\/wp\/v2\/comments?post=32409"}],"version-history":[{"count":0,"href":"https:\/\/nexgendecors.com\/fr\/wp-json\/wp\/v2\/product\/32409\/revisions"}],"wp:featuredmedia":[{"embeddable":true,"href":"https:\/\/nexgendecors.com\/fr\/wp-json\/wp\/v2\/media\/32848"}],"wp:attachment":[{"href":"https:\/\/nexgendecors.com\/fr\/wp-json\/wp\/v2\/media?parent=32409"}],"wp:term":[{"taxonomy":"product_brand","embeddable":true,"href":"https:\/\/nexgendecors.com\/fr\/wp-json\/wp\/v2\/product_brand?post=32409"},{"taxonomy":"product_cat","embeddable":true,"href":"https:\/\/nexgendecors.com\/fr\/wp-json\/wp\/v2\/product_cat?post=32409"},{"taxonomy":"product_tag","embeddable":true,"href":"https:\/\/nexgendecors.com\/fr\/wp-json\/wp\/v2\/product_tag?post=32409"}],"curies":[{"name":"wp","href":"https:\/\/api.w.org\/{rel}","templated":true}]}}