{"id":34945,"date":"2025-01-26T01:40:28","date_gmt":"2025-01-26T01:40:28","guid":{"rendered":"https:\/\/nexgendecors.com\/product\/bentley-light-luxury-leather-sofa-post-modern-large-villa-high-back-straight-row-italian-style-hong-kong-style-suite-furniture-1\/"},"modified":"2025-03-08T14:24:29","modified_gmt":"2025-03-08T14:24:29","slug":"canape-en-cuir-de-luxe-bentley-light-post-moderne-grande-villa-dossier-haut-rangee-droite-style-italien-meubles-de-suite-de-style-hong-kong-1","status":"publish","type":"product","link":"https:\/\/nexgendecors.com\/fr\/product\/canape-en-cuir-de-luxe-bentley-light-post-moderne-grande-villa-dossier-haut-rangee-droite-style-italien-meubles-de-suite-de-style-hong-kong-1\/","title":{"rendered":"Canap\u00e9 en cuir \u00e0 dossier haut de luxe Bentley Light"},"content":{"rendered":"<p><strong>Canap\u00e9 en cuir de luxe Bentley Light \u2013 Dossier haut post-moderne<\/strong><\/p>\n<p>Transformez votre villa avec le canap\u00e9 en cuir de luxe Bentley Light, au design post-moderne alliant \u00e9l\u00e9gance italienne et style hongkongais. Ce canap\u00e9 \u00e0 dossier haut et rang\u00e9e droite est un choix sophistiqu\u00e9 pour les grands espaces, alliant luxe et style contemporain.<\/p>\n<ul>\n<li>\n<strong>Y a-t-il un espace de stockage ?<\/strong>:Non<\/li>\n<li>\n<strong>style<\/strong>:Luxe l\u00e9ger italien<\/li>\n<li>\n<strong>Assembler<\/strong>:Non<\/li>\n<li>\n<strong>Fonctionnalit\u00e9s suppl\u00e9mentaires<\/strong>:Autre<\/li>\n<li>\n<strong>volume du colis<\/strong>:8<\/li>\n<li>\n<strong>Remplissage<\/strong>:55D \u00e9ponge + latex<\/li>\n<li>\n<strong>Combinaison de canap\u00e9<\/strong>:En forme de U<\/li>\n<li>\n<strong>Positionnement de style<\/strong>:Qualit\u00e9 Luxe<\/li>\n<li>\n<strong>Gamme de finitions en cuir<\/strong>:Surface de contact<\/li>\n<li>\n<strong>trier par couleur<\/strong>:Chaise de loisirs (premi\u00e8re couche de cuir de vache import\u00e9e d&#039;Italie), canap\u00e9 double (premi\u00e8re couche de cuir de vache import\u00e9e d&#039;Italie), canap\u00e9 trois personnes (premi\u00e8re couche de cuir de vache import\u00e9e d&#039;Italie), canap\u00e9 quatre personnes (premi\u00e8re couche de cuir de vache import\u00e9e d&#039;Italie), table basse, meuble TV, table d&#039;appoint X2, chaise de loisirs + canap\u00e9 double + canap\u00e9 trois personnes (premi\u00e8re couche de cuir de vache import\u00e9e d&#039;Italie), chaise de loisirs + canap\u00e9 double + canap\u00e9 quatre personnes (premi\u00e8re couche de cuir de vache import\u00e9e d&#039;Italie), chaise de loisirs + canap\u00e9 double + canap\u00e9 trois personnes + table basse + meuble TV, chaise de loisirs + canap\u00e9 double + canap\u00e9 quatre personnes + table basse + meuble TV, chaise de loisirs + canap\u00e9 double + canap\u00e9 trois personnes + table basse + meuble TV + deux tables d&#039;appoint, chaise de loisirs + canap\u00e9 double + canap\u00e9 trois personnes + table basse + meuble TV d\u00e9p\u00f4t<\/li>\n<li>\n<strong>marque<\/strong>:#0 Usine<\/li>\n<li>\n<strong>mod\u00e8le<\/strong>:GC-26<\/li>\n<li>\n<strong>Mati\u00e8re cuir<\/strong>:Couche sup\u00e9rieure de cuir de vache<\/li>\n<li>\n<strong>\u00e9l\u00e9ments populaires<\/strong>:Boucle, \u00e9l\u00e9ments de correspondance des couleurs<\/li>\n<li>\n<strong>Duret\u00e9 du remplissage<\/strong>:Duret\u00e9 et douceur mod\u00e9r\u00e9es<\/li>\n<li>\n<strong>Appropri\u00e9<\/strong>:G\u00e9n\u00e9ral<\/li>\n<li>\n<strong>Technologie structurelle<\/strong>:Artisanat du bois<\/li>\n<li>\n<strong>Technologie des structures en bois<\/strong>:flexion<\/li>\n<li>\n<strong>Est-ce personnalisable ?<\/strong>:Oui<\/li>\n<li>\n<strong>Mat\u00e9riel<\/strong>:H\u00eatre<\/li>\n<li>\n<strong>Instructions d&#039;installation d\u00e9taill\u00e9es<\/strong>:Installation par le ma\u00eetre<\/li>\n<li>\n<strong>Un taxi est-il disponible pour le transport ?<\/strong>:Non<\/li>\n<li>\n<strong>Livraison\/installation disponible<\/strong>:\u00c0 l&#039;\u00e9chelle nationale<\/li>\n<li>\n<strong>Processus de finition du cuir<\/strong>:Cuir<\/li>\n<li>\n<strong><\/strong>:<\/li>\n<\/ul>\n<p><img><\/p>","protected":false},"excerpt":{"rendered":"<p>Canap\u00e9 en cuir de luxe Bentley Light \u2013 Dossier haut post-moderne Transformez votre villa avec le canap\u00e9 en cuir de luxe Bentley Light, dot\u00e9<\/p>","protected":false},"featured_media":35070,"comment_status":"open","ping_status":"closed","template":"","meta":[],"product_brand":[],"product_cat":[30862,30971,30850],"product_tag":[],"class_list":{"0":"post-34945","1":"product","2":"type-product","3":"status-publish","4":"has-post-thumbnail","6":"product_cat-wholesales-hotels","7":"product_cat-hp","8":"product_cat-wholesale-furniture","10":"first","11":"instock","12":"taxable","13":"shipping-taxable","14":"purchasable","15":"product-type-variable"},"_links":{"self":[{"href":"https:\/\/nexgendecors.com\/fr\/wp-json\/wp\/v2\/product\/34945","targetHints":{"allow":["GET"]}}],"collection":[{"href":"https:\/\/nexgendecors.com\/fr\/wp-json\/wp\/v2\/product"}],"about":[{"href":"https:\/\/nexgendecors.com\/fr\/wp-json\/wp\/v2\/types\/product"}],"replies":[{"embeddable":true,"href":"https:\/\/nexgendecors.com\/fr\/wp-json\/wp\/v2\/comments?post=34945"}],"version-history":[{"count":0,"href":"https:\/\/nexgendecors.com\/fr\/wp-json\/wp\/v2\/product\/34945\/revisions"}],"wp:featuredmedia":[{"embeddable":true,"href":"https:\/\/nexgendecors.com\/fr\/wp-json\/wp\/v2\/media\/35070"}],"wp:attachment":[{"href":"https:\/\/nexgendecors.com\/fr\/wp-json\/wp\/v2\/media?parent=34945"}],"wp:term":[{"taxonomy":"product_brand","embeddable":true,"href":"https:\/\/nexgendecors.com\/fr\/wp-json\/wp\/v2\/product_brand?post=34945"},{"taxonomy":"product_cat","embeddable":true,"href":"https:\/\/nexgendecors.com\/fr\/wp-json\/wp\/v2\/product_cat?post=34945"},{"taxonomy":"product_tag","embeddable":true,"href":"https:\/\/nexgendecors.com\/fr\/wp-json\/wp\/v2\/product_tag?post=34945"}],"curies":[{"name":"wp","href":"https:\/\/api.w.org\/{rel}","templated":true}]}}