{"id":34965,"date":"2025-01-26T01:40:30","date_gmt":"2025-01-26T01:40:30","guid":{"rendered":"https:\/\/nexgendecors.com\/product\/high-end-italian-light-luxury-leather-sofa-living-room-2024-new-combination-large-and-small-apartment-first-layer-modern-simple-cowhide\/"},"modified":"2025-04-06T07:45:58","modified_gmt":"2025-04-06T07:45:58","slug":"high-end-italian-light-luxury-leather-sofa-living-room-2024-new-combination-large-and-small-apartment-first-layer-modern-simple-cowhide","status":"publish","type":"product","link":"https:\/\/nexgendecors.com\/fr\/product\/high-end-italian-light-luxury-leather-sofa-living-room-2024-new-combination-large-and-small-apartment-first-layer-modern-simple-cowhide\/","title":{"rendered":"Canap\u00e9 luxueux en cuir italien \u2013 Design \u00e9l\u00e9gant et l\u00e9ger"},"content":{"rendered":"<p><strong>High-End Italian Light Luxury Leather Sofa<\/strong><\/p>\n<p>Upgrade your living room with the High-End Italian Light Luxury Leather Sofa, a new 2024 design that blends modern simplicity with opulent comfort. Crafted from first-layer cowhide, this sofa offers a luxurious seating experience while enhancing any space with its sleek, contemporary look.<\/p>\n<ul>\n<li>\n<strong>Y a-t-il un espace de stockage ?<\/strong>:Non<\/li>\n<li>\n<strong>style<\/strong>:Style de luxe l\u00e9ger<\/li>\n<li>\n<strong>Assembler<\/strong>:Non<\/li>\n<li>\n<strong>Fonctionnalit\u00e9s suppl\u00e9mentaires<\/strong>:il peut bouger<\/li>\n<li>\n<strong>volume du colis<\/strong>:3<\/li>\n<li>\n<strong>Remplissage<\/strong>:\u00e9ponge<\/li>\n<li>\n<strong>Combinaison de canap\u00e9<\/strong>:En forme de U<\/li>\n<li>\n<strong>Positionnement de style<\/strong>:Qualit\u00e9 Luxe<\/li>\n<li>\n<strong>Gamme de finitions en cuir<\/strong>:Surface de contact<\/li>\n<li>\n<strong>trier par couleur<\/strong>:Single seat 1.15 meters [all Nappa leather], single seat 1.15 meters [all imported first-layer leather cowhide], double seat 1.7 meters [all Nappa leather], double seat 1.7 meters [all imported first-layer leather cowhide], three-person seat 2.2 meters [all Nappa leather], three-person seat 2.2 meters [all imported first-layer leather cowhide], large three-person seat 2.5 meters [all Nappa leather], large three-person seat 2.5 meters [all imported first-layer leather cowhide], four-person seat 2.8 meters [all Nappa leather], four-person seat 2.8 meters [all imported first-layer leather cowhide], single + three-person seat 2.2 meters [all Nappa leather \u3011, Single + Three Seats 2.2m [All Imported Top-Grade Leather], 1+2+3 Combination [All Nappa Leather], 1+2+3 Combination [All Imported Top-Grade Leather], Double + Three Seats 2.2m [All Nappa Leather], Double + Three Seats 2.2m [All Imported Top-Grade Leather], Double + Four Seats [All Nappa Leather], Double + Four Seats [All Imported Top-Grade Leather], Milan Swivel Chair [Nappa Leather], Milan Swivel Chair [Imported Top-Grade Leather], High-end Pumpkin Swivel Chair [All Nappa Leather], High-end Pumpkin Swivel Chair [All Imported Top-Grade Leather]<\/li>\n<li>\n<strong>marque<\/strong>:#0 Usine<\/li>\n<li>\n<strong>mod\u00e8le<\/strong>:SF12-11<\/li>\n<li>\n<strong>Mati\u00e8re cuir<\/strong>:Microfiber Leather<\/li>\n<li>\n<strong>Duret\u00e9 du remplissage<\/strong>:doux<\/li>\n<li>\n<strong>Appropri\u00e9<\/strong>:Adultes<\/li>\n<li>\n<strong>Technologie structurelle<\/strong>:Artisanat du bois<\/li>\n<li>\n<strong>Technologie des structures en bois<\/strong>:Hand Painted<\/li>\n<li>\n<strong>Est-ce personnalisable ?<\/strong>:Oui<\/li>\n<li>\n<strong>Mat\u00e9riel<\/strong>:Bois<\/li>\n<li>\n<strong>Mat\u00e9riau en bois<\/strong>:ch\u00eane<\/li>\n<li>\n<strong>Instructions d&#039;installation d\u00e9taill\u00e9es<\/strong>:Provide simple installation tools, installation instructions, and installation video<\/li>\n<li>\n<strong>Nombre de personnes applicable<\/strong>:combinaison<\/li>\n<li>\n<strong>mod\u00e8le<\/strong>:Art<\/li>\n<li>\n<strong>Un taxi est-il disponible pour le transport ?<\/strong>:Non<\/li>\n<li>\n<strong>Livraison\/installation disponible<\/strong>:Foshan, Zhengzhou, Guiyang, Guangzhou, Fuzhou, Harbin, Xiamen, Chongqing, Changzhou, Suzhou, Xi&#039;an, Shenzhen, Nanjing, P\u00e9kin, Wuxi, Qingdao, Changsha, Chengdu, Shanghai, Wuhan, Nanning, Shenyang, Dalian, Taizhou, Dongguan, Tianjin, Autres, Jinhua, Hangzhou, Ningbo, Nanchang, Wenzhou<\/li>\n<li>\n<strong>Processus de finition du cuir<\/strong>:Lavage<\/li>\n<li>\n<strong><\/strong>:<\/li>\n<\/ul>","protected":false},"excerpt":{"rendered":"<p>Canap\u00e9 en cuir de luxe italien haut de gamme Am\u00e9liorez votre salon avec le canap\u00e9 en cuir de luxe italien haut de gamme, un nouveau<\/p>","protected":false},"featured_media":35088,"comment_status":"open","ping_status":"closed","template":"","meta":[],"product_brand":[],"product_cat":[30862,30971,30850],"product_tag":[],"class_list":{"0":"post-34965","1":"product","2":"type-product","3":"status-publish","4":"has-post-thumbnail","6":"product_cat-wholesales-hotels","7":"product_cat-hp","8":"product_cat-wholesale-furniture","10":"first","11":"instock","12":"taxable","13":"shipping-taxable","14":"purchasable","15":"product-type-variable"},"_links":{"self":[{"href":"https:\/\/nexgendecors.com\/fr\/wp-json\/wp\/v2\/product\/34965","targetHints":{"allow":["GET"]}}],"collection":[{"href":"https:\/\/nexgendecors.com\/fr\/wp-json\/wp\/v2\/product"}],"about":[{"href":"https:\/\/nexgendecors.com\/fr\/wp-json\/wp\/v2\/types\/product"}],"replies":[{"embeddable":true,"href":"https:\/\/nexgendecors.com\/fr\/wp-json\/wp\/v2\/comments?post=34965"}],"version-history":[{"count":0,"href":"https:\/\/nexgendecors.com\/fr\/wp-json\/wp\/v2\/product\/34965\/revisions"}],"wp:featuredmedia":[{"embeddable":true,"href":"https:\/\/nexgendecors.com\/fr\/wp-json\/wp\/v2\/media\/35088"}],"wp:attachment":[{"href":"https:\/\/nexgendecors.com\/fr\/wp-json\/wp\/v2\/media?parent=34965"}],"wp:term":[{"taxonomy":"product_brand","embeddable":true,"href":"https:\/\/nexgendecors.com\/fr\/wp-json\/wp\/v2\/product_brand?post=34965"},{"taxonomy":"product_cat","embeddable":true,"href":"https:\/\/nexgendecors.com\/fr\/wp-json\/wp\/v2\/product_cat?post=34965"},{"taxonomy":"product_tag","embeddable":true,"href":"https:\/\/nexgendecors.com\/fr\/wp-json\/wp\/v2\/product_tag?post=34965"}],"curies":[{"name":"wp","href":"https:\/\/api.w.org\/{rel}","templated":true}]}}