{"id":35033,"date":"2025-01-26T01:40:39","date_gmt":"2025-01-26T01:40:39","guid":{"rendered":"https:\/\/nexgendecors.com\/product\/italian-light-luxury-bentley-leather-sofa-combination-post-modern-hong-kong-style-villa-large-apartment-high-end-luxury-living-room-furniture\/"},"modified":"2025-04-06T07:46:11","modified_gmt":"2025-04-06T07:46:11","slug":"italian-light-luxury-bentley-leather-sofa-combination-post-modern-hong-kong-style-villa-large-apartment-high-end-luxury-living-room-furniture","status":"publish","type":"product","link":"https:\/\/nexgendecors.com\/fr\/product\/italian-light-luxury-bentley-leather-sofa-combination-post-modern-hong-kong-style-villa-large-apartment-high-end-luxury-living-room-furniture\/","title":{"rendered":"Canap\u00e9 en cuir Bentley\u00a0: l&#039;\u00e9l\u00e9gance du luxe italien l\u00e9ger"},"content":{"rendered":"<p><strong>Canap\u00e9 en cuir italien l\u00e9ger de luxe Bentley<\/strong><\/p>\n<p>Elevate your living space with the Italian Light Luxury Bentley Leather Sofa, a luxurious combination of post-modern design and Hong Kong style. Ideal for large apartments and villas, this high-end sofa set offers both elegance and comfort, making it the perfect centerpiece for any sophisticated living room.<\/p>\n<ul>\n<li>\n<strong>Y a-t-il un espace de stockage ?<\/strong>:Non<\/li>\n<li>\n<strong>style<\/strong>:Style de luxe l\u00e9ger<\/li>\n<li>\n<strong>Assembler<\/strong>:Oui<\/li>\n<li>\n<strong>Mat\u00e9riau de finition<\/strong>:Couche sup\u00e9rieure de cuir de vache<\/li>\n<li>\n<strong>Fonctionnalit\u00e9s suppl\u00e9mentaires<\/strong>:il peut bouger<\/li>\n<li>\n<strong>Est-ce que tout est en bois massif ?<\/strong>:Oui<\/li>\n<li>\n<strong>volume du colis<\/strong>:2<\/li>\n<li>\n<strong>Remplissage<\/strong>:\u00e9ponge<\/li>\n<li>\n<strong>Combinaison de canap\u00e9<\/strong>:En forme de U<\/li>\n<li>\n<strong>Positionnement de style<\/strong>:Qualit\u00e9 Luxe<\/li>\n<li>\n<strong>trier par couleur<\/strong>:Footrest (Italian top layer cowhide), leisure chair (Italian top layer cowhide), double seat (Italian top layer cowhide), three seat (Italian top layer cowhide), four seat (Italian top layer cowhide), coffee table, corner table, leisure chair (style 1), leisure chair (style 2), leisure chair (style 3), leisure chair (style 4), leisure chair (style 5), leisure chair (style 6), leisure chair (style 7), leisure chair (style 8), leisure chair (style 9), leisure chair (style 10), leisure chair (style 11), leisure chair (style 12), leisure chair (style 13), offline showroom contact customer service<\/li>\n<li>\n<strong>marque<\/strong>:Aucune marque\/aucune marque d\u00e9pos\u00e9e<\/li>\n<li>\n<strong>mod\u00e8le<\/strong>:33<\/li>\n<li>\n<strong>\u00e9l\u00e9ments populaires<\/strong>:Mirror, mortise and tenon, metal<\/li>\n<li>\n<strong>Appropri\u00e9<\/strong>:Adultes<\/li>\n<li>\n<strong>Technologie de finition<\/strong>:Processus de peinture<\/li>\n<li>\n<strong>Processus de finition de la peinture<\/strong>:Peinture<\/li>\n<li>\n<strong>Est-ce personnalisable ?<\/strong>:Oui<\/li>\n<li>\n<strong>Technologie des structures en bois<\/strong>:Structure \u00e0 tenon et mortaise<\/li>\n<li>\n<strong>Nombre de personnes applicable<\/strong>:combinaison<\/li>\n<li>\n<strong>mod\u00e8le<\/strong>:Art<\/li>\n<li>\n<strong>Un taxi est-il disponible pour le transport ?<\/strong>:Non<\/li>\n<li>\n<strong>Livraison\/installation disponible<\/strong>:Foshan, Zhengzhou, Guiyang, Guangzhou, Fuzhou, Harbin, Xiamen, Chongqing, Changzhou, Suzhou, Xi&#8217;an, Shenzhen, Nanjing, Beijing, Changsha, Qingdao, Wuxi, Chengdu, Shanghai, Wuhan, Nanning, Shenyang, Dalian, Taizhou, Dongguan, Tianjin, Others, Jinhua, Hangzhou, Nanchang, Ningbo, Wenzhou<\/li>\n<li>\n<strong>Mat\u00e9riau en bois<\/strong>:H\u00eatre<\/li>\n<\/ul>","protected":false},"excerpt":{"rendered":"<p>Canap\u00e9 en cuir italien l\u00e9ger de luxe Bentley Am\u00e9liorez votre espace de vie avec le canap\u00e9 en cuir italien l\u00e9ger de luxe Bentley, un luxueux<\/p>","protected":false},"featured_media":35132,"comment_status":"open","ping_status":"closed","template":"","meta":[],"product_brand":[],"product_cat":[30862,30971,30850],"product_tag":[],"class_list":{"0":"post-35033","1":"product","2":"type-product","3":"status-publish","4":"has-post-thumbnail","6":"product_cat-wholesales-hotels","7":"product_cat-hp","8":"product_cat-wholesale-furniture","10":"first","11":"instock","12":"taxable","13":"shipping-taxable","14":"purchasable","15":"product-type-variable"},"_links":{"self":[{"href":"https:\/\/nexgendecors.com\/fr\/wp-json\/wp\/v2\/product\/35033","targetHints":{"allow":["GET"]}}],"collection":[{"href":"https:\/\/nexgendecors.com\/fr\/wp-json\/wp\/v2\/product"}],"about":[{"href":"https:\/\/nexgendecors.com\/fr\/wp-json\/wp\/v2\/types\/product"}],"replies":[{"embeddable":true,"href":"https:\/\/nexgendecors.com\/fr\/wp-json\/wp\/v2\/comments?post=35033"}],"version-history":[{"count":0,"href":"https:\/\/nexgendecors.com\/fr\/wp-json\/wp\/v2\/product\/35033\/revisions"}],"wp:featuredmedia":[{"embeddable":true,"href":"https:\/\/nexgendecors.com\/fr\/wp-json\/wp\/v2\/media\/35132"}],"wp:attachment":[{"href":"https:\/\/nexgendecors.com\/fr\/wp-json\/wp\/v2\/media?parent=35033"}],"wp:term":[{"taxonomy":"product_brand","embeddable":true,"href":"https:\/\/nexgendecors.com\/fr\/wp-json\/wp\/v2\/product_brand?post=35033"},{"taxonomy":"product_cat","embeddable":true,"href":"https:\/\/nexgendecors.com\/fr\/wp-json\/wp\/v2\/product_cat?post=35033"},{"taxonomy":"product_tag","embeddable":true,"href":"https:\/\/nexgendecors.com\/fr\/wp-json\/wp\/v2\/product_tag?post=35033"}],"curies":[{"name":"wp","href":"https:\/\/api.w.org\/{rel}","templated":true}]}}