{"id":35190,"date":"2025-01-26T01:44:13","date_gmt":"2025-01-26T01:44:13","guid":{"rendered":"https:\/\/nexgendecors.com\/product\/italian-light-luxury-leather-sofa-combination-living-room-villa-large-apartment-postmodern-straight-bentley-high-end-furniture-customization\/"},"modified":"2025-04-06T07:46:23","modified_gmt":"2025-04-06T07:46:23","slug":"italian-light-luxury-leather-sofa-combination-living-room-villa-large-apartment-postmodern-straight-bentley-high-end-furniture-customization","status":"publish","type":"product","link":"https:\/\/nexgendecors.com\/fr\/product\/italian-light-luxury-leather-sofa-combination-living-room-villa-large-apartment-postmodern-straight-bentley-high-end-furniture-customization\/","title":{"rendered":"Canap\u00e9 en cuir italien de luxe l\u00e9ger\u00a0: confort et style \u00e9l\u00e9gants"},"content":{"rendered":"<p><strong>Canap\u00e9 en cuir italien de luxe l\u00e9ger<\/strong><\/p>\n<p>Transform your living space with the Italian Light Luxury Leather Sofa, designed for villas and large apartments. This postmodern combination features a straight Bentley-inspired design, offering a blend of high-end luxury and contemporary style.<\/p>\n<ul>\n<li>\n<strong>Y a-t-il un espace de stockage ?<\/strong>:Non<\/li>\n<li>\n<strong>style<\/strong>:Style de luxe l\u00e9ger<\/li>\n<li>\n<strong>Assembler<\/strong>:Non<\/li>\n<li>\n<strong>ville<\/strong>:Ville de Suzhou<\/li>\n<li>\n<strong>Districts et comt\u00e9s<\/strong>:District de Xiangcheng<\/li>\n<li>\n<strong>Fonctionnalit\u00e9s suppl\u00e9mentaires<\/strong>:il peut bouger<\/li>\n<li>\n<strong>volume du colis<\/strong>:6<\/li>\n<li>\n<strong>Remplissage<\/strong>:\u00c9ponge \u00e0 haute r\u00e9silience<\/li>\n<li>\n<strong>Combinaison de canap\u00e9<\/strong>:En forme de U<\/li>\n<li>\n<strong>Origine<\/strong>:Province du Jiangsu<\/li>\n<li>\n<strong>Positionnement de style<\/strong>:Qualit\u00e9 Luxe<\/li>\n<li>\n<strong>Gamme de finitions en cuir<\/strong>:Surface de contact<\/li>\n<li>\n<strong>trier par couleur<\/strong>:Four-person seat (imported first-layer cowhide), three-person seat (imported first-layer cowhide), double-person seat (imported first-layer cowhide), leisure chair (imported first-layer cowhide), coffee table, a pair of corners, 2.2-meter TV cabinet, two leisure chairs + double seats + three-person seat (imported first-layer cowhide), two leisure chairs + double seats + four-person seat (imported first-layer cowhide), two leisure chairs + double seats + three-person seat + coffee table + 2.2-meter TV cabinet (imported first-layer cowhide), two leisure chairs + double seats + four-person seat + coffee table + 2.2-meter TV cabinet (imported first-layer cowhide), two leisure chairs + double seats + three-person seat + coffee table + 2.2-meter TV cabinet + two side tables (imported first-layer cowhide), two leisure chairs + double seats + four-person seat + coffee table + 2.2-meter TV cabinet + two side tables (imported first-layer cowhide)<\/li>\n<li>\n<strong>marque<\/strong>:autre\/autre<\/li>\n<li>\n<strong>mod\u00e8le<\/strong>:ZSMJ-25<\/li>\n<li>\n<strong>Mati\u00e8re cuir<\/strong>:Couche sup\u00e9rieure de cuir de vache<\/li>\n<li>\n<strong>\u00e9l\u00e9ments populaires<\/strong>:Special shape, splicing, mirror, metal<\/li>\n<li>\n<strong>Duret\u00e9 du remplissage<\/strong>:Duret\u00e9 et douceur mod\u00e9r\u00e9es<\/li>\n<li>\n<strong>Appropri\u00e9<\/strong>:Adultes<\/li>\n<li>\n<strong>Technologie structurelle<\/strong>:Artisanat du bois<\/li>\n<li>\n<strong>Technologie des structures en bois<\/strong>:Structure \u00e0 tenon et mortaise<\/li>\n<li>\n<strong>Est-ce personnalisable ?<\/strong>:Oui<\/li>\n<li>\n<strong>Mat\u00e9riel<\/strong>:Bois<\/li>\n<li>\n<strong>Mat\u00e9riau en bois<\/strong>:H\u00eatre<\/li>\n<li>\n<strong>Instructions d&#039;installation d\u00e9taill\u00e9es<\/strong>:Installation par le ma\u00eetre<\/li>\n<li>\n<strong>Nombre de personnes applicable<\/strong>:combinaison<\/li>\n<li>\n<strong>mod\u00e8le<\/strong>:Art<\/li>\n<li>\n<strong>Livraison\/installation disponible<\/strong>:Foshan, Zhengzhou, Guiyang, Guangzhou, Fuzhou, Harbin, Xiamen, Chongqing, Changzhou, Suzhou, Xi&#039;an, Shenzhen, Nanjing, Changsha, P\u00e9kin, Qingdao, Wuxi, Chengdu, Shanghai, Wuhan, Nanning, dans tout le pays, Shenyang, Dalian, Taizhou, Dongguan, Tianjin, autres, Jinhua, Hangzhou, Nanchang, Ningbo, Wenzhou<\/li>\n<li>\n<strong>Processus de finition du cuir<\/strong>:Cuir<\/li>\n<li>\n<strong><\/strong>:<\/li>\n<\/ul>\n<p><img><\/p>","protected":false},"excerpt":{"rendered":"<p>Canap\u00e9 en cuir de luxe italien l\u00e9ger Transformez votre espace de vie avec le canap\u00e9 en cuir de luxe italien l\u00e9ger, con\u00e7u pour les villas et<\/p>","protected":false},"featured_media":35532,"comment_status":"open","ping_status":"closed","template":"","meta":[],"product_brand":[],"product_cat":[30862,30971,30850],"product_tag":[],"class_list":{"0":"post-35190","1":"product","2":"type-product","3":"status-publish","4":"has-post-thumbnail","6":"product_cat-wholesales-hotels","7":"product_cat-hp","8":"product_cat-wholesale-furniture","10":"first","11":"instock","12":"taxable","13":"shipping-taxable","14":"purchasable","15":"product-type-variable"},"_links":{"self":[{"href":"https:\/\/nexgendecors.com\/fr\/wp-json\/wp\/v2\/product\/35190","targetHints":{"allow":["GET"]}}],"collection":[{"href":"https:\/\/nexgendecors.com\/fr\/wp-json\/wp\/v2\/product"}],"about":[{"href":"https:\/\/nexgendecors.com\/fr\/wp-json\/wp\/v2\/types\/product"}],"replies":[{"embeddable":true,"href":"https:\/\/nexgendecors.com\/fr\/wp-json\/wp\/v2\/comments?post=35190"}],"version-history":[{"count":0,"href":"https:\/\/nexgendecors.com\/fr\/wp-json\/wp\/v2\/product\/35190\/revisions"}],"wp:featuredmedia":[{"embeddable":true,"href":"https:\/\/nexgendecors.com\/fr\/wp-json\/wp\/v2\/media\/35532"}],"wp:attachment":[{"href":"https:\/\/nexgendecors.com\/fr\/wp-json\/wp\/v2\/media?parent=35190"}],"wp:term":[{"taxonomy":"product_brand","embeddable":true,"href":"https:\/\/nexgendecors.com\/fr\/wp-json\/wp\/v2\/product_brand?post=35190"},{"taxonomy":"product_cat","embeddable":true,"href":"https:\/\/nexgendecors.com\/fr\/wp-json\/wp\/v2\/product_cat?post=35190"},{"taxonomy":"product_tag","embeddable":true,"href":"https:\/\/nexgendecors.com\/fr\/wp-json\/wp\/v2\/product_tag?post=35190"}],"curies":[{"name":"wp","href":"https:\/\/api.w.org\/{rel}","templated":true}]}}