{"id":35204,"date":"2025-01-26T01:44:14","date_gmt":"2025-01-26T01:44:14","guid":{"rendered":"https:\/\/nexgendecors.com\/product\/italian-light-luxury-leather-sofa-living-room-2024-new-combination-size-apartment-modern-simple-first-layer-american-cowhide\/"},"modified":"2025-04-06T07:46:27","modified_gmt":"2025-04-06T07:46:27","slug":"canape-en-cuir-de-luxe-leger-italien-salon-2024-nouvelle-combinaison-taille-appartement-moderne-simple-premiere-couche-peau-de-vache-americaine","status":"publish","type":"product","link":"https:\/\/nexgendecors.com\/fr\/product\/canape-en-cuir-de-luxe-leger-italien-salon-2024-nouvelle-combinaison-taille-appartement-moderne-simple-premiere-couche-peau-de-vache-americaine\/","title":{"rendered":"Canap\u00e9 en cuir italien de luxe l\u00e9ger\u00a0: confort et style \u00e9l\u00e9gants"},"content":{"rendered":"<p><strong>Canap\u00e9 en cuir italien de luxe l\u00e9ger<\/strong><\/p>\n<p>Sublimez votre salon avec le canap\u00e9 en cuir italien Light Luxury, un nouveau mod\u00e8le 2024 con\u00e7u pour les appartements modernes. Rev\u00eatu de cuir de vachette am\u00e9ricain de premi\u00e8re qualit\u00e9, ce canap\u00e9 allie \u00e9l\u00e9gance sophistiqu\u00e9e et simplicit\u00e9 contemporaine.<\/p>\n<ul>\n<li>\n<strong>marque<\/strong>:#0 Usine<\/li>\n<li>\n<strong>mod\u00e8le<\/strong>:087-23<\/li>\n<li>\n<strong>Mat\u00e9riel<\/strong>:Bois<\/li>\n<li>\n<strong>Mat\u00e9riau en bois<\/strong>:autre<\/li>\n<li>\n<strong>mod\u00e8le<\/strong>:Art<\/li>\n<li>\n<strong>style<\/strong>:Style de luxe l\u00e9ger<\/li>\n<li>\n<strong>trier par couleur<\/strong>:Si\u00e8ge double 1,7 m\u00e8tre [cuir Nappa super r\u00e9sistant \u00e0 l&#039;usure], si\u00e8ge double 1,7 m\u00e8tre [cuir de vachette de premi\u00e8re couche import\u00e9 + latex], trois si\u00e8ges 2,2 m\u00e8tres [cuir Nappa super r\u00e9sistant \u00e0 l&#039;usure], trois si\u00e8ges 2,2 m\u00e8tres [cuir de vachette de premi\u00e8re couche import\u00e9 + latex], 3 si\u00e8ges + 1 si\u00e8ge [cuir Nappa super r\u00e9sistant \u00e0 l&#039;usure], 3 si\u00e8ges + 1 si\u00e8ge [cuir de vachette de premi\u00e8re couche import\u00e9 + latex], 3 si\u00e8ges + 2 si\u00e8ges [cuir Nappa super r\u00e9sistant \u00e0 l&#039;usure], 3 si\u00e8ges + 2 si\u00e8ges [cuir de vachette de premi\u00e8re couche import\u00e9 + latex], 3+1+p\u00e9dale [cuir Nappa super r\u00e9sistant \u00e0 l&#039;usure], 3+1+p\u00e9dale [cuir de vachette de premi\u00e8re couche import\u00e9 + latex], 1+2+3 [cuir Nappa super r\u00e9sistant \u00e0 l&#039;usure], 1+2+3 [cuir de vachette de couche sup\u00e9rieure import\u00e9 + latex], quatre places 2,8 m\u00e8tres [cuir Nappa super r\u00e9sistant \u00e0 l&#039;usure], quatre places 2,8 m\u00e8tres [cuir de vachette couche sup\u00e9rieure import\u00e9 + latex], 4+1 [cuir Nappa super r\u00e9sistant \u00e0 l&#039;usure], 4+1 [cuir de vachette couche sup\u00e9rieure import\u00e9 + latex], 4+2 [cuir Nappa super r\u00e9sistant \u00e0 l&#039;usure], 4+2 [cuir de vachette couche sup\u00e9rieure import\u00e9 + latex], 4+1+repose-pieds [cuir Nappa super r\u00e9sistant \u00e0 l&#039;usure], 4+1+repose-pieds [cuir de vachette couche sup\u00e9rieure import\u00e9 + latex], chaise pivotante Milan [cuir Nappa super r\u00e9sistant \u00e0 l&#039;usure], chaise pivotante Milan [cuir de vachette couche sup\u00e9rieure import\u00e9 + latex], chaise pivotante citrouille haut de gamme [cuir Nappa super r\u00e9sistant \u00e0 l&#039;usure], chaise pivotante citrouille haut de gamme [cuir de vachette couche sup\u00e9rieure import\u00e9 + latex]<\/li>\n<li>\n<strong>Remplissage<\/strong>:\u00e9ponge<\/li>\n<li>\n<strong>Technologie structurelle<\/strong>:Artisanat du bois<\/li>\n<li>\n<strong>Technologie des structures en bois<\/strong>:autre<\/li>\n<li>\n<strong>Est-ce personnalisable ?<\/strong>:Oui<\/li>\n<li>\n<strong>Combinaison de canap\u00e9<\/strong>:En forme de U<\/li>\n<li>\n<strong>Fonctionnalit\u00e9s suppl\u00e9mentaires<\/strong>:il peut bouger<\/li>\n<li>\n<strong>Appropri\u00e9<\/strong>:Adultes<\/li>\n<li>\n<strong>Y a-t-il un espace de stockage ?<\/strong>:Non<\/li>\n<li>\n<strong>Processus de finition du cuir<\/strong>:Lavage<\/li>\n<li>\n<strong>Mati\u00e8re cuir<\/strong>:cuir<\/li>\n<li>\n<strong>Livraison\/installation disponible<\/strong>:Autres, Nanchang, Harbin, Dalian, Shenyang, Xi&#039;an, Guiyang, Zhengzhou, Jinhua, Changsha, P\u00e9kin, Changzhou, Chengdu, Dongguan, Foshan, Fuzhou, Guangzhou, Hangzhou, Nanjing, Nanning, Ningbo, Qingdao, Shanghai, Shenzhen, Suzhou, Taizhou, Tianjin, Wenzhou, Wuxi, Wuhan, Xiamen, Chongqing<\/li>\n<li>\n<strong>Assembler<\/strong>:Non<\/li>\n<li>\n<strong>volume du colis<\/strong>:3<\/li>\n<li>\n<strong>Un taxi est-il disponible pour le transport ?<\/strong>:Non<\/li>\n<li>\n<strong>Duret\u00e9 du remplissage<\/strong>:doux<\/li>\n<li>\n<strong>Positionnement de style<\/strong>:Qualit\u00e9 Luxe<\/li>\n<li>\n<strong>Instructions d&#039;installation d\u00e9taill\u00e9es<\/strong>:Fournir des instructions d&#039;installation, une vid\u00e9o d&#039;installation et des outils d&#039;installation simples<\/li>\n<li>\n<strong>Gamme de finitions en cuir<\/strong>:Surface de contact<\/li>\n<\/ul>\n<p><img><\/p>","protected":false},"excerpt":{"rendered":"<p>Canap\u00e9 en cuir de luxe italien l\u00e9ger Sublimez votre salon avec le canap\u00e9 en cuir de luxe italien l\u00e9ger, un nouveau design 2024<\/p>","protected":false},"featured_media":35789,"comment_status":"open","ping_status":"closed","template":"","meta":[],"product_brand":[],"product_cat":[30862,30971,30850],"product_tag":[],"class_list":{"0":"post-35204","1":"product","2":"type-product","3":"status-publish","4":"has-post-thumbnail","6":"product_cat-wholesales-hotels","7":"product_cat-hp","8":"product_cat-wholesale-furniture","10":"first","11":"instock","12":"taxable","13":"shipping-taxable","14":"purchasable","15":"product-type-variable"},"_links":{"self":[{"href":"https:\/\/nexgendecors.com\/fr\/wp-json\/wp\/v2\/product\/35204","targetHints":{"allow":["GET"]}}],"collection":[{"href":"https:\/\/nexgendecors.com\/fr\/wp-json\/wp\/v2\/product"}],"about":[{"href":"https:\/\/nexgendecors.com\/fr\/wp-json\/wp\/v2\/types\/product"}],"replies":[{"embeddable":true,"href":"https:\/\/nexgendecors.com\/fr\/wp-json\/wp\/v2\/comments?post=35204"}],"version-history":[{"count":0,"href":"https:\/\/nexgendecors.com\/fr\/wp-json\/wp\/v2\/product\/35204\/revisions"}],"wp:featuredmedia":[{"embeddable":true,"href":"https:\/\/nexgendecors.com\/fr\/wp-json\/wp\/v2\/media\/35789"}],"wp:attachment":[{"href":"https:\/\/nexgendecors.com\/fr\/wp-json\/wp\/v2\/media?parent=35204"}],"wp:term":[{"taxonomy":"product_brand","embeddable":true,"href":"https:\/\/nexgendecors.com\/fr\/wp-json\/wp\/v2\/product_brand?post=35204"},{"taxonomy":"product_cat","embeddable":true,"href":"https:\/\/nexgendecors.com\/fr\/wp-json\/wp\/v2\/product_cat?post=35204"},{"taxonomy":"product_tag","embeddable":true,"href":"https:\/\/nexgendecors.com\/fr\/wp-json\/wp\/v2\/product_tag?post=35204"}],"curies":[{"name":"wp","href":"https:\/\/api.w.org\/{rel}","templated":true}]}}