{"id":35230,"date":"2025-01-26T01:44:16","date_gmt":"2025-01-26T01:44:16","guid":{"rendered":"https:\/\/nexgendecors.com\/product\/italian-light-luxury-matte-leather-sofa-villa-high-end-large-apartment-living-room-bentley-furniture-italian-buckle-sofa\/"},"modified":"2025-04-06T07:46:31","modified_gmt":"2025-04-06T07:46:31","slug":"italian-light-luxury-matte-leather-sofa-villa-high-end-large-apartment-living-room-bentley-furniture-italian-buckle-sofa","status":"publish","type":"product","link":"https:\/\/nexgendecors.com\/fr\/product\/italian-light-luxury-matte-leather-sofa-villa-high-end-large-apartment-living-room-bentley-furniture-italian-buckle-sofa\/","title":{"rendered":"Canap\u00e9 italien en cuir mat de luxe l\u00e9ger \u2013 Confort \u00e9l\u00e9gant"},"content":{"rendered":"<p><strong>Canap\u00e9 italien en cuir mat de luxe l\u00e9ger<\/strong><\/p>\n<p>Transform your villa or large apartment living room with the Italian Light Luxury Matte Leather Sofa, featuring a sophisticated Bentley-inspired design. This high-end sofa combines elegant matte leather with distinctive Italian buckle details, offering both luxury and modern flair.<\/p>\n<ul>\n<li>\n<strong>marque<\/strong>:Aucune marque\/aucune marque d\u00e9pos\u00e9e<\/li>\n<li>\n<strong>mod\u00e8le<\/strong>:65<\/li>\n<li>\n<strong>\u00e9l\u00e9ments populaires<\/strong>:Mirror, mortise and tenon, metal<\/li>\n<li>\n<strong>Y a-t-il un espace de stockage ?<\/strong>:Non<\/li>\n<li>\n<strong>style<\/strong>:Style de luxe l\u00e9ger<\/li>\n<li>\n<strong>Assembler<\/strong>:Non<\/li>\n<li>\n<strong>Appropri\u00e9<\/strong>:Adultes<\/li>\n<li>\n<strong>Fonctionnalit\u00e9s suppl\u00e9mentaires<\/strong>:il peut bouger<\/li>\n<li>\n<strong>Est-ce que tout est en bois massif ?<\/strong>:Oui<\/li>\n<li>\n<strong>volume du colis<\/strong>:2<\/li>\n<li>\n<strong>Est-ce personnalisable ?<\/strong>:Oui<\/li>\n<li>\n<strong>Remplissage<\/strong>:\u00e9ponge<\/li>\n<li>\n<strong>Technologie des structures en bois<\/strong>:Structure \u00e0 tenon et mortaise<\/li>\n<li>\n<strong>Combinaison de canap\u00e9<\/strong>:En forme de U<\/li>\n<li>\n<strong>Nombre de personnes applicable<\/strong>:combinaison<\/li>\n<li>\n<strong>mod\u00e8le<\/strong>:Art<\/li>\n<li>\n<strong>Un taxi est-il disponible pour le transport ?<\/strong>:Non<\/li>\n<li>\n<strong>Positionnement de style<\/strong>:Qualit\u00e9 Luxe<\/li>\n<li>\n<strong>Mat\u00e9riau en bois<\/strong>:H\u00eatre<\/li>\n<li>\n<strong>trier par couleur<\/strong>:Leisure chair, single seat, double seat, triple seat, quad seat, coffee table, corner table, TV cabinet, Suzhou physical exhibition hall; you can come to visit<\/li>\n<\/ul>\n<p><img><\/p>","protected":false},"excerpt":{"rendered":"<p>Canap\u00e9 en cuir mat de luxe italien Light Transformez le salon de votre villa ou de votre grand appartement avec le canap\u00e9 en cuir mat de luxe italien Light<\/p>","protected":false},"featured_media":35856,"comment_status":"open","ping_status":"closed","template":"","meta":[],"product_brand":[],"product_cat":[30862,30971,30850],"product_tag":[],"class_list":{"0":"post-35230","1":"product","2":"type-product","3":"status-publish","4":"has-post-thumbnail","6":"product_cat-wholesales-hotels","7":"product_cat-hp","8":"product_cat-wholesale-furniture","10":"first","11":"instock","12":"taxable","13":"shipping-taxable","14":"purchasable","15":"product-type-variable"},"_links":{"self":[{"href":"https:\/\/nexgendecors.com\/fr\/wp-json\/wp\/v2\/product\/35230","targetHints":{"allow":["GET"]}}],"collection":[{"href":"https:\/\/nexgendecors.com\/fr\/wp-json\/wp\/v2\/product"}],"about":[{"href":"https:\/\/nexgendecors.com\/fr\/wp-json\/wp\/v2\/types\/product"}],"replies":[{"embeddable":true,"href":"https:\/\/nexgendecors.com\/fr\/wp-json\/wp\/v2\/comments?post=35230"}],"version-history":[{"count":0,"href":"https:\/\/nexgendecors.com\/fr\/wp-json\/wp\/v2\/product\/35230\/revisions"}],"wp:featuredmedia":[{"embeddable":true,"href":"https:\/\/nexgendecors.com\/fr\/wp-json\/wp\/v2\/media\/35856"}],"wp:attachment":[{"href":"https:\/\/nexgendecors.com\/fr\/wp-json\/wp\/v2\/media?parent=35230"}],"wp:term":[{"taxonomy":"product_brand","embeddable":true,"href":"https:\/\/nexgendecors.com\/fr\/wp-json\/wp\/v2\/product_brand?post=35230"},{"taxonomy":"product_cat","embeddable":true,"href":"https:\/\/nexgendecors.com\/fr\/wp-json\/wp\/v2\/product_cat?post=35230"},{"taxonomy":"product_tag","embeddable":true,"href":"https:\/\/nexgendecors.com\/fr\/wp-json\/wp\/v2\/product_tag?post=35230"}],"curies":[{"name":"wp","href":"https:\/\/api.w.org\/{rel}","templated":true}]}}