{"id":35242,"date":"2025-01-26T01:44:19","date_gmt":"2025-01-26T01:44:19","guid":{"rendered":"https:\/\/nexgendecors.com\/product\/italian-light-luxury-genuine-leather-matte-sofa-combination-living-room-high-end-villa-large-apartment-buckle-bentley-sofa-postmodern\/"},"modified":"2025-04-06T07:46:35","modified_gmt":"2025-04-06T07:46:35","slug":"canape-italien-leger-de-luxe-en-cuir-veritable-mat-combinaison-de-salon-villa-haut-de-gamme-grand-appartement-boucle-bentley-canape-postmoderne","status":"publish","type":"product","link":"https:\/\/nexgendecors.com\/fr\/product\/canape-italien-leger-de-luxe-en-cuir-veritable-mat-combinaison-de-salon-villa-haut-de-gamme-grand-appartement-boucle-bentley-canape-postmoderne\/","title":{"rendered":"Canap\u00e9 italien en cuir mat de luxe l\u00e9ger \u2013 Confort \u00e9l\u00e9gant"},"content":{"rendered":"<p><strong>Canap\u00e9 italien en cuir mat de luxe l\u00e9ger<\/strong><\/p>\n<p>Sublimez votre salon avec le canap\u00e9 italien Light Luxury en cuir v\u00e9ritable mat, un m\u00e9lange parfait d&#039;\u00e9l\u00e9gance et de modernit\u00e9. Cet ensemble haut de gamme est id\u00e9al pour les grands appartements et les villas de luxe, offrant une solution d&#039;assise sophistiqu\u00e9e \u00e0 l&#039;esth\u00e9tique postmoderne. Confectionn\u00e9 en cuir v\u00e9ritable haut de gamme avec une finition mate, ce canap\u00e9 d\u00e9gage une \u00e9l\u00e9gance raffin\u00e9e et discr\u00e8te.<\/p>\n<ul>\n<li>\n<strong>Y a-t-il un espace de stockage ?<\/strong>:Non<\/li>\n<li>\n<strong>style<\/strong>:Luxe l\u00e9ger italien<\/li>\n<li>\n<strong>Assembler<\/strong>:Non<\/li>\n<li>\n<strong>ville<\/strong>:Ville de Suzhou<\/li>\n<li>\n<strong>Districts et comt\u00e9s<\/strong>:District de Xiangcheng<\/li>\n<li>\n<strong>Fonctionnalit\u00e9s suppl\u00e9mentaires<\/strong>:il peut bouger<\/li>\n<li>\n<strong>volume du colis<\/strong>:6<\/li>\n<li>\n<strong>Remplissage<\/strong>:\u00c9ponge \u00e0 haute r\u00e9silience<\/li>\n<li>\n<strong>Combinaison de canap\u00e9<\/strong>:En forme de U<\/li>\n<li>\n<strong>Origine<\/strong>:Province du Jiangsu<\/li>\n<li>\n<strong>Positionnement de style<\/strong>:Qualit\u00e9 Luxe<\/li>\n<li>\n<strong>Gamme de finitions en cuir<\/strong>:Surface de contact en cuir<\/li>\n<li>\n<strong>trier par couleur<\/strong>:Quatre places (premi\u00e8re couche de cuir de vache), trois places (premi\u00e8re couche de cuir de vache), deux places (premi\u00e8re couche de cuir de vache), chaise de loisirs (premi\u00e8re couche de cuir de vache), table basse, table d&#039;angle<\/li>\n<li>\n<strong>marque<\/strong>:autre\/autre<\/li>\n<li>\n<strong>mod\u00e8le<\/strong>:B-12<\/li>\n<li>\n<strong>Mati\u00e8re cuir<\/strong>:Couche sup\u00e9rieure de cuir de vache<\/li>\n<li>\n<strong>\u00e9l\u00e9ments populaires<\/strong>:Boucle, \u00e9pissure, tenon et mortaise, m\u00e9tal<\/li>\n<li>\n<strong>Duret\u00e9 du remplissage<\/strong>:Duret\u00e9 et douceur mod\u00e9r\u00e9es<\/li>\n<li>\n<strong>Appropri\u00e9<\/strong>:G\u00e9n\u00e9ral<\/li>\n<li>\n<strong>Technologie structurelle<\/strong>:Artisanat du bois<\/li>\n<li>\n<strong>Technologie des structures en bois<\/strong>:Structure \u00e0 tenon et mortaise<\/li>\n<li>\n<strong>Est-ce personnalisable ?<\/strong>:Oui<\/li>\n<li>\n<strong>Mat\u00e9riel<\/strong>:H\u00eatre<\/li>\n<li>\n<strong>Instructions d&#039;installation d\u00e9taill\u00e9es<\/strong>:Installation par le ma\u00eetre<\/li>\n<li>\n<strong>Nombre de personnes applicable<\/strong>:combinaison<\/li>\n<li>\n<strong>mod\u00e8le<\/strong>:Art<\/li>\n<li>\n<strong>Un taxi est-il disponible pour le transport ?<\/strong>:Non<\/li>\n<li>\n<strong>Livraison\/installation disponible<\/strong>:Foshan, Zhengzhou, Guiyang, Guangzhou, Fuzhou, Harbin, Xiamen, Chongqing, Changzhou, Suzhou, Xi&#039;an, Shenzhen, Nanjing, Changsha, P\u00e9kin, Qingdao, Wuxi, Chengdu, Shanghai, Wuhan, Nanning, dans tout le pays, Shenyang, Dalian, Taizhou, Dongguan, Tianjin, autres, Jinhua, Hangzhou, Nanchang, Ningbo, Wenzhou<\/li>\n<li>\n<strong>Processus de finition du cuir<\/strong>:Vernis<\/li>\n<li>\n<strong><\/strong>:<\/li>\n<\/ul>\n<p><img><\/p>","protected":false},"excerpt":{"rendered":"<p>Canap\u00e9 en cuir mat de luxe italien l\u00e9ger \u00c9levez votre salon avec la combinaison de canap\u00e9 en cuir v\u00e9ritable mat de luxe italien l\u00e9ger,<\/p>","protected":false},"featured_media":35871,"comment_status":"open","ping_status":"closed","template":"","meta":[],"product_brand":[],"product_cat":[30862,30971,30850],"product_tag":[],"class_list":{"0":"post-35242","1":"product","2":"type-product","3":"status-publish","4":"has-post-thumbnail","6":"product_cat-wholesales-hotels","7":"product_cat-hp","8":"product_cat-wholesale-furniture","10":"first","11":"instock","12":"taxable","13":"shipping-taxable","14":"purchasable","15":"product-type-variable"},"_links":{"self":[{"href":"https:\/\/nexgendecors.com\/fr\/wp-json\/wp\/v2\/product\/35242","targetHints":{"allow":["GET"]}}],"collection":[{"href":"https:\/\/nexgendecors.com\/fr\/wp-json\/wp\/v2\/product"}],"about":[{"href":"https:\/\/nexgendecors.com\/fr\/wp-json\/wp\/v2\/types\/product"}],"replies":[{"embeddable":true,"href":"https:\/\/nexgendecors.com\/fr\/wp-json\/wp\/v2\/comments?post=35242"}],"version-history":[{"count":0,"href":"https:\/\/nexgendecors.com\/fr\/wp-json\/wp\/v2\/product\/35242\/revisions"}],"wp:featuredmedia":[{"embeddable":true,"href":"https:\/\/nexgendecors.com\/fr\/wp-json\/wp\/v2\/media\/35871"}],"wp:attachment":[{"href":"https:\/\/nexgendecors.com\/fr\/wp-json\/wp\/v2\/media?parent=35242"}],"wp:term":[{"taxonomy":"product_brand","embeddable":true,"href":"https:\/\/nexgendecors.com\/fr\/wp-json\/wp\/v2\/product_brand?post=35242"},{"taxonomy":"product_cat","embeddable":true,"href":"https:\/\/nexgendecors.com\/fr\/wp-json\/wp\/v2\/product_cat?post=35242"},{"taxonomy":"product_tag","embeddable":true,"href":"https:\/\/nexgendecors.com\/fr\/wp-json\/wp\/v2\/product_tag?post=35242"}],"curies":[{"name":"wp","href":"https:\/\/api.w.org\/{rel}","templated":true}]}}