{"id":35249,"date":"2025-01-26T01:44:20","date_gmt":"2025-01-26T01:44:20","guid":{"rendered":"https:\/\/nexgendecors.com\/product\/italian-light-luxury-matte-leather-sofa-high-end-custom-villa-large-apartment-living-room-smile-sofa-combination-furniture\/"},"modified":"2025-04-06T07:46:39","modified_gmt":"2025-04-06T07:46:39","slug":"canape-en-cuir-mat-de-luxe-leger-italien-haut-de-gamme-personnalise-villa-grand-appartement-salon-canape-sourire-combinaison-meubles","status":"publish","type":"product","link":"https:\/\/nexgendecors.com\/fr\/product\/canape-en-cuir-mat-de-luxe-leger-italien-haut-de-gamme-personnalise-villa-grand-appartement-salon-canape-sourire-combinaison-meubles\/","title":{"rendered":"Canap\u00e9 italien en cuir mat de luxe l\u00e9ger \u2013 Design Smile personnalis\u00e9"},"content":{"rendered":"<p><strong>Canap\u00e9 italien en cuir mat de luxe l\u00e9ger \u2013 Combinaison de canap\u00e9 Smile haut de gamme sur mesure<\/strong><\/p>\n<p>D\u00e9couvrez le canap\u00e9 italien Light Luxury en cuir mat, un m\u00e9lange parfait d&#039;\u00e9l\u00e9gance et de confort, con\u00e7u pour les villas haut de gamme sur mesure et les grands appartements. Ce luxueux ensemble de canap\u00e9s est dot\u00e9 d&#039;un rev\u00eatement en cuir mat souple, offrant une esth\u00e9tique sophistiqu\u00e9e et moderne. Son design unique en forme de \u00ab sourire \u00bb ajoute une touche de charme et en fait une pi\u00e8ce remarquable dans tout salon.<\/p>\n<ul>\n<li>\n<strong>marque<\/strong>:autre\/autre<\/li>\n<li>\n<strong>mod\u00e8le<\/strong>:c002 canap\u00e9<\/li>\n<li>\n<strong>Mat\u00e9riel<\/strong>:Bois<\/li>\n<li>\n<strong>style<\/strong>:Style de luxe l\u00e9ger<\/li>\n<li>\n<strong>trier par couleur<\/strong>:1,1 m si\u00e8ge simple (cuir givr\u00e9 import\u00e9), 1,8 m si\u00e8ge double (cuir givr\u00e9 import\u00e9), 2,3 m si\u00e8ge trois personnes (cuir givr\u00e9 import\u00e9), 2,75 m si\u00e8ge quatre personnes (cuir givr\u00e9 import\u00e9), 3,1 m si\u00e8ge cinq personnes (cuir givr\u00e9 import\u00e9), 1,1 m si\u00e8ge simple (simili cuir Nappa import\u00e9), 1,8 m si\u00e8ge double (simili cuir Nappa import\u00e9), 2,3 m si\u00e8ge trois personnes (simili cuir Nappa import\u00e9), 2,75 m si\u00e8ge quatre personnes (simili cuir Nappa import\u00e9), 3,1 m si\u00e8ge cinq personnes (simili cuir Nappa import\u00e9), 1,1 m si\u00e8ge simple (tissu technologique givr\u00e9 import\u00e9), 1,8 m si\u00e8ge double (tissu technologique givr\u00e9 import\u00e9), 2,3 m si\u00e8ge trois personnes (tissu technologique givr\u00e9 import\u00e9), 2,75 m si\u00e8ge quatre personnes (tissu technologique givr\u00e9 import\u00e9), 3,1 m si\u00e8ge cinq personnes (tissu technologique givr\u00e9 import\u00e9)<\/li>\n<li>\n<strong>Remplissage<\/strong>:\u00e9ponge<\/li>\n<li>\n<strong>Technologie structurelle<\/strong>:Artisanat du bois<\/li>\n<li>\n<strong>Est-ce personnalisable ?<\/strong>:Oui<\/li>\n<li>\n<strong>Combinaison de canap\u00e9<\/strong>:droit<\/li>\n<li>\n<strong>Appropri\u00e9<\/strong>:Adultes<\/li>\n<li>\n<strong>Y a-t-il un espace de stockage ?<\/strong>:Non<\/li>\n<li>\n<strong>Processus de finition du cuir<\/strong>:Givr\u00e9<\/li>\n<li>\n<strong>Mati\u00e8re cuir<\/strong>:Couche sup\u00e9rieure de cuir de vache<\/li>\n<li>\n<strong>Livraison\/installation disponible<\/strong>:\u00c0 l&#039;\u00e9chelle nationale<\/li>\n<li>\n<strong>Assembler<\/strong>:Non<\/li>\n<li>\n<strong>volume du colis<\/strong>:3<\/li>\n<li>\n<strong>Un taxi est-il disponible pour le transport ?<\/strong>:Non<\/li>\n<li>\n<strong>Duret\u00e9 du remplissage<\/strong>:doux<\/li>\n<li>\n<strong>Positionnement de style<\/strong>:Qualit\u00e9 Luxe<\/li>\n<li>\n<strong>Instructions d&#039;installation d\u00e9taill\u00e9es<\/strong>:Aucune instruction d&#039;installation<\/li>\n<li>\n<strong>Gamme de finitions en cuir<\/strong>:Cuir<\/li>\n<\/ul>\n<p><img><\/p>","protected":false},"excerpt":{"rendered":"<p>Canap\u00e9 en cuir mat de luxe italien l\u00e9ger \u2013 Combinaison de canap\u00e9 Smile personnalis\u00e9 haut de gamme Pr\u00e9sentation du canap\u00e9 en cuir mat de luxe italien l\u00e9ger,<\/p>","protected":false},"featured_media":35881,"comment_status":"open","ping_status":"closed","template":"","meta":[],"product_brand":[],"product_cat":[30862,30971,30850],"product_tag":[],"class_list":{"0":"post-35249","1":"product","2":"type-product","3":"status-publish","4":"has-post-thumbnail","6":"product_cat-wholesales-hotels","7":"product_cat-hp","8":"product_cat-wholesale-furniture","10":"first","11":"instock","12":"taxable","13":"shipping-taxable","14":"purchasable","15":"product-type-variable"},"_links":{"self":[{"href":"https:\/\/nexgendecors.com\/fr\/wp-json\/wp\/v2\/product\/35249","targetHints":{"allow":["GET"]}}],"collection":[{"href":"https:\/\/nexgendecors.com\/fr\/wp-json\/wp\/v2\/product"}],"about":[{"href":"https:\/\/nexgendecors.com\/fr\/wp-json\/wp\/v2\/types\/product"}],"replies":[{"embeddable":true,"href":"https:\/\/nexgendecors.com\/fr\/wp-json\/wp\/v2\/comments?post=35249"}],"version-history":[{"count":0,"href":"https:\/\/nexgendecors.com\/fr\/wp-json\/wp\/v2\/product\/35249\/revisions"}],"wp:featuredmedia":[{"embeddable":true,"href":"https:\/\/nexgendecors.com\/fr\/wp-json\/wp\/v2\/media\/35881"}],"wp:attachment":[{"href":"https:\/\/nexgendecors.com\/fr\/wp-json\/wp\/v2\/media?parent=35249"}],"wp:term":[{"taxonomy":"product_brand","embeddable":true,"href":"https:\/\/nexgendecors.com\/fr\/wp-json\/wp\/v2\/product_brand?post=35249"},{"taxonomy":"product_cat","embeddable":true,"href":"https:\/\/nexgendecors.com\/fr\/wp-json\/wp\/v2\/product_cat?post=35249"},{"taxonomy":"product_tag","embeddable":true,"href":"https:\/\/nexgendecors.com\/fr\/wp-json\/wp\/v2\/product_tag?post=35249"}],"curies":[{"name":"wp","href":"https:\/\/api.w.org\/{rel}","templated":true}]}}