{"id":35266,"date":"2025-01-26T01:44:22","date_gmt":"2025-01-26T01:44:22","guid":{"rendered":"https:\/\/nexgendecors.com\/product\/italian-light-luxury-mushang-leather-sofa-post-modern-simple-living-room-villa-high-end-large-flat-hong-kong-style-solid-wood-furniture\/"},"modified":"2025-04-06T07:46:43","modified_gmt":"2025-04-06T07:46:43","slug":"italian-light-luxury-mushang-leather-sofa-post-modern-simple-living-room-villa-high-end-large-flat-hong-kong-style-solid-wood-furniture","status":"publish","type":"product","link":"https:\/\/nexgendecors.com\/fr\/product\/italian-light-luxury-mushang-leather-sofa-post-modern-simple-living-room-villa-high-end-large-flat-hong-kong-style-solid-wood-furniture\/","title":{"rendered":"Canap\u00e9 en cuir italien l\u00e9ger et luxueux Mushang \u2013 Confort \u00e9l\u00e9gant"},"content":{"rendered":"<p><strong>Italian Light Luxury Mushang Leather Sofa<\/strong><\/p>\n<p>Introduce a touch of refined elegance to your living space with the Italian Light Luxury Mushang Leather Sofa. Perfect for high-end villas and large apartments, this post-modern sofa embodies a simple yet sophisticated design. Upholstered in premium Mushang leather, it offers a luxurious and soft seating experience, elevating the comfort and style of any living room.<\/p>\n<ul>\n<li>\n<strong>marque<\/strong>:autre\/autre<\/li>\n<li>\n<strong>mod\u00e8le<\/strong>:QSSF-365<\/li>\n<li>\n<strong>Mat\u00e9riel<\/strong>:Bois<\/li>\n<li>\n<strong>Mat\u00e9riau en bois<\/strong>:bouleau<\/li>\n<li>\n<strong>mod\u00e8le<\/strong>:Art<\/li>\n<li>\n<strong>style<\/strong>:Style de luxe l\u00e9ger<\/li>\n<li>\n<strong>Nombre de personnes applicable<\/strong>:autre<\/li>\n<li>\n<strong>\u00e9l\u00e9ments populaires<\/strong>:Metal, wood, splicing<\/li>\n<li>\n<strong>trier par couleur<\/strong>:Leisure chair 1, leisure chair 2, single seat, two seats, three seats, four seats, large round coffee table, rectangular coffee table, coffee table 2, coffee table stool, matching bed, color\/size, side table<\/li>\n<li>\n<strong>Remplissage<\/strong>:\u00e9ponge<\/li>\n<li>\n<strong>Technologie structurelle<\/strong>:Travail des m\u00e9taux<\/li>\n<li>\n<strong>Technologie des structures m\u00e9talliques<\/strong>:soudage<\/li>\n<li>\n<strong>Est-ce personnalisable ?<\/strong>:Oui<\/li>\n<li>\n<strong>Combinaison de canap\u00e9<\/strong>:En forme de U<\/li>\n<li>\n<strong>Fonctionnalit\u00e9s suppl\u00e9mentaires<\/strong>:il peut bouger<\/li>\n<li>\n<strong>Appropri\u00e9<\/strong>:Adultes<\/li>\n<li>\n<strong>Y a-t-il un espace de stockage ?<\/strong>:Non<\/li>\n<li>\n<strong>Processus de finition du cuir<\/strong>:Vernis<\/li>\n<li>\n<strong>Mati\u00e8re cuir<\/strong>:Couche sup\u00e9rieure de cuir de vache<\/li>\n<li>\n<strong>Livraison\/installation disponible<\/strong>:Autres, P\u00e9kin, Chongqing, Shanghai, Tianjin, Shenzhen, Chengdu, Shenyang, Dalian, Harbin, Nanjing, Wuxi, Changzhou, Suzhou, Hangzhou, Ningbo, Wenzhou, Jinhua, Taizhou, Fuzhou, Xiamen, Nanchang, Qingdao, Zhengzhou, Wuhan, Changsha, Guangzhou, Foshan, Dongguan, Nanning, Guiyang, Xi&#039;an<\/li>\n<li>\n<strong>Assembler<\/strong>:Non<\/li>\n<li>\n<strong>volume du colis<\/strong>:10<\/li>\n<li>\n<strong>Un taxi est-il disponible pour le transport ?<\/strong>:Non<\/li>\n<li>\n<strong>Duret\u00e9 du remplissage<\/strong>:doux<\/li>\n<li>\n<strong>Positionnement de style<\/strong>:Qualit\u00e9 Luxe<\/li>\n<li>\n<strong>Instructions d&#039;installation d\u00e9taill\u00e9es<\/strong>:Fournir des instructions d&#039;installation et des outils d&#039;installation simples<\/li>\n<li>\n<strong>Gamme de finitions en cuir<\/strong>:Surface de contact<\/li>\n<\/ul>\n<p><img><\/p>","protected":false},"excerpt":{"rendered":"<p>Canap\u00e9 en cuir Mushang de luxe italien Light Introduisez une touche d&#039;\u00e9l\u00e9gance raffin\u00e9e dans votre espace de vie avec le canap\u00e9 en cuir italien Light<\/p>","protected":false},"featured_media":35886,"comment_status":"open","ping_status":"closed","template":"","meta":[],"product_brand":[],"product_cat":[30862,30971,30850],"product_tag":[],"class_list":{"0":"post-35266","1":"product","2":"type-product","3":"status-publish","4":"has-post-thumbnail","6":"product_cat-wholesales-hotels","7":"product_cat-hp","8":"product_cat-wholesale-furniture","10":"first","11":"instock","12":"taxable","13":"shipping-taxable","14":"purchasable","15":"product-type-variable"},"_links":{"self":[{"href":"https:\/\/nexgendecors.com\/fr\/wp-json\/wp\/v2\/product\/35266","targetHints":{"allow":["GET"]}}],"collection":[{"href":"https:\/\/nexgendecors.com\/fr\/wp-json\/wp\/v2\/product"}],"about":[{"href":"https:\/\/nexgendecors.com\/fr\/wp-json\/wp\/v2\/types\/product"}],"replies":[{"embeddable":true,"href":"https:\/\/nexgendecors.com\/fr\/wp-json\/wp\/v2\/comments?post=35266"}],"version-history":[{"count":0,"href":"https:\/\/nexgendecors.com\/fr\/wp-json\/wp\/v2\/product\/35266\/revisions"}],"wp:featuredmedia":[{"embeddable":true,"href":"https:\/\/nexgendecors.com\/fr\/wp-json\/wp\/v2\/media\/35886"}],"wp:attachment":[{"href":"https:\/\/nexgendecors.com\/fr\/wp-json\/wp\/v2\/media?parent=35266"}],"wp:term":[{"taxonomy":"product_brand","embeddable":true,"href":"https:\/\/nexgendecors.com\/fr\/wp-json\/wp\/v2\/product_brand?post=35266"},{"taxonomy":"product_cat","embeddable":true,"href":"https:\/\/nexgendecors.com\/fr\/wp-json\/wp\/v2\/product_cat?post=35266"},{"taxonomy":"product_tag","embeddable":true,"href":"https:\/\/nexgendecors.com\/fr\/wp-json\/wp\/v2\/product_tag?post=35266"}],"curies":[{"name":"wp","href":"https:\/\/api.w.org\/{rel}","templated":true}]}}