{"id":35404,"date":"2025-01-26T01:44:38","date_gmt":"2025-01-26T01:44:38","guid":{"rendered":"https:\/\/nexgendecors.com\/product\/light-luxury-italian-bentley-leather-bed-high-end-villa-master-bedroom-double-bed-modern-designer-1-8-meters-solid-wood-wedding-bed-3\/"},"modified":"2025-03-13T03:53:23","modified_gmt":"2025-03-13T03:53:23","slug":"lit-en-cuir-italien-de-luxe-leger-bentley-haut-de-gamme-villa-chambre-principale-lit-double-design-moderne-1-8-metres-lit-de-mariage-en-bois-massif-3","status":"publish","type":"product","link":"https:\/\/nexgendecors.com\/fr\/product\/lit-en-cuir-italien-de-luxe-leger-bentley-haut-de-gamme-villa-chambre-principale-lit-double-design-moderne-1-8-metres-lit-de-mariage-en-bois-massif-3\/","title":{"rendered":"Lit en cuir Bentley\u00a0: un design italien luxueux"},"content":{"rendered":"<p><strong>Lit en cuir italien Bentley de luxe l\u00e9ger<\/strong><\/p>\n<p>Transformez votre chambre principale avec le lit en cuir italien Bentley Light Luxury, un atout haut de gamme pour toute villa. Ce lit double de 1,80 m\u00e8tre pr\u00e9sente un design \u00e9l\u00e9gant et moderne, recouvert de cuir haut de gamme, incarnant l&#039;\u00e9l\u00e9gance et le raffinement italiens.<\/p>\n<ul>\n<li>\n<strong>marque<\/strong>:Autres maisons<\/li>\n<li>\n<strong>mod\u00e8le<\/strong>:33<\/li>\n<li>\n<strong>Y a-t-il un espace de stockage ?<\/strong>:Non<\/li>\n<li>\n<strong>style<\/strong>:Luxe l\u00e9ger<\/li>\n<li>\n<strong>Est-ce que tout est en bois massif ?<\/strong>:Oui<\/li>\n<li>\n<strong>volume du colis<\/strong>:2<\/li>\n<li>\n<strong>Est-ce personnalisable ?<\/strong>:Oui<\/li>\n<li>\n<strong>Technologie<\/strong>:Tenon<\/li>\n<li>\n<strong>Faut-il apporter un support souple<\/strong>:Oui<\/li>\n<li>\n<strong>Y a-t-il une barri\u00e8re de s\u00e9curit\u00e9 ?<\/strong>:Non<\/li>\n<li>\n<strong>Structure du meuble<\/strong>:Cadre<\/li>\n<li>\n<strong>Nombre de personnes applicable<\/strong>:2 personnes<\/li>\n<li>\n<strong>taille<\/strong>:1800mm*2000mm,1500mm*2000mm<\/li>\n<li>\n<strong>Livraison\/installation disponible<\/strong>:Foshan, Zhengzhou, Guiyang, Guangzhou, Fuzhou, Harbin, Xiamen, Chongqing, Changzhou, Suzhou, Xi&#039;an, Shenzhen, Nanjing, P\u00e9kin, Changsha, Qingdao, Wuxi, Chengdu, Shanghai, Wuhan, Nanning, Shenyang, Dalian, Taizhou, Dongguan, Tianjin, toutes les villes, Jinhua, Hangzhou, Nanchang, Ningbo, Wenzhou<\/li>\n<li>\n<strong>Mat\u00e9riel<\/strong>:H\u00eatre<\/li>\n<li>\n<strong>trier par couleur<\/strong>:Lit (couche sup\u00e9rieure en cuir de vache italien), table de chevet, repose-pieds (couche sup\u00e9rieure en cuir de vache italien), coiffeuse (ensemble trois pi\u00e8ces), service client personnalis\u00e9<\/li>\n<\/ul>","protected":false},"excerpt":{"rendered":"<p>Lit en cuir italien Bentley de luxe l\u00e9ger Transformez votre chambre principale avec le lit en cuir italien Bentley de luxe l\u00e9ger, un produit haut de gamme<\/p>","protected":false},"featured_media":36009,"comment_status":"open","ping_status":"closed","template":"","meta":[],"product_brand":[],"product_cat":[30815,30858,30862,30971],"product_tag":[],"class_list":{"0":"post-35404","1":"product","2":"type-product","3":"status-publish","4":"has-post-thumbnail","6":"product_cat-beds","7":"product_cat-wholesale-bedroom","8":"product_cat-wholesales-hotels","9":"product_cat-hp","11":"first","12":"instock","13":"sale","14":"taxable","15":"shipping-taxable","16":"purchasable","17":"product-type-variable"},"_links":{"self":[{"href":"https:\/\/nexgendecors.com\/fr\/wp-json\/wp\/v2\/product\/35404","targetHints":{"allow":["GET"]}}],"collection":[{"href":"https:\/\/nexgendecors.com\/fr\/wp-json\/wp\/v2\/product"}],"about":[{"href":"https:\/\/nexgendecors.com\/fr\/wp-json\/wp\/v2\/types\/product"}],"replies":[{"embeddable":true,"href":"https:\/\/nexgendecors.com\/fr\/wp-json\/wp\/v2\/comments?post=35404"}],"version-history":[{"count":0,"href":"https:\/\/nexgendecors.com\/fr\/wp-json\/wp\/v2\/product\/35404\/revisions"}],"wp:featuredmedia":[{"embeddable":true,"href":"https:\/\/nexgendecors.com\/fr\/wp-json\/wp\/v2\/media\/36009"}],"wp:attachment":[{"href":"https:\/\/nexgendecors.com\/fr\/wp-json\/wp\/v2\/media?parent=35404"}],"wp:term":[{"taxonomy":"product_brand","embeddable":true,"href":"https:\/\/nexgendecors.com\/fr\/wp-json\/wp\/v2\/product_brand?post=35404"},{"taxonomy":"product_cat","embeddable":true,"href":"https:\/\/nexgendecors.com\/fr\/wp-json\/wp\/v2\/product_cat?post=35404"},{"taxonomy":"product_tag","embeddable":true,"href":"https:\/\/nexgendecors.com\/fr\/wp-json\/wp\/v2\/product_tag?post=35404"}],"curies":[{"name":"wp","href":"https:\/\/api.w.org\/{rel}","templated":true}]}}