{"id":36194,"date":"2025-01-26T01:58:19","date_gmt":"2025-01-26T01:58:19","guid":{"rendered":"https:\/\/nexgendecors.com\/product\/1919-godfather-chair-light-luxury-cigar-chair-top-layer-leather-italian-single-tiger-chair-american-living-room-leisure-sofa-chair\/"},"modified":"2025-04-06T07:47:34","modified_gmt":"2025-04-06T07:47:34","slug":"1919-godfather-chair-light-luxury-cigar-chair-top-layer-leather-italian-single-tiger-chair-american-living-room-leisure-sofa-chair","status":"publish","type":"product","link":"https:\/\/nexgendecors.com\/fr\/product\/1919-godfather-chair-light-luxury-cigar-chair-top-layer-leather-italian-single-tiger-chair-american-living-room-leisure-sofa-chair\/","title":{"rendered":"Fauteuil \u00e0 cigares en cuir de luxe Godfather 1919 \u2013 Style italien"},"content":{"rendered":"<ul>\n<li>\n<strong>marque<\/strong>:Lion<\/li>\n<li>\n<strong>mod\u00e8le<\/strong>:608<\/li>\n<li>\n<strong>Mat\u00e9riel<\/strong>:Couche sup\u00e9rieure de cuir de vache<\/li>\n<li>\n<strong>mod\u00e8le<\/strong>:Art<\/li>\n<li>\n<strong>style<\/strong>:Style de luxe l\u00e9ger<\/li>\n<li>\n<strong>\u00e9l\u00e9ments populaires<\/strong>:M\u00e9tal<\/li>\n<li>\n<strong>trier par couleur<\/strong>:Burgundy,Emerald,Charm Orange<\/li>\n<li>\n<strong>Remplissage<\/strong>:\u00c9ponge en mousse hautement \u00e9lastique<\/li>\n<li>\n<strong>Est-ce personnalisable ?<\/strong>:Oui<\/li>\n<li>\n<strong>Appropri\u00e9<\/strong>:Adultes<\/li>\n<li>\n<strong>Est-ce rempla\u00e7able ?<\/strong>:Non<\/li>\n<li>\n<strong>Livraison\/installation disponible<\/strong>:\u00c0 l&#039;\u00e9chelle nationale<\/li>\n<li>\n<strong>Assembler<\/strong>:Non<\/li>\n<li>\n<strong>volume du colis<\/strong>:1<\/li>\n<li>\n<strong>Un taxi est-il disponible pour le transport ?<\/strong>:Non<\/li>\n<li>\n<strong>Positionnement de style<\/strong>:Style artistique<\/li>\n<li>\n<strong>Instructions d&#039;installation d\u00e9taill\u00e9es<\/strong>:Aucune instruction d&#039;installation<\/li>\n<\/ul>\n<p><img><\/p>","protected":false},"excerpt":{"rendered":"<p>Marque : Lion Mod\u00e8le : 608 Mat\u00e9riau : Couche sup\u00e9rieure en cuir de vache Motif : Art Style : Style de luxe l\u00e9ger \u00c9l\u00e9ments populaires : M\u00e9tal Trier par couleur : Bordeaux, \u00c9meraude, Orange Charmant Remplissage : \u00c9ponge en mousse hautement \u00e9lastique<\/p>","protected":false},"featured_media":53304,"comment_status":"open","ping_status":"closed","template":"","meta":[],"product_brand":[],"product_cat":[30902,30855,30862,30971,30904,30850],"product_tag":[],"class_list":{"0":"post-36194","1":"product","2":"type-product","3":"status-publish","4":"has-post-thumbnail","6":"product_cat-bs-chairs","7":"product_cat-wholesale-chairs","8":"product_cat-wholesales-hotels","9":"product_cat-hp","10":"product_cat-trending-furniture","11":"product_cat-wholesale-furniture","13":"first","14":"instock","15":"sale","16":"taxable","17":"shipping-taxable","18":"purchasable","19":"product-type-variable"},"_links":{"self":[{"href":"https:\/\/nexgendecors.com\/fr\/wp-json\/wp\/v2\/product\/36194","targetHints":{"allow":["GET"]}}],"collection":[{"href":"https:\/\/nexgendecors.com\/fr\/wp-json\/wp\/v2\/product"}],"about":[{"href":"https:\/\/nexgendecors.com\/fr\/wp-json\/wp\/v2\/types\/product"}],"replies":[{"embeddable":true,"href":"https:\/\/nexgendecors.com\/fr\/wp-json\/wp\/v2\/comments?post=36194"}],"version-history":[{"count":0,"href":"https:\/\/nexgendecors.com\/fr\/wp-json\/wp\/v2\/product\/36194\/revisions"}],"wp:featuredmedia":[{"embeddable":true,"href":"https:\/\/nexgendecors.com\/fr\/wp-json\/wp\/v2\/media\/53304"}],"wp:attachment":[{"href":"https:\/\/nexgendecors.com\/fr\/wp-json\/wp\/v2\/media?parent=36194"}],"wp:term":[{"taxonomy":"product_brand","embeddable":true,"href":"https:\/\/nexgendecors.com\/fr\/wp-json\/wp\/v2\/product_brand?post=36194"},{"taxonomy":"product_cat","embeddable":true,"href":"https:\/\/nexgendecors.com\/fr\/wp-json\/wp\/v2\/product_cat?post=36194"},{"taxonomy":"product_tag","embeddable":true,"href":"https:\/\/nexgendecors.com\/fr\/wp-json\/wp\/v2\/product_tag?post=36194"}],"curies":[{"name":"wp","href":"https:\/\/api.w.org\/{rel}","templated":true}]}}