{"id":36230,"date":"2025-01-26T01:58:33","date_gmt":"2025-01-26T01:58:33","guid":{"rendered":"https:\/\/nexgendecors.com\/product\/1pc-3-4-5-tier-trolley-storage-shelf-household-toy-snack-storage-shelf-multi-layer-bookshelf-organizer-bathroom-toiletries-storage-rack-space-saving-sorting-organizer-shelf-for-entryway-bathroom-be"},"modified":"2025-04-06T07:47:41","modified_gmt":"2025-04-06T07:47:41","slug":"1pc-3-4-5-tier-trolley-storage-shelf-household-toy-snack-storage-shelf-multi-layer-bookshelf-organizer-bathroom-toiletries-storage-rack-space-saving-sorting-organizer-shelf-for-entryway-bathroom-bedro","status":"publish","type":"product","link":"https:\/\/nexgendecors.com\/fr\/product\/1pc-3-4-5-tier-trolley-storage-shelf-household-toy-snack-storage-shelf-multi-layer-bookshelf-organizer-bathroom-toiletries-storage-rack-space-saving-sorting-organizer-shelf-for-entryway-bathroom-bedro\/","title":{"rendered":"\u00c9tag\u00e8re de rangement \u00e0 roulettes \u00e0 3, 4 ou 5 niveaux \u2013 Organiseur multi-usages"},"content":{"rendered":"<p data-mce-fragment=\"1\">\ud83d\uded2 <strong data-mce-fragment=\"1\">Metal Utility Cart: Create More Functional Space<\/strong><\/p>\n<p data-mce-fragment=\"1\">\ud83c\udfe1 <strong data-mce-fragment=\"1\">Versatile and Practical<\/strong>: Whether you need a utility cart for your kitchen or a side table for your living room, our Metal Utility Cart is the perfect solution for creating more functional space in your home or office.<\/p>\n<p data-mce-fragment=\"1\">\ud83d\udd04 <strong data-mce-fragment=\"1\">Removable and Breathable<\/strong>: The rotating shelf features a detachable design for easy storage when not in use, minimizing clutter. The dense metal mesh ventilating basket keeps fruits and vegetables fresh, preventing them from perishing.<\/p>\n<p data-mce-fragment=\"1\">\ud83d\udcab <strong data-mce-fragment=\"1\">Beautiful Rotating Basket Design<\/strong>: Enjoy the convenience of the rotating basket design, allowing for easy access to stored items. The increased layer distance on both sides of the fence protects goods from sliding, providing peace of mind.<\/p>\n<p data-mce-fragment=\"1\">\ud83d\udd04 <strong data-mce-fragment=\"1\">360\u00b0 Free Movement<\/strong>: With universal wheels, this cart offers 360\u00b0 free movement for effortless cleaning and repositioning. The top of the table provides additional storage space, optimizing organization and efficiency.<\/p>\n<p data-mce-fragment=\"1\">\ud83d\udd27 <strong data-mce-fragment=\"1\">Multi-use<\/strong>: Perfect for the living room, bathroom, or kitchen, this cart adds both beauty and functionality to any space. Keep fruit snacks neatly stored in the living room, maintain a tidy bathroom without the hassle of cleaning, and enjoy cooking in the kitchen without any fuss.<\/p>\n<div><\/div>","protected":false},"excerpt":{"rendered":"<p>\ud83d\uded2 Chariot utilitaire en m\u00e9tal : cr\u00e9ez un espace plus fonctionnel \ud83c\udfe1 Polyvalent et pratique : que vous ayez besoin d&#039;un chariot utilitaire pour votre<\/p>","protected":false},"featured_media":55350,"comment_status":"open","ping_status":"closed","template":"","meta":[],"product_brand":[],"product_cat":[30971,30838,30849],"product_tag":[],"class_list":{"0":"post-36230","1":"product","2":"type-product","3":"status-publish","4":"has-post-thumbnail","6":"product_cat-hp","7":"product_cat-kids-storage-orgganizer","8":"product_cat-kindergarten-school-furniture","10":"first","11":"instock","12":"taxable","13":"shipping-taxable","14":"purchasable","15":"product-type-variable"},"_links":{"self":[{"href":"https:\/\/nexgendecors.com\/fr\/wp-json\/wp\/v2\/product\/36230","targetHints":{"allow":["GET"]}}],"collection":[{"href":"https:\/\/nexgendecors.com\/fr\/wp-json\/wp\/v2\/product"}],"about":[{"href":"https:\/\/nexgendecors.com\/fr\/wp-json\/wp\/v2\/types\/product"}],"replies":[{"embeddable":true,"href":"https:\/\/nexgendecors.com\/fr\/wp-json\/wp\/v2\/comments?post=36230"}],"version-history":[{"count":0,"href":"https:\/\/nexgendecors.com\/fr\/wp-json\/wp\/v2\/product\/36230\/revisions"}],"wp:featuredmedia":[{"embeddable":true,"href":"https:\/\/nexgendecors.com\/fr\/wp-json\/wp\/v2\/media\/55350"}],"wp:attachment":[{"href":"https:\/\/nexgendecors.com\/fr\/wp-json\/wp\/v2\/media?parent=36230"}],"wp:term":[{"taxonomy":"product_brand","embeddable":true,"href":"https:\/\/nexgendecors.com\/fr\/wp-json\/wp\/v2\/product_brand?post=36230"},{"taxonomy":"product_cat","embeddable":true,"href":"https:\/\/nexgendecors.com\/fr\/wp-json\/wp\/v2\/product_cat?post=36230"},{"taxonomy":"product_tag","embeddable":true,"href":"https:\/\/nexgendecors.com\/fr\/wp-json\/wp\/v2\/product_tag?post=36230"}],"curies":[{"name":"wp","href":"https:\/\/api.w.org\/{rel}","templated":true}]}}