{"id":36287,"date":"2025-01-26T01:58:52","date_gmt":"2025-01-26T01:58:52","guid":{"rendered":"https:\/\/nexgendecors.com\/product\/1pc-bedside-table-modern-simple-mini-storage-locker-bedroom-bedside-table-nordic-modern-small-cabinet-assembly-type1706356823582\/"},"modified":"2025-04-06T07:48:10","modified_gmt":"2025-04-06T07:48:10","slug":"table-de-chevet-moderne-et-simple-mini-casier-de-rangement-table-de-chevet-pour-chambre-a-coucher-style-nordique-moderne-petite-armoire-type-dassemblage-1706356823582","status":"publish","type":"product","link":"https:\/\/nexgendecors.com\/fr\/product\/table-de-chevet-moderne-et-simple-mini-casier-de-rangement-table-de-chevet-pour-chambre-a-coucher-style-nordique-moderne-petite-armoire-type-dassemblage-1706356823582\/","title":{"rendered":"Mini table de chevet nordique \u2013 Meuble de rangement moderne"},"content":{"rendered":"<div>\n<p>\ud83c\udf1f <strong>Coins arrondis et lisses<\/strong>: Profitez de la s\u00e9curit\u00e9 et du confort de nos meubles gr\u00e2ce \u00e0 leurs angles arrondis et lisses, qui pr\u00e9viennent les chocs et les blessures. La poign\u00e9e fine et ronde assure une ouverture et une fermeture faciles, pour un confort accru. \ud83d\udeaa<\/p>\n<p>\ud83c\udfe0 <strong>Conception stable sur tout le plancher<\/strong>: Nos meubles sont dot\u00e9s d&#039;une conception stable sur toute la surface, minimisant ainsi le risque de basculement. Sur\u00e9lev\u00e9 d&#039;environ 7 cm, il reste \u00e0 l&#039;abri de la poussi\u00e8re et de la vapeur d&#039;eau, pr\u00e9servant ainsi propret\u00e9 et durabilit\u00e9. \ud83e\uddf9<\/p>\n<p>\ud83d\udecf\ufe0f <strong>Hauteur parfaite pour plus de commodit\u00e9<\/strong>Con\u00e7ue pour s&#039;adapter \u00e0 la plupart des hauteurs de lit, notre armoire permet d&#039;acc\u00e9der facilement aux objets sans avoir \u00e0 quitter le lit. Profitez d&#039;un style de vie paisible avec tout \u00e0 port\u00e9e de main. \ud83d\udca4<\/p>\n<p>\ud83c\udf3f <strong>Espace d\u00e9coratif polyvalent<\/strong>Utilisez les plans de travail ouverts pour personnaliser votre espace avec des t\u00e9l\u00e9phones portables, des vases ou d&#039;autres objets de d\u00e9coration. La barri\u00e8re sur\u00e9lev\u00e9e sur trois c\u00f4t\u00e9s offre une s\u00e9curit\u00e9 accrue et emp\u00eache les objets de tomber. \ud83d\uddbc\ufe0f<\/p>\n<p>\ud83d\uddc4\ufe0f <strong>Solution de stockage efficace<\/strong>:Avec leur conception \u00e0 double tiroir ferm\u00e9, nos meubles permettent de trier et de ranger efficacement divers objets. Gardez vos affaires \u00e0 l&#039;abri de la poussi\u00e8re et organis\u00e9es, vous \u00e9vitant ainsi de fouiller dans le d\u00e9sordre. \ud83e\uddfa<\/p>\n<\/div>","protected":false},"excerpt":{"rendered":"<p>\ud83c\udf1f Coins arrondis lisses : b\u00e9n\u00e9ficiez de la s\u00e9curit\u00e9 et du confort gr\u00e2ce aux coins arrondis lisses de nos meubles, qui \u00e9vitent les chocs et les blessures.<\/p>","protected":false},"featured_media":57534,"comment_status":"open","ping_status":"closed","template":"","meta":[],"product_brand":[],"product_cat":[30858,30971],"product_tag":[],"class_list":{"0":"post-36287","1":"product","2":"type-product","3":"status-publish","4":"has-post-thumbnail","6":"product_cat-wholesale-bedroom","7":"product_cat-hp","9":"first","10":"instock","11":"sale","12":"taxable","13":"shipping-taxable","14":"purchasable","15":"product-type-variable"},"_links":{"self":[{"href":"https:\/\/nexgendecors.com\/fr\/wp-json\/wp\/v2\/product\/36287","targetHints":{"allow":["GET"]}}],"collection":[{"href":"https:\/\/nexgendecors.com\/fr\/wp-json\/wp\/v2\/product"}],"about":[{"href":"https:\/\/nexgendecors.com\/fr\/wp-json\/wp\/v2\/types\/product"}],"replies":[{"embeddable":true,"href":"https:\/\/nexgendecors.com\/fr\/wp-json\/wp\/v2\/comments?post=36287"}],"version-history":[{"count":0,"href":"https:\/\/nexgendecors.com\/fr\/wp-json\/wp\/v2\/product\/36287\/revisions"}],"wp:featuredmedia":[{"embeddable":true,"href":"https:\/\/nexgendecors.com\/fr\/wp-json\/wp\/v2\/media\/57534"}],"wp:attachment":[{"href":"https:\/\/nexgendecors.com\/fr\/wp-json\/wp\/v2\/media?parent=36287"}],"wp:term":[{"taxonomy":"product_brand","embeddable":true,"href":"https:\/\/nexgendecors.com\/fr\/wp-json\/wp\/v2\/product_brand?post=36287"},{"taxonomy":"product_cat","embeddable":true,"href":"https:\/\/nexgendecors.com\/fr\/wp-json\/wp\/v2\/product_cat?post=36287"},{"taxonomy":"product_tag","embeddable":true,"href":"https:\/\/nexgendecors.com\/fr\/wp-json\/wp\/v2\/product_tag?post=36287"}],"curies":[{"name":"wp","href":"https:\/\/api.w.org\/{rel}","templated":true}]}}