{"id":36376,"date":"2025-01-26T01:59:12","date_gmt":"2025-01-26T01:59:12","guid":{"rendered":"https:\/\/nexgendecors.com\/product\/1pc-childrens-small-chairs-small-benches-home-learning-writing-plastic-backrests-assembly-portable-tables-and-chairs1711880204553\/"},"modified":"2025-03-07T11:34:29","modified_gmt":"2025-03-07T11:34:29","slug":"1pc-petites-chaises-pour-enfants-petits-bancs-apprentissage-a-domicile-ecriture-dossiers-en-plastique-assemblage-tables-et-chaises-portables-1711880204553","status":"publish","type":"product","link":"https:\/\/nexgendecors.com\/fr\/product\/1pc-petites-chaises-pour-enfants-petits-bancs-apprentissage-a-domicile-ecriture-dossiers-en-plastique-assemblage-tables-et-chaises-portables-1711880204553\/","title":{"rendered":"Chaises et bancs portables en plastique pour enfants, pour l&#039;apprentissage"},"content":{"rendered":"<p data-mce-fragment=\"1\">\ud83e\ude91 <strong data-mce-fragment=\"1\">Tabouret de jardin d&#039;enfants<\/strong>:De taille adapt\u00e9e aux petits, l\u00e9ger pour un d\u00e9placement facile et durable pour une utilisation pratique.<\/p>\n<p data-mce-fragment=\"1\">\ud83c\udf1f <strong data-mce-fragment=\"1\">Repose-pieds l\u00e9ger en plastique<\/strong>:L\u00e9ger et portable, occupe un espace minimal lorsqu&#039;il n&#039;est pas utilis\u00e9.<\/p>\n<p data-mce-fragment=\"1\">\ud83d\udcda <strong data-mce-fragment=\"1\">Tabourets d&#039;apprentissage pour la maternelle<\/strong>:Une forte capacit\u00e9 de charge garantit la s\u00e9curit\u00e9 et la fiabilit\u00e9 pendant les activit\u00e9s d&#039;apprentissage.<\/p>\n<p data-mce-fragment=\"1\">\ud83d\udc67 <strong data-mce-fragment=\"1\">Repose-pieds pour enfants<\/strong>:Hauteur id\u00e9ale pour les enfants, la conception antid\u00e9rapante assure la s\u00e9curit\u00e9 et la praticit\u00e9, offrant une option d&#039;assise fiable.<\/p>\n<p data-mce-fragment=\"1\">\ud83c\udfe0 <strong data-mce-fragment=\"1\">Tabouret antid\u00e9rapant pour enfants<\/strong>:Fabriqu\u00e9 \u00e0 partir de mat\u00e9riaux de premi\u00e8re qualit\u00e9, durable pour une utilisation int\u00e9rieure et ext\u00e9rieure, offrant stabilit\u00e9 et s\u00e9curit\u00e9 aux enfants.<\/p>\n<div><\/div>","protected":false},"excerpt":{"rendered":"<p>\ud83e\ude91 Tabouret de maternelle : de taille adapt\u00e9e aux petits, l\u00e9ger pour un d\u00e9placement facile et durable pour une utilisation pratique. \ud83c\udf1f Lumi\u00e8re en plastique<\/p>","protected":false},"featured_media":60174,"comment_status":"open","ping_status":"closed","template":"","meta":[],"product_brand":[],"product_cat":[30971,30836,30849],"product_tag":[],"class_list":{"0":"post-36376","1":"product","2":"type-product","3":"status-publish","4":"has-post-thumbnail","6":"product_cat-hp","7":"product_cat-kids-chairs","8":"product_cat-kindergarten-school-furniture","10":"first","11":"instock","12":"taxable","13":"shipping-taxable","14":"purchasable","15":"product-type-variable"},"_links":{"self":[{"href":"https:\/\/nexgendecors.com\/fr\/wp-json\/wp\/v2\/product\/36376","targetHints":{"allow":["GET"]}}],"collection":[{"href":"https:\/\/nexgendecors.com\/fr\/wp-json\/wp\/v2\/product"}],"about":[{"href":"https:\/\/nexgendecors.com\/fr\/wp-json\/wp\/v2\/types\/product"}],"replies":[{"embeddable":true,"href":"https:\/\/nexgendecors.com\/fr\/wp-json\/wp\/v2\/comments?post=36376"}],"version-history":[{"count":0,"href":"https:\/\/nexgendecors.com\/fr\/wp-json\/wp\/v2\/product\/36376\/revisions"}],"wp:featuredmedia":[{"embeddable":true,"href":"https:\/\/nexgendecors.com\/fr\/wp-json\/wp\/v2\/media\/60174"}],"wp:attachment":[{"href":"https:\/\/nexgendecors.com\/fr\/wp-json\/wp\/v2\/media?parent=36376"}],"wp:term":[{"taxonomy":"product_brand","embeddable":true,"href":"https:\/\/nexgendecors.com\/fr\/wp-json\/wp\/v2\/product_brand?post=36376"},{"taxonomy":"product_cat","embeddable":true,"href":"https:\/\/nexgendecors.com\/fr\/wp-json\/wp\/v2\/product_cat?post=36376"},{"taxonomy":"product_tag","embeddable":true,"href":"https:\/\/nexgendecors.com\/fr\/wp-json\/wp\/v2\/product_tag?post=36376"}],"curies":[{"name":"wp","href":"https:\/\/api.w.org\/{rel}","templated":true}]}}