{"id":36543,"date":"2025-01-26T02:00:02","date_gmt":"2025-01-26T02:00:02","guid":{"rendered":"https:\/\/nexgendecors.com\/product\/1pc-household-toy-storage-box-with-double-flip-top-lids-large-capacity-toy-storage-chest-toy-sundry-organizer-bin-collapsible-storage-box-with-removable-divider-for-playroom-bedroom-living-room-hou"},"modified":"2025-04-06T07:49:14","modified_gmt":"2025-04-06T07:49:14","slug":"1-boite-de-rangement-pour-jouets-menagers-avec-double-couvercle-rabattable-coffre-de-rangement-pour-jouets-de-grande-capacite-bac-de-rangement-pliable-avec-separateur-amovible-pour-salle-de-jeux-ch","status":"publish","type":"product","link":"https:\/\/nexgendecors.com\/fr\/product\/1-boite-de-rangement-pour-jouets-menagers-avec-double-couvercle-rabattable-coffre-de-rangement-pour-jouets-de-grande-capacite-bac-de-rangement-pliable-avec-separateur-amovible-pour-salle-de-jeux-ch\/","title":{"rendered":"Grande bo\u00eete de rangement pliable pour jouets avec double couvercle"},"content":{"rendered":"<div class=\"flex-1 overflow-hidden\" data-mce-fragment=\"1\">\n<div class=\"react-scroll-to-bottom--css-pyouc-79elbk h-full\" data-mce-fragment=\"1\">\n<div class=\"react-scroll-to-bottom--css-pyouc-1n7m0yu\" data-mce-fragment=\"1\">\n<div data-mce-fragment=\"1\">\n<div class=\"flex flex-col text-sm pb-9\" data-mce-fragment=\"1\">\n<div class=\"w-full text-token-text-primary\" dir=\"auto\" data-testid=\"conversation-turn-51\" data-mce-fragment=\"1\">\n<div class=\"px-4 py-2 justify-center text-base md:gap-6 m-auto\" data-mce-fragment=\"1\">\n<div class=\"flex flex-1 text-base mx-auto gap-3 juice:gap-4 juice:md:gap-6 md:px-5 lg:px-1 xl:px-5 md:max-w-3xl lg:max-w-[40rem] xl:max-w-[48rem]\" data-mce-fragment=\"1\">\n<div class=\"relative flex w-full flex-col agent-turn\" data-mce-fragment=\"1\">\n<div class=\"flex-col gap-1 md:gap-3\" data-mce-fragment=\"1\">\n<div class=\"flex flex-grow flex-col max-w-full\" data-mce-fragment=\"1\">\n<div data-message-author-role=\"assistant\" data-message-id=\"b32a008b-a1db-4690-adff-8410912a3c04\" dir=\"auto\" class=\"min-h-[20px] text-message flex flex-col items-start gap-3 whitespace-pre-wrap break-words [.text-message+&#038;]:mt-5 overflow-x-auto\" data-mce-fragment=\"1\">\n<div class=\"markdown prose w-full break-words dark:prose-invert light\" data-mce-fragment=\"1\">\n<p data-mce-fragment=\"1\">\ud83e\uddf8 <strong data-mce-fragment=\"1\">Organisation polyvalente<\/strong>Fabriqu\u00e9 en polyester-lin r\u00e9sistant, ce coffre \u00e0 jouets offre une solution pratique pour ranger divers objets. Le panneau de s\u00e9paration amovible permet une organisation personnalis\u00e9e, tandis que l&#039;int\u00e9rieur spacieux peut accueillir des couvertures, des jouets de grande taille et bien plus encore.<\/p>\n<p data-mce-fragment=\"1\">\ud83d\udcaa <strong data-mce-fragment=\"1\">Construction durable<\/strong>Fabriqu\u00e9 en lin de qualit\u00e9 sup\u00e9rieure et en carton \u00e9pais, ce rangement pour jouets est con\u00e7u pour durer. Ses poign\u00e9es renforc\u00e9es avec rivets facilitent le transport, tandis que sa conception robuste pr\u00e9serve sa forme et sa stabilit\u00e9.<\/p>\n<p data-mce-fragment=\"1\">\ud83c\udf2c\ufe0f <strong data-mce-fragment=\"1\">Anti-poussi\u00e8re et pliable<\/strong>Dot\u00e9 d&#039;un couvercle rabattable, ce bac \u00e0 jouets prot\u00e8ge vos objets de la poussi\u00e8re et des d\u00e9bris. Le couvercle peut \u00e9galement servir de bo\u00eete ouverte pour un acc\u00e8s facile. Lorsqu&#039;il n&#039;est pas utilis\u00e9, il suffit de le replier \u00e0 plat pour un rangement ou un transport pratique.<\/p>\n<p data-mce-fragment=\"1\">\ud83c\udfe1 <strong data-mce-fragment=\"1\">Utilisation polyvalente<\/strong>Id\u00e9al pour ranger livres, v\u00eatements, serviettes, couvertures et bien plus encore, ce bac \u00e0 jouets s&#039;adapte \u00e0 diff\u00e9rentes pi\u00e8ces de la maison. Salon, chambre, chambre d&#039;enfant ou placard, sa couleur neutre s&#039;harmonise avec tous les d\u00e9cors et contribue \u00e0 un espace propre et bien rang\u00e9.<\/p>\n<\/div>\n<\/div>\n<\/div>\n<\/div>\n<\/div>\n<\/div>\n<\/div>\n<\/div>\n<\/div>\n<\/div>\n<\/div>\n<\/div>\n<\/div>\n<div class=\"w-full pt-2 md:pt-0 dark:border-white\/20 md:border-transparent md:dark:border-transparent md:w-[calc(100%-.5rem)]\" data-mce-fragment=\"1\">\n<form class=\"stretch mx-2 flex flex-row gap-3 last:mb-2 md:mx-4 md:last:mb-6 lg:mx-auto lg:max-w-2xl xl:max-w-3xl\" data-mce-fragment=\"1\" action=\"\">\n<div class=\"relative flex h-full flex-1 flex-col\" data-mce-fragment=\"1\">\n<div class=\"flex w-full items-center\" data-mce-fragment=\"1\"><\/div>\n<\/div>\n<input type=\"hidden\" name=\"trp-form-language\" value=\"fr\"\/><\/form>\n<\/div>\n<div><\/div>","protected":false},"excerpt":{"rendered":"<p>\ud83e\uddf8 Organisation polyvalente : Fabriqu\u00e9e en polyester-lin durable, cette bo\u00eete \u00e0 jouets offre une solution pratique pour organiser divers objets. La bo\u00eete amovible<\/p>","protected":false},"featured_media":66948,"comment_status":"open","ping_status":"closed","template":"","meta":[],"product_brand":[],"product_cat":[30971,30838,30849],"product_tag":[],"class_list":{"0":"post-36543","1":"product","2":"type-product","3":"status-publish","4":"has-post-thumbnail","6":"product_cat-hp","7":"product_cat-kids-storage-orgganizer","8":"product_cat-kindergarten-school-furniture","10":"first","11":"instock","12":"taxable","13":"shipping-taxable","14":"purchasable","15":"product-type-simple"},"_links":{"self":[{"href":"https:\/\/nexgendecors.com\/fr\/wp-json\/wp\/v2\/product\/36543","targetHints":{"allow":["GET"]}}],"collection":[{"href":"https:\/\/nexgendecors.com\/fr\/wp-json\/wp\/v2\/product"}],"about":[{"href":"https:\/\/nexgendecors.com\/fr\/wp-json\/wp\/v2\/types\/product"}],"replies":[{"embeddable":true,"href":"https:\/\/nexgendecors.com\/fr\/wp-json\/wp\/v2\/comments?post=36543"}],"version-history":[{"count":0,"href":"https:\/\/nexgendecors.com\/fr\/wp-json\/wp\/v2\/product\/36543\/revisions"}],"wp:featuredmedia":[{"embeddable":true,"href":"https:\/\/nexgendecors.com\/fr\/wp-json\/wp\/v2\/media\/66948"}],"wp:attachment":[{"href":"https:\/\/nexgendecors.com\/fr\/wp-json\/wp\/v2\/media?parent=36543"}],"wp:term":[{"taxonomy":"product_brand","embeddable":true,"href":"https:\/\/nexgendecors.com\/fr\/wp-json\/wp\/v2\/product_brand?post=36543"},{"taxonomy":"product_cat","embeddable":true,"href":"https:\/\/nexgendecors.com\/fr\/wp-json\/wp\/v2\/product_cat?post=36543"},{"taxonomy":"product_tag","embeddable":true,"href":"https:\/\/nexgendecors.com\/fr\/wp-json\/wp\/v2\/product_tag?post=36543"}],"curies":[{"name":"wp","href":"https:\/\/api.w.org\/{rel}","templated":true}]}}