{"id":36580,"date":"2025-01-26T02:00:06","date_gmt":"2025-01-26T02:00:06","guid":{"rendered":"https:\/\/nexgendecors.com\/product\/1pc-kaki-little-bear-sofa-cute-cartoon-little-bear-sofa-lazy-sofa-chair-small-sofa-same-style-home-chair1712155569643\/"},"modified":"2025-04-06T07:49:26","modified_gmt":"2025-04-06T07:49:26","slug":"1pc-kaki-petit-ours-canape-mignon-dessin-anime-petit-ours-canape-paresseux-canape-chaise-petit-canape-meme-style-maison-chaise1712155569643","status":"publish","type":"product","link":"https:\/\/nexgendecors.com\/fr\/product\/1pc-kaki-petit-ours-canape-mignon-dessin-anime-petit-ours-canape-paresseux-canape-chaise-petit-canape-meme-style-maison-chaise1712155569643\/","title":{"rendered":"Fauteuil Kaki Petit Ours Dessin Anim\u00e9 \u2013 Design mignon et confortable"},"content":{"rendered":"<p>\ud83d\udc3b\ud83d\udcba Am\u00e9liorez votre exp\u00e9rience d&#039;assise avec notre si\u00e8ge en peluche ours ! \ud83d\udcba\ud83d\udc3b<br data-mce-fragment=\"1\"><br data-mce-fragment=\"1\">\u2728 Excellente qualit\u00e9 :<br data-mce-fragment=\"1\">\u2013 Fabriqu\u00e9 \u00e0 partir de mat\u00e9riau en peluche et rempli de coton PP de qualit\u00e9 sup\u00e9rieure pour une sensation douce et moelleuse.<br data-mce-fragment=\"1\">\u2013 Offre un excellent soutien, rendant l\u2019assise plus confortable et pr\u00e9venant la fatigue.<br data-mce-fragment=\"1\"><br data-mce-fragment=\"1\">\ud83d\udc3e Forme :<br data-mce-fragment=\"1\">\u2013 Le design adorable en forme d\u2019ours ajoute une touche charmante \u00e0 n\u2019importe quel espace.<br data-mce-fragment=\"1\">\u2013 Peut servir \u00e0 la fois de chaise et d&#039;ornement d\u00e9coratif, apportant de la gentillesse partout o\u00f9 il est plac\u00e9.<br data-mce-fragment=\"1\"><br data-mce-fragment=\"1\">\ud83c\udf1f Largement utilis\u00e9 :<br data-mce-fragment=\"1\">\u2013 Le fauteuil polyvalent Bear Sofa sert de coussin douillet ou de dossier paresseux.<br data-mce-fragment=\"1\">\u2013 Parfait pour la plupart des chaises et canap\u00e9s de salon et de bureau, offrant confort et style dans n\u2019importe quel environnement.<br data-mce-fragment=\"1\"><br data-mce-fragment=\"1\">\ud83c\udf88 Pratique \u00e0 transporter :<br data-mce-fragment=\"1\">\u2013 L\u00e9ger et compact, il est donc facile \u00e0 transporter et \u00e0 utiliser en d\u00e9placement.<br data-mce-fragment=\"1\">\u2013 Id\u00e9al pour les sorties ou les voyages, assurant un confort o\u00f9 que vous soyez.<br data-mce-fragment=\"1\"><br data-mce-fragment=\"1\">\ud83c\udf81 Belle option :<br data-mce-fragment=\"1\">\u2013 Un cadeau id\u00e9al pour la famille, les amis ou pour vous-m\u00eame.<br data-mce-fragment=\"1\">\u2013 Offrez-vous ou offrez \u00e0 un \u00eatre cher le confort et le charme de notre chaise en peluche pour tout-petits en forme d\u2019ours\u00a0!<br data-mce-fragment=\"1\"><br data-mce-fragment=\"1\">Transformez n&#039;importe quel si\u00e8ge en un havre de paix avec notre adorable et polyvalent si\u00e8ge en peluche ours ! \ud83c\udf08\ud83d\udc3b<\/p>\n<div><\/div>","protected":false},"excerpt":{"rendered":"<p>\ud83d\udc3b\ud83d\udcba Am\u00e9liorez votre exp\u00e9rience d&#039;assise avec notre si\u00e8ge en peluche ours ! \ud83d\udcba\ud83d\udc3b\u2728 Excellente qualit\u00e9 : \u2013 Fabriqu\u00e9 \u00e0 partir de mat\u00e9riau en peluche et rempli de<\/p>","protected":false},"featured_media":67900,"comment_status":"open","ping_status":"closed","template":"","meta":[],"product_brand":[],"product_cat":[30971,30849],"product_tag":[],"class_list":{"0":"post-36580","1":"product","2":"type-product","3":"status-publish","4":"has-post-thumbnail","6":"product_cat-hp","7":"product_cat-kindergarten-school-furniture","9":"first","10":"instock","11":"taxable","12":"shipping-taxable","13":"purchasable","14":"product-type-variable"},"_links":{"self":[{"href":"https:\/\/nexgendecors.com\/fr\/wp-json\/wp\/v2\/product\/36580","targetHints":{"allow":["GET"]}}],"collection":[{"href":"https:\/\/nexgendecors.com\/fr\/wp-json\/wp\/v2\/product"}],"about":[{"href":"https:\/\/nexgendecors.com\/fr\/wp-json\/wp\/v2\/types\/product"}],"replies":[{"embeddable":true,"href":"https:\/\/nexgendecors.com\/fr\/wp-json\/wp\/v2\/comments?post=36580"}],"version-history":[{"count":0,"href":"https:\/\/nexgendecors.com\/fr\/wp-json\/wp\/v2\/product\/36580\/revisions"}],"wp:featuredmedia":[{"embeddable":true,"href":"https:\/\/nexgendecors.com\/fr\/wp-json\/wp\/v2\/media\/67900"}],"wp:attachment":[{"href":"https:\/\/nexgendecors.com\/fr\/wp-json\/wp\/v2\/media?parent=36580"}],"wp:term":[{"taxonomy":"product_brand","embeddable":true,"href":"https:\/\/nexgendecors.com\/fr\/wp-json\/wp\/v2\/product_brand?post=36580"},{"taxonomy":"product_cat","embeddable":true,"href":"https:\/\/nexgendecors.com\/fr\/wp-json\/wp\/v2\/product_cat?post=36580"},{"taxonomy":"product_tag","embeddable":true,"href":"https:\/\/nexgendecors.com\/fr\/wp-json\/wp\/v2\/product_tag?post=36580"}],"curies":[{"name":"wp","href":"https:\/\/api.w.org\/{rel}","templated":true}]}}