{"id":36620,"date":"2025-01-26T02:00:19","date_gmt":"2025-01-26T02:00:19","guid":{"rendered":"https:\/\/nexgendecors.com\/product\/1pc-luminous-foldable-childrens-sofa-sit-and-lie-unisex-high-rebound-memory-foam-night-glow-sofa1711880204468\/"},"modified":"2025-04-06T07:49:42","modified_gmt":"2025-04-06T07:49:42","slug":"1pc-luminous-foldable-childrens-sofa-sit-and-lie-unisex-high-rebound-memory-foam-night-glow-sofa1711880204468","status":"publish","type":"product","link":"https:\/\/nexgendecors.com\/fr\/product\/1pc-luminous-foldable-childrens-sofa-sit-and-lie-unisex-high-rebound-memory-foam-night-glow-sofa1711880204468\/","title":{"rendered":"Canap\u00e9 enfant lumineux pliable en mousse \u00e0 m\u00e9moire de forme"},"content":{"rendered":"<p data-mce-fragment=\"1\">\ud83e\udd95 <strong data-mce-fragment=\"1\">Glow In The Dark Dino Blanket<\/strong>: Wrap your kids in the furry plush comfort of our glow-in-the-dark dinosaur blanket, providing them with a sense of security and protection at night. Not only is it soft, warm, and snug, but it also gives your kids a brightly glowing shield. \ud83c\udf0c\ud83e\udd96<\/p>\n<p data-mce-fragment=\"1\">\ud83c\udf1f <strong data-mce-fragment=\"1\">Super Soft<\/strong>: Crafted from 100% plush polyester, our glow-in-the-dark dinosaur blanket offers extra soft comfort for toddlers and children. Whether on the sofa, bed, or couch, this throw blanket is perfect for daily use. With a size of 50&#8243; x 60&#8243;, it&#8217;s suitable for kids of all ages. \ud83d\udecb\ufe0f\ud83d\udc76<\/p>\n<p data-mce-fragment=\"1\">\ud83c\udfa8 <strong data-mce-fragment=\"1\">Conception unique<\/strong>: Our glow-in-the-dark boy&#8217;s blanket features a fantastic design that makes bedtime extra special. Watch as the luminous dino blanket lights up in the dark bedroom. Simply expose it to a bright light source or sunlight for 10 minutes, then bring it into a dark room to witness the magic. An hour of intense light can make it glow for 30 minutes. The brighter the light shines, the stronger it glows in the dark. \u2728\ud83c\udf19<\/p>\n<p data-mce-fragment=\"1\">\ud83c\udf81 <strong data-mce-fragment=\"1\">Surprise Gift for Everyone<\/strong>: Perfect for birthday gifts, Christmas gifts, and baby shower gifts, our soft kids blanket is suitable for boys and girls alike. The grey color complements any decor, and the fluffy fabric feels amazing on the skin. \ud83c\udf81\ud83d\udc67\ud83d\udc66<\/p>\n<p data-mce-fragment=\"1\">\ud83e\uddfc <strong data-mce-fragment=\"1\">Care Instruction<\/strong>: Our throw blanket is of the highest quality for durable use, ensuring it&#8217;s the only glow blanket you&#8217;ll ever need to buy. Simply follow the care instructions for long-lasting enjoyment. \ud83c\udf1f\ud83d\udecf\ufe0f<\/p>\n<div><\/div>","protected":false},"excerpt":{"rendered":"<p>\ud83e\udd95 Couverture dinosaure phosphorescente : enveloppez vos enfants dans le confort moelleux de notre couverture dinosaure phosphorescente,<\/p>","protected":false},"featured_media":69317,"comment_status":"open","ping_status":"closed","template":"","meta":[],"product_brand":[],"product_cat":[30971,30837,30849],"product_tag":[],"class_list":{"0":"post-36620","1":"product","2":"type-product","3":"status-publish","4":"has-post-thumbnail","6":"product_cat-hp","7":"product_cat-kids-sofa","8":"product_cat-kindergarten-school-furniture","10":"first","11":"instock","12":"taxable","13":"shipping-taxable","14":"purchasable","15":"product-type-variable"},"_links":{"self":[{"href":"https:\/\/nexgendecors.com\/fr\/wp-json\/wp\/v2\/product\/36620","targetHints":{"allow":["GET"]}}],"collection":[{"href":"https:\/\/nexgendecors.com\/fr\/wp-json\/wp\/v2\/product"}],"about":[{"href":"https:\/\/nexgendecors.com\/fr\/wp-json\/wp\/v2\/types\/product"}],"replies":[{"embeddable":true,"href":"https:\/\/nexgendecors.com\/fr\/wp-json\/wp\/v2\/comments?post=36620"}],"version-history":[{"count":0,"href":"https:\/\/nexgendecors.com\/fr\/wp-json\/wp\/v2\/product\/36620\/revisions"}],"wp:featuredmedia":[{"embeddable":true,"href":"https:\/\/nexgendecors.com\/fr\/wp-json\/wp\/v2\/media\/69317"}],"wp:attachment":[{"href":"https:\/\/nexgendecors.com\/fr\/wp-json\/wp\/v2\/media?parent=36620"}],"wp:term":[{"taxonomy":"product_brand","embeddable":true,"href":"https:\/\/nexgendecors.com\/fr\/wp-json\/wp\/v2\/product_brand?post=36620"},{"taxonomy":"product_cat","embeddable":true,"href":"https:\/\/nexgendecors.com\/fr\/wp-json\/wp\/v2\/product_cat?post=36620"},{"taxonomy":"product_tag","embeddable":true,"href":"https:\/\/nexgendecors.com\/fr\/wp-json\/wp\/v2\/product_tag?post=36620"}],"curies":[{"name":"wp","href":"https:\/\/api.w.org\/{rel}","templated":true}]}}