{"id":36675,"date":"2025-01-26T02:00:35","date_gmt":"2025-01-26T02:00:35","guid":{"rendered":"https:\/\/nexgendecors.com\/product\/1pc-portable-indoor-and-outdoor-usable-folding-stool-simple-adult-kids-plastic-small-stool-outdoor-fishing-train-boarding-riding-camping-family-gathering-birthday-party-adult-gift-school-sports-com"},"modified":"2025-04-06T07:49:56","modified_gmt":"2025-04-06T07:49:56","slug":"1pc-portable-indoor-and-outdoor-usable-folding-stool-simple-adult-kids-plastic-small-stool-outdoor-fishing-train-boarding-riding-camping-family-gathering-birthday-party-adult-gift-school-sports-compet","status":"publish","type":"product","link":"https:\/\/nexgendecors.com\/fr\/product\/1pc-portable-indoor-and-outdoor-usable-folding-stool-simple-adult-kids-plastic-small-stool-outdoor-fishing-train-boarding-riding-camping-family-gathering-birthday-party-adult-gift-school-sports-compet\/","title":{"rendered":"Tabouret pliant portable pour une utilisation int\u00e9rieure et ext\u00e9rieure"},"content":{"rendered":"<p data-mce-fragment=\"1\">\ud83d\udcaa\ud83c\udf1f Looking for a sturdy and versatile seating solution? Check out our product!<\/p>\n<p data-mce-fragment=\"1\">\ud83e\ude91 Strong load-bearing capacity and thick material ensure both children and adults can sit comfortably.<\/p>\n<p data-mce-fragment=\"1\">\ud83d\ude80 Portable hand-held design makes it perfect for travel and on-the-go use, ensuring convenience wherever you are.<\/p>\n<p data-mce-fragment=\"1\">\ud83c\udf33 Emulating the texture of natural wood, our stools feature a non-slip design that&#8217;s both simple and beautiful.<\/p>\n<p data-mce-fragment=\"1\">\ud83d\udc63 Stable stool feet guarantee safety and stability, providing peace of mind during use.<\/p>\n<p data-mce-fragment=\"1\">\ud83c\udfa3 With a wide range of applications, it&#8217;s ideal for camping, fishing, outdoor play, and more!<\/p>\n<div><\/div>","protected":false},"excerpt":{"rendered":"<p>\ud83d\udcaa\ud83c\udf1f Vous cherchez une solution d&#039;assise robuste et polyvalente\u00a0? D\u00e9couvrez notre produit\u00a0! \ud83e\ude91 Forte capacit\u00e9 de charge et mat\u00e9riau \u00e9pais<\/p>","protected":false},"featured_media":71112,"comment_status":"open","ping_status":"closed","template":"","meta":[],"product_brand":[],"product_cat":[30971,30849],"product_tag":[],"class_list":{"0":"post-36675","1":"product","2":"type-product","3":"status-publish","4":"has-post-thumbnail","6":"product_cat-hp","7":"product_cat-kindergarten-school-furniture","9":"first","10":"instock","11":"taxable","12":"shipping-taxable","13":"purchasable","14":"product-type-variable"},"_links":{"self":[{"href":"https:\/\/nexgendecors.com\/fr\/wp-json\/wp\/v2\/product\/36675","targetHints":{"allow":["GET"]}}],"collection":[{"href":"https:\/\/nexgendecors.com\/fr\/wp-json\/wp\/v2\/product"}],"about":[{"href":"https:\/\/nexgendecors.com\/fr\/wp-json\/wp\/v2\/types\/product"}],"replies":[{"embeddable":true,"href":"https:\/\/nexgendecors.com\/fr\/wp-json\/wp\/v2\/comments?post=36675"}],"version-history":[{"count":0,"href":"https:\/\/nexgendecors.com\/fr\/wp-json\/wp\/v2\/product\/36675\/revisions"}],"wp:featuredmedia":[{"embeddable":true,"href":"https:\/\/nexgendecors.com\/fr\/wp-json\/wp\/v2\/media\/71112"}],"wp:attachment":[{"href":"https:\/\/nexgendecors.com\/fr\/wp-json\/wp\/v2\/media?parent=36675"}],"wp:term":[{"taxonomy":"product_brand","embeddable":true,"href":"https:\/\/nexgendecors.com\/fr\/wp-json\/wp\/v2\/product_brand?post=36675"},{"taxonomy":"product_cat","embeddable":true,"href":"https:\/\/nexgendecors.com\/fr\/wp-json\/wp\/v2\/product_cat?post=36675"},{"taxonomy":"product_tag","embeddable":true,"href":"https:\/\/nexgendecors.com\/fr\/wp-json\/wp\/v2\/product_tag?post=36675"}],"curies":[{"name":"wp","href":"https:\/\/api.w.org\/{rel}","templated":true}]}}