{"id":36708,"date":"2025-01-26T02:00:42","date_gmt":"2025-01-26T02:00:42","guid":{"rendered":"https:\/\/nexgendecors.com\/product\/1pc-rocking-chair-for-nursery-teddy-upholstered-glider-with-high-backrest-padded-seat-modern-accent-recliner-comfy-cushion-reading-rocker-armchair1711880204492\/"},"modified":"2025-04-06T07:50:08","modified_gmt":"2025-04-06T07:50:08","slug":"1-chaise-a-bascule-pour-chambre-denfant-fauteuil-a-bascule-rembourre-avec-dossier-haut-siege-rembourre-fauteuil-inclinable-moderne-coussin-confortable-fauteuil-de-lecture-a-bascule-171188020","status":"publish","type":"product","link":"https:\/\/nexgendecors.com\/fr\/product\/1-chaise-a-bascule-pour-chambre-denfant-fauteuil-a-bascule-rembourre-avec-dossier-haut-siege-rembourre-fauteuil-inclinable-moderne-coussin-confortable-fauteuil-de-lecture-a-bascule-171188020\/","title":{"rendered":"Fauteuil \u00e0 bascule rembourr\u00e9 Teddy pour chambre d&#039;enfant \u2013 Planeur moderne"},"content":{"rendered":"<div class=\"flex-1 overflow-hidden\" data-mce-fragment=\"1\">\n<div class=\"react-scroll-to-bottom--css-pyouc-79elbk h-full\" data-mce-fragment=\"1\">\n<div class=\"react-scroll-to-bottom--css-pyouc-1n7m0yu\" data-mce-fragment=\"1\">\n<div data-mce-fragment=\"1\">\n<div class=\"flex flex-col text-sm pb-9\" data-mce-fragment=\"1\">\n<div class=\"w-full text-token-text-primary\" dir=\"auto\" data-testid=\"conversation-turn-25\" data-mce-fragment=\"1\">\n<div class=\"px-4 py-2 justify-center text-base md:gap-6 m-auto\" data-mce-fragment=\"1\">\n<div class=\"flex flex-1 text-base mx-auto gap-3 juice:gap-4 juice:md:gap-6 md:px-5 lg:px-1 xl:px-5 md:max-w-3xl lg:max-w-[40rem] xl:max-w-[48rem]\" data-mce-fragment=\"1\">\n<div class=\"relative flex w-full flex-col agent-turn\" data-mce-fragment=\"1\">\n<div class=\"flex-col gap-1 md:gap-3\" data-mce-fragment=\"1\">\n<div class=\"flex flex-grow flex-col max-w-full\" data-mce-fragment=\"1\">\n<div data-message-author-role=\"assistant\" data-message-id=\"93130c3a-198a-4ae6-b6a7-1b0f71ad2b2e\" dir=\"auto\" class=\"min-h-[20px] text-message flex flex-col items-start gap-3 whitespace-pre-wrap break-words [.text-message+&#038;]:mt-5 overflow-x-auto\" data-mce-fragment=\"1\">\n<div class=\"markdown prose w-full break-words dark:prose-invert light\" data-mce-fragment=\"1\">\n<p data-mce-fragment=\"1\">\ud83d\udc3b <strong data-mce-fragment=\"1\">Fauteuil \u00e0 bascule moderne en tissu Teddy pour chambre d&#039;enfant<\/strong>Sublimez la chambre de votre enfant avec notre \u00e9l\u00e9gant fauteuil \u00e0 bascule recouvert de tissu peluche. Ultra doux et agr\u00e9able au toucher, il s&#039;int\u00e8gre parfaitement \u00e0 tous les espaces, du porche \u00e0 la chambre, en passant par le salon ou la chambre d&#039;enfant.<\/p>\n<p data-mce-fragment=\"1\">\ud83e\ude91 <strong data-mce-fragment=\"1\">Ergonomique et confortable<\/strong>: Profitez d&#039;un confort ultime gr\u00e2ce \u00e0 notre dossier haut et nos accoudoirs, qui offrent un excellent soutien pour vos bras, votre dos et votre t\u00eate. Que ce soit pour les t\u00e9t\u00e9es nocturnes, les r\u00e9citations de comptines ou une sieste bien m\u00e9rit\u00e9e, cette chaise est faite pour vous. \ud83d\udca4\ud83c\udfb6<\/p>\n<p data-mce-fragment=\"1\">\ud83d\udecb\ufe0f <strong data-mce-fragment=\"1\">Si\u00e8ge souple et offrant un bon maintien<\/strong>: Plongez dans le luxe avec notre coussin \u00e9pais garni d&#039;\u00e9ponge haute densit\u00e9. Doux, confortable et r\u00e9sistant, il est parfait pour bercer b\u00e9b\u00e9 en douceur et l&#039;endormir ou pour se d\u00e9tendre apr\u00e8s une longue journ\u00e9e de travail.<\/p>\n<p data-mce-fragment=\"1\">\ud83d\udcaa <strong data-mce-fragment=\"1\">Cadre robuste et durable<\/strong>: Fabriqu\u00e9e en acier et en bois massif, notre chaise assure une stabilit\u00e9 exceptionnelle et une capacit\u00e9 de charge \u00e9lev\u00e9e de 250 lb. Les longs pieds courb\u00e9s en bois avec coussinets prot\u00e8gent votre sol des rayures et des \u00e9raflures. \ud83c\udf33\ud83d\udd29<\/p>\n<p data-mce-fragment=\"1\">\ud83d\udd27 <strong data-mce-fragment=\"1\">Facile \u00e0 installer<\/strong>L&#039;assemblage de notre fauteuil \u00e0 bascule est un jeu d&#039;enfant. Des instructions d&#039;installation d\u00e9taill\u00e9es et tous les outils n\u00e9cessaires sont fournis, pour une installation sans tracas. Dimensions hors tout\u00a0: 96 cm (L) x 61 cm (l) x 91 cm (H). \ud83d\udee0\ufe0f\ud83d\udccf<\/p>\n<\/div>\n<\/div>\n<\/div>\n<\/div>\n<\/div>\n<\/div>\n<\/div>\n<\/div>\n<\/div>\n<\/div>\n<\/div>\n<\/div>\n<\/div>\n<div><\/div>","protected":false},"excerpt":{"rendered":"<p>Fauteuil \u00e0 bascule moderne en tissu Teddy : Sublimez la chambre de votre enfant avec notre \u00e9l\u00e9gant fauteuil \u00e0 bascule au rev\u00eatement en tissu Teddy. Ultra doux.<\/p>","protected":false},"featured_media":72409,"comment_status":"open","ping_status":"closed","template":"","meta":[],"product_brand":[],"product_cat":[30811,30971,30846,32],"product_tag":[],"class_list":{"0":"post-36708","1":"product","2":"type-product","3":"status-publish","4":"has-post-thumbnail","6":"product_cat-armchairs","7":"product_cat-hp","8":"product_cat-living-room","9":"product_cat-residential-furniture","11":"first","12":"instock","13":"sale","14":"taxable","15":"shipping-taxable","16":"purchasable","17":"product-type-variable"},"_links":{"self":[{"href":"https:\/\/nexgendecors.com\/fr\/wp-json\/wp\/v2\/product\/36708","targetHints":{"allow":["GET"]}}],"collection":[{"href":"https:\/\/nexgendecors.com\/fr\/wp-json\/wp\/v2\/product"}],"about":[{"href":"https:\/\/nexgendecors.com\/fr\/wp-json\/wp\/v2\/types\/product"}],"replies":[{"embeddable":true,"href":"https:\/\/nexgendecors.com\/fr\/wp-json\/wp\/v2\/comments?post=36708"}],"version-history":[{"count":0,"href":"https:\/\/nexgendecors.com\/fr\/wp-json\/wp\/v2\/product\/36708\/revisions"}],"wp:featuredmedia":[{"embeddable":true,"href":"https:\/\/nexgendecors.com\/fr\/wp-json\/wp\/v2\/media\/72409"}],"wp:attachment":[{"href":"https:\/\/nexgendecors.com\/fr\/wp-json\/wp\/v2\/media?parent=36708"}],"wp:term":[{"taxonomy":"product_brand","embeddable":true,"href":"https:\/\/nexgendecors.com\/fr\/wp-json\/wp\/v2\/product_brand?post=36708"},{"taxonomy":"product_cat","embeddable":true,"href":"https:\/\/nexgendecors.com\/fr\/wp-json\/wp\/v2\/product_cat?post=36708"},{"taxonomy":"product_tag","embeddable":true,"href":"https:\/\/nexgendecors.com\/fr\/wp-json\/wp\/v2\/product_tag?post=36708"}],"curies":[{"name":"wp","href":"https:\/\/api.w.org\/{rel}","templated":true}]}}