{"id":36713,"date":"2025-01-26T02:00:43","date_gmt":"2025-01-26T02:00:43","guid":{"rendered":"https:\/\/nexgendecors.com\/product\/1pc-rocking-chair-sofa-home-backrest-small-chair-creative-cute-rocking-chair1711880169556\/"},"modified":"2025-04-06T07:50:11","modified_gmt":"2025-04-06T07:50:11","slug":"1-chaise-a-bascule-pour-canape-dossier-de-maison-petite-chaise-creative-et-mignonne-1711880169556","status":"publish","type":"product","link":"https:\/\/nexgendecors.com\/fr\/product\/1-chaise-a-bascule-pour-canape-dossier-de-maison-petite-chaise-creative-et-mignonne-1711880169556\/","title":{"rendered":"Joli fauteuil \u00e0 bascule \u2013 Dossier au design cr\u00e9atif pour la maison"},"content":{"rendered":"<p data-mce-fragment=\"1\">\ud83c\udf08 <strong data-mce-fragment=\"1\">Un design incroyablement adorable<\/strong>Recouvert d&#039;un tissu pelucheux doux pour la peau, ce fauteuil \u00e0 bascule pour enfants respire la chaleur et le confort gr\u00e2ce \u00e0 sa texture boucl\u00e9e. Le charmant motif arc-en-ciel sur le dossier ajoute une touche de douceur suppl\u00e9mentaire, le rendant irr\u00e9sistible pour les enfants de 3 \u00e0 5 ans au premier regard.<\/p>\n<p data-mce-fragment=\"1\">\ud83d\udc76 <strong data-mce-fragment=\"1\">Mouvement de balancement doux pour un confort accru<\/strong>Dot\u00e9 d&#039;une courbe scientifiquement con\u00e7ue, ce fauteuil \u00e0 bascule pour b\u00e9b\u00e9 oscille doucement et en douceur, garantissant une exp\u00e9rience s\u00fbre et confortable. Il offre un excellent soutien pour lire, jouer et se d\u00e9tendre devant la t\u00e9l\u00e9vision.<\/p>\n<p data-mce-fragment=\"1\">\ud83d\udcaa <strong data-mce-fragment=\"1\">Construit pour durer<\/strong>Fabriqu\u00e9 en bois d&#039;eucalyptus massif et en contreplaqu\u00e9, ce canap\u00e9 pour tout-petits est conforme aux normes ASTM et CPSIA, garantissant sa durabilit\u00e9 jusqu&#039;\u00e0 ce que vos enfants grandissent. Ses pieds stables en peuplier avec patins anti-collision augmentent sa capacit\u00e9 de charge, supportant jusqu&#039;\u00e0 50 kg.<\/p>\n<p data-mce-fragment=\"1\">\ud83e\ude91 <strong data-mce-fragment=\"1\">Support ergonomique<\/strong>Envelopp\u00e9 d&#039;une \u00e9ponge haute densit\u00e9, ce fauteuil pour enfant offre un soutien optimal au niveau de l&#039;assise, du dossier et des accoudoirs, favorisant une exp\u00e9rience de balancement relaxante. Son assise surdimensionn\u00e9e et sa hauteur id\u00e9ale favorisent une posture assise confortable et correcte.<\/p>\n<p data-mce-fragment=\"1\">\ud83d\udd27 <strong data-mce-fragment=\"1\">Installation simple et informations d\u00e9taill\u00e9es<\/strong>L&#039;assemblage est simple\u00a0: il suffit d&#039;installer le dossier et le pi\u00e8tement \u00e0 bascule. Des instructions claires simplifient le processus et garantissent une finition rapide. Les dimensions finales sont de 50,8\u00a0cm x 49,5\u00a0cm x 50,8\u00a0cm (L x l x H), avec une hauteur d&#039;assise de 24,1\u00a0cm et des accoudoirs de 35,6\u00a0cm.<\/p>\n<div><\/div>","protected":false},"excerpt":{"rendered":"<p>\ud83c\udf08 Design incroyablement adorable : recouvert d&#039;un tissu en peluche doux pour la peau, ce fauteuil \u00e0 bascule pour enfants respire la chaleur et le confort avec ses boucles<\/p>","protected":false},"featured_media":72781,"comment_status":"open","ping_status":"closed","template":"","meta":[],"product_brand":[],"product_cat":[30971,30837,30849],"product_tag":[],"class_list":{"0":"post-36713","1":"product","2":"type-product","3":"status-publish","4":"has-post-thumbnail","6":"product_cat-hp","7":"product_cat-kids-sofa","8":"product_cat-kindergarten-school-furniture","10":"first","11":"instock","12":"taxable","13":"shipping-taxable","14":"purchasable","15":"product-type-simple"},"_links":{"self":[{"href":"https:\/\/nexgendecors.com\/fr\/wp-json\/wp\/v2\/product\/36713","targetHints":{"allow":["GET"]}}],"collection":[{"href":"https:\/\/nexgendecors.com\/fr\/wp-json\/wp\/v2\/product"}],"about":[{"href":"https:\/\/nexgendecors.com\/fr\/wp-json\/wp\/v2\/types\/product"}],"replies":[{"embeddable":true,"href":"https:\/\/nexgendecors.com\/fr\/wp-json\/wp\/v2\/comments?post=36713"}],"version-history":[{"count":0,"href":"https:\/\/nexgendecors.com\/fr\/wp-json\/wp\/v2\/product\/36713\/revisions"}],"wp:featuredmedia":[{"embeddable":true,"href":"https:\/\/nexgendecors.com\/fr\/wp-json\/wp\/v2\/media\/72781"}],"wp:attachment":[{"href":"https:\/\/nexgendecors.com\/fr\/wp-json\/wp\/v2\/media?parent=36713"}],"wp:term":[{"taxonomy":"product_brand","embeddable":true,"href":"https:\/\/nexgendecors.com\/fr\/wp-json\/wp\/v2\/product_brand?post=36713"},{"taxonomy":"product_cat","embeddable":true,"href":"https:\/\/nexgendecors.com\/fr\/wp-json\/wp\/v2\/product_cat?post=36713"},{"taxonomy":"product_tag","embeddable":true,"href":"https:\/\/nexgendecors.com\/fr\/wp-json\/wp\/v2\/product_tag?post=36713"}],"curies":[{"name":"wp","href":"https:\/\/api.w.org\/{rel}","templated":true}]}}