{"id":36732,"date":"2025-01-26T02:00:51","date_gmt":"2025-01-26T02:00:51","guid":{"rendered":"https:\/\/nexgendecors.com\/product\/1pc-solid-color-plush-blanket-soft-warm-fluffy-throw-blanket-nap-blanket-for-couch-sofa-office-bed-camping-travel-multi-purpose-gift-blanket-for-all-season1706356395539\/"},"modified":"2025-04-06T07:50:18","modified_gmt":"2025-04-06T07:50:18","slug":"couverture-en-peluche-de-couleur-unie-douce-chaude-et-moelleuse-pour-la-sieste-pour-le-canape-le-bureau-le-lit-le-camping-les-voyages-polyvalente-pour-toutes-les-saisons-1706356395539","status":"publish","type":"product","link":"https:\/\/nexgendecors.com\/fr\/product\/couverture-en-peluche-de-couleur-unie-douce-chaude-et-moelleuse-pour-la-sieste-pour-le-canape-le-bureau-le-lit-le-camping-les-voyages-polyvalente-pour-toutes-les-saisons-1706356395539\/","title":{"rendered":"Couverture douillette en peluche de couleur unie pour toutes les saisons"},"content":{"rendered":"<p>\ud83d\udd25 <strong>Confort multifonctionnel :<\/strong> D\u00e9couvrez une polyvalence in\u00e9dite ! Notre couverture est polyvalente : elle peut servir de ch\u00e2le douillet pour couvrir vos jambes, ou encore vous accompagner chaleureusement pendant vos pauses d\u00e9jeuner, au bureau, au salon et en voyage. C&#039;est la solution id\u00e9ale pour rester au chaud ou au frais o\u00f9 que vous alliez, et sa portabilit\u00e9 la rend facile \u00e0 transporter.<\/p>\n<p>\ud83c\udf1f <strong>Chaleur exceptionnelle :<\/strong> B\u00e9n\u00e9ficiez d&#039;une chaleur double gr\u00e2ce \u00e0 notre duvet double face et \u00e0 notre conception double \u00e9paisseur. Profitez d&#039;une sensation douce et luxueuse sur votre peau, gr\u00e2ce \u00e0 un duvet riche et une texture fine qui promet un confort ultime, m\u00eame lorsque vous dormez nu.<\/p>\n<p>\ud83d\udc96 <strong>Conception de la version AB\u00a0:<\/strong> Plongez dans le luxe avec notre version AB au design unique\u00a0! La face A est dot\u00e9e d&#039;un tissu \u00e0 poils longs pour un toucher doux et chaud, tandis que la face B offre une texture diff\u00e9rente pour un confort vari\u00e9. Que vous pr\u00e9f\u00e9riez une texture fine ou un moelleux riche, notre couverture saura vous satisfaire.<\/p>\n<p>\ud83e\uddfc <strong>Entretien sans effort :<\/strong> Dites adieu aux routines d&#039;entretien ! Notre couverture est lavable et s\u00e9chable en machine et conserve son \u00e9tat impeccable lavage apr\u00e8s lavage. Ne r\u00e9tr\u00e9cit pas, ne se d\u00e9colore pas et ne se d\u00e9fait pas\u00a0: confort et qualit\u00e9 durables.<\/p>\n<p>D\u00e9couvrez l&#039;incarnation du confort et de la polyvalence avec notre couverture en peluche multifonctionnelle\u00a0! \ud83d\udecb\ufe0f<\/p>","protected":false},"excerpt":{"rendered":"<p>Confort multifonctionnel : D\u00e9couvrez une polyvalence in\u00e9dite ! Notre couverture est polyvalente, d&#039;un ch\u00e2le douillet \u00e0 une couverture<\/p>","protected":false},"featured_media":74091,"comment_status":"open","ping_status":"closed","template":"","meta":[],"product_brand":[],"product_cat":[30858,30816,30895,30971],"product_tag":[],"class_list":{"0":"post-36732","1":"product","2":"type-product","3":"status-publish","4":"has-post-thumbnail","6":"product_cat-wholesale-bedroom","7":"product_cat-blankets","8":"product_cat-bs-bedroom","9":"product_cat-hp","11":"first","12":"instock","13":"sale","14":"taxable","15":"shipping-taxable","16":"purchasable","17":"product-type-variable"},"_links":{"self":[{"href":"https:\/\/nexgendecors.com\/fr\/wp-json\/wp\/v2\/product\/36732","targetHints":{"allow":["GET"]}}],"collection":[{"href":"https:\/\/nexgendecors.com\/fr\/wp-json\/wp\/v2\/product"}],"about":[{"href":"https:\/\/nexgendecors.com\/fr\/wp-json\/wp\/v2\/types\/product"}],"replies":[{"embeddable":true,"href":"https:\/\/nexgendecors.com\/fr\/wp-json\/wp\/v2\/comments?post=36732"}],"version-history":[{"count":0,"href":"https:\/\/nexgendecors.com\/fr\/wp-json\/wp\/v2\/product\/36732\/revisions"}],"wp:featuredmedia":[{"embeddable":true,"href":"https:\/\/nexgendecors.com\/fr\/wp-json\/wp\/v2\/media\/74091"}],"wp:attachment":[{"href":"https:\/\/nexgendecors.com\/fr\/wp-json\/wp\/v2\/media?parent=36732"}],"wp:term":[{"taxonomy":"product_brand","embeddable":true,"href":"https:\/\/nexgendecors.com\/fr\/wp-json\/wp\/v2\/product_brand?post=36732"},{"taxonomy":"product_cat","embeddable":true,"href":"https:\/\/nexgendecors.com\/fr\/wp-json\/wp\/v2\/product_cat?post=36732"},{"taxonomy":"product_tag","embeddable":true,"href":"https:\/\/nexgendecors.com\/fr\/wp-json\/wp\/v2\/product_tag?post=36732"}],"curies":[{"name":"wp","href":"https:\/\/api.w.org\/{rel}","templated":true}]}}