{"id":36866,"date":"2025-01-26T02:01:24","date_gmt":"2025-01-26T02:01:24","guid":{"rendered":"https:\/\/nexgendecors.com\/product\/1pc-mini-tent-game-house-indoor-outdoor-games-play-small-house-themed-party-party-decorations-full-of-creative-fun-tent-house1705392601377\/"},"modified":"2025-04-06T07:50:40","modified_gmt":"2025-04-06T07:50:40","slug":"1pc-mini-tent-game-house-indoor-outdoor-games-play-small-house-themed-party-party-decorations-full-of-creative-fun-tent-house1705392601377","status":"publish","type":"product","link":"https:\/\/nexgendecors.com\/fr\/product\/1pc-mini-tent-game-house-indoor-outdoor-games-play-small-house-themed-party-party-decorations-full-of-creative-fun-tent-house1705392601377\/","title":{"rendered":"Mini tente de jeu \u2013 Tente de jeu amusante pour l&#039;int\u00e9rieur et l&#039;ext\u00e9rieur"},"content":{"rendered":"<div>Occasion:Birthday<\/div>\n<div>Holidays:Christmas<\/div>\n<div>Theme:Carnivals<\/div>\n<div>Power Supply:Use Without Electricity<\/div>\n<div>Material:Polyester Blend<\/div>\n<div>Whether There Are Feathers:No<\/div>\n<div>Item ID:CG45640<\/div>\n<div>  <\/div>\n<div>  <\/div>","protected":false},"excerpt":{"rendered":"<p>Occasion : Anniversaire Vacances : No\u00ebl Th\u00e8me : Carnavals Alimentation : Utilisation sans \u00e9lectricit\u00e9 Mat\u00e9riau : M\u00e9lange de polyester S&#039;il y a des plumes : Non ID de l&#039;article : CG45640<\/p>","protected":false},"featured_media":78551,"comment_status":"open","ping_status":"closed","template":"","meta":[],"product_brand":[],"product_cat":[30971,30849],"product_tag":[],"class_list":{"0":"post-36866","1":"product","2":"type-product","3":"status-publish","4":"has-post-thumbnail","6":"product_cat-hp","7":"product_cat-kindergarten-school-furniture","9":"first","10":"instock","11":"taxable","12":"shipping-taxable","13":"purchasable","14":"product-type-variable"},"_links":{"self":[{"href":"https:\/\/nexgendecors.com\/fr\/wp-json\/wp\/v2\/product\/36866","targetHints":{"allow":["GET"]}}],"collection":[{"href":"https:\/\/nexgendecors.com\/fr\/wp-json\/wp\/v2\/product"}],"about":[{"href":"https:\/\/nexgendecors.com\/fr\/wp-json\/wp\/v2\/types\/product"}],"replies":[{"embeddable":true,"href":"https:\/\/nexgendecors.com\/fr\/wp-json\/wp\/v2\/comments?post=36866"}],"version-history":[{"count":0,"href":"https:\/\/nexgendecors.com\/fr\/wp-json\/wp\/v2\/product\/36866\/revisions"}],"wp:featuredmedia":[{"embeddable":true,"href":"https:\/\/nexgendecors.com\/fr\/wp-json\/wp\/v2\/media\/78551"}],"wp:attachment":[{"href":"https:\/\/nexgendecors.com\/fr\/wp-json\/wp\/v2\/media?parent=36866"}],"wp:term":[{"taxonomy":"product_brand","embeddable":true,"href":"https:\/\/nexgendecors.com\/fr\/wp-json\/wp\/v2\/product_brand?post=36866"},{"taxonomy":"product_cat","embeddable":true,"href":"https:\/\/nexgendecors.com\/fr\/wp-json\/wp\/v2\/product_cat?post=36866"},{"taxonomy":"product_tag","embeddable":true,"href":"https:\/\/nexgendecors.com\/fr\/wp-json\/wp\/v2\/product_tag?post=36866"}],"curies":[{"name":"wp","href":"https:\/\/api.w.org\/{rel}","templated":true}]}}