{"id":36915,"date":"2025-01-26T02:01:37","date_gmt":"2025-01-26T02:01:37","guid":{"rendered":"https:\/\/nexgendecors.com\/product\/2-3pcs-bohemian-style-wool-ball-duvet-cover-set-soft-and-comfortable-bedding-for-bedroom-and-guest-room-includes-1-duvet-cover-and-1-2-pillowcase-without-core1706356395563\/"},"modified":"2025-04-06T07:50:47","modified_gmt":"2025-04-06T07:50:47","slug":"ensemble-de-housse-de-couette-en-boule-de-laine-de-style-boheme-2-3-pieces-literie-douce-et-confortable-pour-chambre-a-coucher-et-chambre-damis-comprenant-1-housse-de-couette-et-1-2-taies-d","status":"publish","type":"product","link":"https:\/\/nexgendecors.com\/fr\/product\/ensemble-de-housse-de-couette-en-boule-de-laine-de-style-boheme-2-3-pieces-literie-douce-et-confortable-pour-chambre-a-coucher-et-chambre-damis-comprenant-1-housse-de-couette-et-1-2-taies-d\/","title":{"rendered":"Parure de lit boh\u00e8me en laine m\u00e9lang\u00e9e \u2013 Literie douce"},"content":{"rendered":"<div>\n<p>\ud83c\udf1f <strong>Confort en microfibre de qualit\u00e9 sup\u00e9rieure :<\/strong> B\u00e9n\u00e9ficiez d&#039;un confort optimal gr\u00e2ce \u00e0 notre tissu microfibre premium 100%. Doux, respirant et agr\u00e9able au toucher, il offre une sensation de confort optimale pour une nuit de sommeil confortable.<\/p>\n<p>\u2728 <strong>Simplicit\u00e9 \u00e9l\u00e9gante :<\/strong> Sublimez la d\u00e9coration de votre chambre avec notre housse de couette unie. \u00c0 la fois simple et sophistiqu\u00e9e, elle sublimera n&#039;importe quelle pi\u00e8ce avec une esth\u00e9tique haut de gamme qui favorise la d\u00e9tente et le confort au quotidien.<\/p>\n<p>\ud83d\udd12 <strong>Fermeture pratique et ajustement s\u00e9curis\u00e9 :<\/strong> Changez votre literie facilement gr\u00e2ce \u00e0 notre fermeture \u00e9clair, qui vous permet d&#039;ins\u00e9rer et de retirer votre couette sans effort. Les quatre attaches d&#039;angle maintiennent votre couette en place, l&#039;emp\u00eachant de glisser et la gardant immobile pour un lit impeccable.<\/p>\n<p>\ud83d\udecf\ufe0f <strong>Taille parfaite :<\/strong> Notre parure de couette blanche comprend une housse de couette (sans rembourrage) de 260 x 228 cm et deux taies d&#039;oreiller de 50 x 70 cm, sans coussin. Elle est id\u00e9ale pour un lit queen size.<\/p>\n<p>\ud83e\uddfc <strong>Instructions d&#039;entretien faciles :<\/strong> Pour un r\u00e9sultat optimal, nous vous recommandons de laver le v\u00eatement avant la premi\u00e8re utilisation. Lavez-le s\u00e9par\u00e9ment en machine \u00e0 l&#039;eau froide, cycle d\u00e9licat. S\u00e9chez-le au s\u00e8che-linge \u00e0 basse temp\u00e9rature et ne pas utiliser d&#039;eau de Javel. Assurez-vous que la fermeture \u00e9clair est bien ferm\u00e9e avant le lavage pour \u00e9viter les accrocs et les d\u00e9chirures.<\/p>\n<p>Transformez votre chambre en un havre de confort et de style avec notre ensemble de housse de couette en microfibre de qualit\u00e9 sup\u00e9rieure \u2013 car qualit\u00e9 et simplicit\u00e9 vont de pair ! \ud83d\udecc<\/p>\n<\/div>","protected":false},"excerpt":{"rendered":"<p>Confort microfibre premium : B\u00e9n\u00e9ficiez d&#039;un confort optimal gr\u00e2ce \u00e0 notre tissu microfibre premium 100%. Doux, respirant et agr\u00e9able pour la peau.<\/p>","protected":false},"featured_media":81284,"comment_status":"open","ping_status":"closed","template":"","meta":[],"product_brand":[],"product_cat":[30858,30971],"product_tag":[],"class_list":{"0":"post-36915","1":"product","2":"type-product","3":"status-publish","4":"has-post-thumbnail","6":"product_cat-wholesale-bedroom","7":"product_cat-hp","9":"first","10":"instock","11":"sale","12":"taxable","13":"shipping-taxable","14":"purchasable","15":"product-type-variable"},"_links":{"self":[{"href":"https:\/\/nexgendecors.com\/fr\/wp-json\/wp\/v2\/product\/36915","targetHints":{"allow":["GET"]}}],"collection":[{"href":"https:\/\/nexgendecors.com\/fr\/wp-json\/wp\/v2\/product"}],"about":[{"href":"https:\/\/nexgendecors.com\/fr\/wp-json\/wp\/v2\/types\/product"}],"replies":[{"embeddable":true,"href":"https:\/\/nexgendecors.com\/fr\/wp-json\/wp\/v2\/comments?post=36915"}],"version-history":[{"count":0,"href":"https:\/\/nexgendecors.com\/fr\/wp-json\/wp\/v2\/product\/36915\/revisions"}],"wp:featuredmedia":[{"embeddable":true,"href":"https:\/\/nexgendecors.com\/fr\/wp-json\/wp\/v2\/media\/81284"}],"wp:attachment":[{"href":"https:\/\/nexgendecors.com\/fr\/wp-json\/wp\/v2\/media?parent=36915"}],"wp:term":[{"taxonomy":"product_brand","embeddable":true,"href":"https:\/\/nexgendecors.com\/fr\/wp-json\/wp\/v2\/product_brand?post=36915"},{"taxonomy":"product_cat","embeddable":true,"href":"https:\/\/nexgendecors.com\/fr\/wp-json\/wp\/v2\/product_cat?post=36915"},{"taxonomy":"product_tag","embeddable":true,"href":"https:\/\/nexgendecors.com\/fr\/wp-json\/wp\/v2\/product_tag?post=36915"}],"curies":[{"name":"wp","href":"https:\/\/api.w.org\/{rel}","templated":true}]}}