{"id":36928,"date":"2025-01-26T02:01:38","date_gmt":"2025-01-26T02:01:38","guid":{"rendered":"https:\/\/nexgendecors.com\/product\/2-3pcs-duvet-cover-set-with-tassels-stripes-tufted-pom-pom-pattern-bedding-set-soft-duvet-cover-for-bedroom-guest-room-1-duvet-cover-1-2-pillowcase-without-core1706356395523\/"},"modified":"2025-03-07T11:34:32","modified_gmt":"2025-03-07T11:34:32","slug":"parure-de-lit-2-ou-3-pieces-avec-housse-de-couette-et-pompons-rayures-motif-touffete-et-pompons-housse-de-couette-douce-pour-chambre-damis-1-housse-de-couette-et-1-taie-doreiller-sans-no","status":"publish","type":"product","link":"https:\/\/nexgendecors.com\/fr\/product\/parure-de-lit-2-ou-3-pieces-avec-housse-de-couette-et-pompons-rayures-motif-touffete-et-pompons-housse-de-couette-douce-pour-chambre-damis-1-housse-de-couette-et-1-taie-doreiller-sans-no\/","title":{"rendered":"Parure de lit \u00e0 rayures et pompons"},"content":{"rendered":"<div>\n<p>\ud83c\udf1f <strong>Mod\u00e8le de courtepointe unique et classique avec pi\u00e8ces de monnaie :<\/strong> Marre des motifs classiques ? D\u00e9couvrez notre motif exclusif de matelassage \u00e0 pi\u00e8ces ! Notre surmatelas imperm\u00e9able est dot\u00e9 d&#039;un dessus matelass\u00e9 en losanges qui ajoute une touche d&#039;\u00e9l\u00e9gance et offre un soutien accru. Dites adieu aux pertes de garnissage et profitez d&#039;une r\u00e9duction de la chaleur et de l&#039;humidit\u00e9 pour un sommeil plus confortable.<\/p>\n<p>\ud83d\udca7 <strong>Protection \u00e9tanche 100% :<\/strong> Vous craignez que des \u00e9claboussures, des taches ou des accidents n&#039;ab\u00eement votre matelas\u00a0? Notre prot\u00e8ge-matelas est l\u00e0 pour vous sauver la mise\u00a0! Fabriqu\u00e9 en TPU am\u00e9lior\u00e9, il offre une protection imperm\u00e9able sup\u00e9rieure et prot\u00e8ge efficacement votre matelas de la transpiration, des fluides corporels et des \u00e9claboussures. Id\u00e9al pour les familles avec enfants, les personnes \u00e2g\u00e9es ou les personnes souffrant d&#039;incontinence.<\/p>\n<p>\ud83d\ude0c <strong>Doux, respirant et silencieux :<\/strong> B\u00e9n\u00e9ficiez d&#039;un confort ultime gr\u00e2ce \u00e0 notre couche sup\u00e9rieure en microfibre haut de gamme et \u00e0 notre garnissage ergonomique en microfibre. Profitez d&#039;une sensation de douceur et de luxe tout en r\u00e9duisant les bruits g\u00eanants et en prot\u00e9geant votre matelas de l&#039;humidit\u00e9, de la transpiration et de l&#039;\u00e9nur\u00e9sie nocturne.<\/p>\n<p>\ud83d\udecf\ufe0f <strong>Conception de poche profonde :<\/strong> Notre prot\u00e8ge-matelas est dot\u00e9 d&#039;une jupe de lit \u00e0 360\u00b0 con\u00e7ue pour envelopper facilement tout le matelas. Dot\u00e9 d&#039;une poche profonde et d&#039;une coupe ajust\u00e9e, il s&#039;\u00e9tire jusqu&#039;\u00e0 15 \u00e0 45 cm, assurant un ajustement parfait sur la plupart des matelas. Fini les lits en d\u00e9sordre\u00a0: ce prot\u00e8ge-matelas restera propre toute la nuit, quels que soient vos mouvements.<\/p>\n<p>\ud83e\uddfc <strong>Facile \u00e0 nettoyer :<\/strong> Gardez votre prot\u00e8ge-matelas frais et propre en toute simplicit\u00e9\u00a0! Lavez-le simplement en machine \u00e0 l&#039;eau froide, cycle d\u00e9licat, et s\u00e9chez-le \u00e0 basse temp\u00e9rature (ne d\u00e9passant pas 55\u00a0\u00b0C\/130\u00a0\u00b0F). \u00c9vitez le nettoyage \u00e0 sec, le repassage et le blanchiment. Conseil de pro\u00a0: pour redonner du volume \u00e0 votre prot\u00e8ge-matelas, exposez-le au soleil et tapotez-le d\u00e9licatement apr\u00e8s l&#039;avoir d\u00e9ball\u00e9.<\/p>\n<p>Am\u00e9liorez votre exp\u00e9rience de sommeil et prot\u00e9gez votre matelas avec notre prot\u00e8ge-matelas imperm\u00e9able de qualit\u00e9 sup\u00e9rieure \u2013 car une bonne nuit de sommeil commence par un lit propre et confortable ! \ud83d\udecc<\/p>\n<\/div>","protected":false},"excerpt":{"rendered":"<p>\ud83c\udf1f Patron de courtepointe classique unique\u00a0: Fatigu\u00e9 des motifs classiques\u00a0? D\u00e9couvrez notre mod\u00e8le exclusif de courtepointe classique.<\/p>","protected":false},"featured_media":81686,"comment_status":"open","ping_status":"closed","template":"","meta":[],"product_brand":[],"product_cat":[30858,30895,30971],"product_tag":[],"class_list":{"0":"post-36928","1":"product","2":"type-product","3":"status-publish","4":"has-post-thumbnail","6":"product_cat-wholesale-bedroom","7":"product_cat-bs-bedroom","8":"product_cat-hp","10":"first","11":"instock","12":"sale","13":"taxable","14":"shipping-taxable","15":"purchasable","16":"product-type-variable"},"_links":{"self":[{"href":"https:\/\/nexgendecors.com\/fr\/wp-json\/wp\/v2\/product\/36928","targetHints":{"allow":["GET"]}}],"collection":[{"href":"https:\/\/nexgendecors.com\/fr\/wp-json\/wp\/v2\/product"}],"about":[{"href":"https:\/\/nexgendecors.com\/fr\/wp-json\/wp\/v2\/types\/product"}],"replies":[{"embeddable":true,"href":"https:\/\/nexgendecors.com\/fr\/wp-json\/wp\/v2\/comments?post=36928"}],"version-history":[{"count":0,"href":"https:\/\/nexgendecors.com\/fr\/wp-json\/wp\/v2\/product\/36928\/revisions"}],"wp:featuredmedia":[{"embeddable":true,"href":"https:\/\/nexgendecors.com\/fr\/wp-json\/wp\/v2\/media\/81686"}],"wp:attachment":[{"href":"https:\/\/nexgendecors.com\/fr\/wp-json\/wp\/v2\/media?parent=36928"}],"wp:term":[{"taxonomy":"product_brand","embeddable":true,"href":"https:\/\/nexgendecors.com\/fr\/wp-json\/wp\/v2\/product_brand?post=36928"},{"taxonomy":"product_cat","embeddable":true,"href":"https:\/\/nexgendecors.com\/fr\/wp-json\/wp\/v2\/product_cat?post=36928"},{"taxonomy":"product_tag","embeddable":true,"href":"https:\/\/nexgendecors.com\/fr\/wp-json\/wp\/v2\/product_tag?post=36928"}],"curies":[{"name":"wp","href":"https:\/\/api.w.org\/{rel}","templated":true}]}}