{"id":37095,"date":"2025-01-26T02:02:24","date_gmt":"2025-01-26T02:02:24","guid":{"rendered":"https:\/\/nexgendecors.com\/product\/2pcs-set-modern-style-coffee-table-combination-living-room-decorative-coffee-table-combination-modern-simple-bedroom-apartment-bedside-table1706356823609\/"},"modified":"2025-04-06T07:50:58","modified_gmt":"2025-04-06T07:50:58","slug":"ensemble-de-2-tables-basses-de-style-moderne-table-basse-decorative-pour-salon-table-de-chevet-simple-et-moderne-pour-chambre-a-coucher-appartement-1706356823609","status":"publish","type":"product","link":"https:\/\/nexgendecors.com\/fr\/product\/ensemble-de-2-tables-basses-de-style-moderne-table-basse-decorative-pour-salon-table-de-chevet-simple-et-moderne-pour-chambre-a-coucher-appartement-1706356823609\/","title":{"rendered":"Ensemble de tables basses modernes \u2013 D\u00e9coration de salon \u00e9l\u00e9gante"},"content":{"rendered":"<div>\n<p>\ud83c\udf1f <strong>Mat\u00e9riaux durables<\/strong>Fabriqu\u00e9es en MDF de haute qualit\u00e9 et dot\u00e9es de cadres m\u00e9talliques robustes, nos tables offrent durabilit\u00e9 et stabilit\u00e9. Leur surface lisse peinte est imperm\u00e9able et r\u00e9sistante \u00e0 la salet\u00e9. Leur texture transparente et leur excellente r\u00e9sistance \u00e0 l&#039;abrasion facilitent le nettoyage et l&#039;entretien. \ud83d\udecb\ufe0f<\/p>\n<p>\ud83d\udcab <strong>Style chic<\/strong>Nos tables sont des ajouts polyvalents \u00e0 tout espace, servant \u00e0 la fois d&#039;\u00e9l\u00e9ments d\u00e9coratifs et de meubles fonctionnels. Elles s&#039;int\u00e8grent parfaitement \u00e0 diff\u00e9rents styles de salon, offrant un espace g\u00e9n\u00e9reux pour exposer plantes vertes, en-cas, boissons et autres sur leurs plateaux spacieux.<\/p>\n<p>\ud83d\udd04 <strong>Combinaison flexible<\/strong>: Id\u00e9ales pour les petits espaces, nos tables offrent une infinit\u00e9 de possibilit\u00e9s d&#039;agencement. Rassemblez-les pour un look coh\u00e9rent ou utilisez-les s\u00e9par\u00e9ment dans diff\u00e9rentes zones de la pi\u00e8ce. La petite table peut m\u00eame \u00eatre gliss\u00e9e sous la grande pour gagner de la place si n\u00e9cessaire. \ud83c\udfe0<\/p>\n<p>\u26aa <strong>Design minimaliste<\/strong>Dot\u00e9es d&#039;une finition textur\u00e9e en marbre, nos tables d\u00e9gagent une beaut\u00e9 naturelle r\u00e9tro avec une touche d&#039;\u00e9l\u00e9gance. Leur fond ouvert rehausse non seulement leur esth\u00e9tique, mais offre \u00e9galement un espace de repos confortable pour les jambes. Il est \u00e9galement id\u00e9al pour ranger des objets et garder votre espace bien rang\u00e9 et organis\u00e9.<\/p>\n<\/div>","protected":false},"excerpt":{"rendered":"<p>Mat\u00e9riaux durables\u00a0: Fabriqu\u00e9es en MDF de haute qualit\u00e9 et dot\u00e9es de cadres m\u00e9talliques robustes, nos tables offrent durabilit\u00e9 et stabilit\u00e9. Leur surface lisse<\/p>","protected":false},"featured_media":88184,"comment_status":"open","ping_status":"closed","template":"","meta":[],"product_brand":[],"product_cat":[30971,32],"product_tag":[],"class_list":{"0":"post-37095","1":"product","2":"type-product","3":"status-publish","4":"has-post-thumbnail","6":"product_cat-hp","7":"product_cat-residential-furniture","9":"first","10":"instock","11":"sale","12":"taxable","13":"shipping-taxable","14":"purchasable","15":"product-type-variable"},"_links":{"self":[{"href":"https:\/\/nexgendecors.com\/fr\/wp-json\/wp\/v2\/product\/37095","targetHints":{"allow":["GET"]}}],"collection":[{"href":"https:\/\/nexgendecors.com\/fr\/wp-json\/wp\/v2\/product"}],"about":[{"href":"https:\/\/nexgendecors.com\/fr\/wp-json\/wp\/v2\/types\/product"}],"replies":[{"embeddable":true,"href":"https:\/\/nexgendecors.com\/fr\/wp-json\/wp\/v2\/comments?post=37095"}],"version-history":[{"count":0,"href":"https:\/\/nexgendecors.com\/fr\/wp-json\/wp\/v2\/product\/37095\/revisions"}],"wp:featuredmedia":[{"embeddable":true,"href":"https:\/\/nexgendecors.com\/fr\/wp-json\/wp\/v2\/media\/88184"}],"wp:attachment":[{"href":"https:\/\/nexgendecors.com\/fr\/wp-json\/wp\/v2\/media?parent=37095"}],"wp:term":[{"taxonomy":"product_brand","embeddable":true,"href":"https:\/\/nexgendecors.com\/fr\/wp-json\/wp\/v2\/product_brand?post=37095"},{"taxonomy":"product_cat","embeddable":true,"href":"https:\/\/nexgendecors.com\/fr\/wp-json\/wp\/v2\/product_cat?post=37095"},{"taxonomy":"product_tag","embeddable":true,"href":"https:\/\/nexgendecors.com\/fr\/wp-json\/wp\/v2\/product_tag?post=37095"}],"curies":[{"name":"wp","href":"https:\/\/api.w.org\/{rel}","templated":true}]}}