{"id":37103,"date":"2025-01-26T02:02:29","date_gmt":"2025-01-26T02:02:29","guid":{"rendered":"https:\/\/nexgendecors.com\/product\/2person-xl-sleeping-bag-allseason-comfort-for-camping-backpacking1706363423691\/"},"modified":"2025-04-06T07:51:02","modified_gmt":"2025-04-06T07:51:02","slug":"sac-de-couchage-xl-2-personnes-confort-toutes-saisons-ideal-pour-le-camping-et-la-randonnee-1706363423691","status":"publish","type":"product","link":"https:\/\/nexgendecors.com\/fr\/product\/sac-de-couchage-xl-2-personnes-confort-toutes-saisons-ideal-pour-le-camping-et-la-randonnee-1706363423691\/","title":{"rendered":"Sac de couchage XL toutes saisons confort pour 2 personnes \u2013 Id\u00e9al pour le camping"},"content":{"rendered":"<p><strong>\ud83c\udf19 Sac de couchage XL 2 personnes : votre compagnon de camping douillet ! \ud83c\udf19<\/strong><\/p>\n<p>\u00c9coutez bien, aventuriers ! Voici le <strong>Sac de couchage XL pour 2 personnes<\/strong> par MEREZA \u2013 la solution id\u00e9ale pour des aventures de camping et de randonn\u00e9e grand format et tout confort. Id\u00e9al \u00e0 partager avec votre meilleur(e) ami(e), ce sac de couchage vous assure une nuit douillette \u00e0 la belle \u00e9toile.<\/p>\n<p>Fabriqu\u00e9 en taffetas de polyester de haute qualit\u00e9, ce sac de couchage vous garantit un confort optimal toute l&#039;ann\u00e9e, que vous campiez \u00e9t\u00e9 comme hiver. De plus, sa conception r\u00e9versible vous permet de changer de style en toute simplicit\u00e9, tandis que sa portabilit\u00e9 et sa l\u00e9g\u00e8ret\u00e9 le rendent facile \u00e0 transporter.<\/p>\n<p>\ud83c\udf1f <strong>Caract\u00e9ristiques principales :<\/strong><\/p>\n<ul>\n<li>\n<p><strong>Confort toutes saisons :<\/strong> Con\u00e7u pour vous garder bien au chaud et au chaud, ce sac de couchage vous assure un confort optimal en toute saison. Qu&#039;il fasse chaud ou froid, il vous prot\u00e8ge\u00a0! \ud83c\udf1e\u2744\ufe0f<\/p>\n<\/li>\n<li>\n<p><strong>Taille pour 2 personnes :<\/strong> Partagez une ambiance d\u00e9contract\u00e9e avec votre meilleur(e) ami(e)\u00a0! Id\u00e9al pour les couples ou les amis qui aiment camper ou partir en randonn\u00e9e ensemble. \ud83c\udfd5\ufe0f<\/p>\n<\/li>\n<li>\n<p><strong>Style r\u00e9versible :<\/strong> Rehaussez votre style avec son design r\u00e9versible. Choisissez entre deux couleurs tendance et partez en plein air avec style\u00a0! \ud83c\udfa8<\/p>\n<\/li>\n<li>\n<p><strong>Portable et l\u00e9ger :<\/strong> Voyagez l\u00e9ger sans compromettre votre confort\u00a0! Sa conception l\u00e9g\u00e8re le rend facile \u00e0 transporter, id\u00e9al pour les aventuriers nomades. \ud83c\udf92<\/p>\n<\/li>\n<li>\n<p><strong>Durable et de haute qualit\u00e9 :<\/strong> Fabriqu\u00e9 \u00e0 partir d&#039;un mat\u00e9riau en taffetas de polyester de premi\u00e8re qualit\u00e9, ce sac de couchage est con\u00e7u pour r\u00e9sister \u00e0 vos aventures sauvages tout en conservant sa fra\u00eecheur. \ud83d\udcaa<\/p>\n<\/li>\n<\/ul>\n<p><strong>Caract\u00e9ristiques:<\/strong><\/p>\n<ul>\n<li>\n<strong>Marque:<\/strong> MEREZA<\/li>\n<li>\n<strong>Couleur:<\/strong> Vert arm\u00e9e<\/li>\n<li>\n<strong>Occupation:<\/strong> 2 personnes<\/li>\n<li>\n<strong>Forme:<\/strong> Rectangulaire<\/li>\n<li>\n<strong>Tranche d&#039;\u00e2ge :<\/strong> Enfant<\/li>\n<li>\n<strong>Mat\u00e9riel:<\/strong> Taffetas de polyester<\/li>\n<li>\n<strong>Mat\u00e9riau de remplissage :<\/strong> Polyester<\/li>\n<li>\n<strong>Dimensions:<\/strong> 90,6\u2033L x 61\u2033W<\/li>\n<li>\n<strong>Poids de l&#039;article :<\/strong> 7,7 livres<\/li>\n<li>\n<strong>Mat\u00e9riau ext\u00e9rieur :<\/strong> Polyester<\/li>\n<li>\n<strong>Type de tissu :<\/strong> Isolation synth\u00e9tique<\/li>\n<li>\n<strong>Taille:<\/strong> Double (90,6 pouces * 61 pouces)<\/li>\n<li>\n<strong>Dimensions du colis :<\/strong> 16,69 x 13,43 x 6,22 pouces<\/li>\n<li>\n<strong>Poids du colis :<\/strong> 3,85 kilogrammes<\/li>\n<li>\n<strong>Dimensions de l&#039;article :<\/strong> 90,6 x 61 x 3 pouces<\/li>\n<\/ul>\n<p>Pr\u00e9parez-vous pour votre prochaine aventure avec le <strong>Sac de couchage XL pour 2 personnes<\/strong> Par MEREZA. Profitez d&#039;un confort, d&#039;un style et d&#039;une commodit\u00e9 ultimes lors de vos s\u00e9jours en camping\u00a0! \ud83c\udf32\ud83c\udf1f<\/p>","protected":false},"excerpt":{"rendered":"<p>\ud83c\udf19 2Person XL Sleeping Bag: Your Cozy Camping Companion! \ud83c\udf19 Listen up, adventurers! Introducing the 2Person XL Sleeping Bag by<\/p>","protected":false},"featured_media":88203,"comment_status":"open","ping_status":"closed","template":"","meta":[],"product_brand":[],"product_cat":[30818,30971],"product_tag":[5971],"class_list":{"0":"post-37103","1":"product","2":"type-product","3":"status-publish","4":"has-post-thumbnail","6":"product_cat-camping-furniture","7":"product_cat-hp","8":"product_tag-usa","10":"first","11":"instock","12":"sale","13":"taxable","14":"shipping-taxable","15":"purchasable","16":"product-type-variable"},"_links":{"self":[{"href":"https:\/\/nexgendecors.com\/fr\/wp-json\/wp\/v2\/product\/37103","targetHints":{"allow":["GET"]}}],"collection":[{"href":"https:\/\/nexgendecors.com\/fr\/wp-json\/wp\/v2\/product"}],"about":[{"href":"https:\/\/nexgendecors.com\/fr\/wp-json\/wp\/v2\/types\/product"}],"replies":[{"embeddable":true,"href":"https:\/\/nexgendecors.com\/fr\/wp-json\/wp\/v2\/comments?post=37103"}],"version-history":[{"count":0,"href":"https:\/\/nexgendecors.com\/fr\/wp-json\/wp\/v2\/product\/37103\/revisions"}],"wp:featuredmedia":[{"embeddable":true,"href":"https:\/\/nexgendecors.com\/fr\/wp-json\/wp\/v2\/media\/88203"}],"wp:attachment":[{"href":"https:\/\/nexgendecors.com\/fr\/wp-json\/wp\/v2\/media?parent=37103"}],"wp:term":[{"taxonomy":"product_brand","embeddable":true,"href":"https:\/\/nexgendecors.com\/fr\/wp-json\/wp\/v2\/product_brand?post=37103"},{"taxonomy":"product_cat","embeddable":true,"href":"https:\/\/nexgendecors.com\/fr\/wp-json\/wp\/v2\/product_cat?post=37103"},{"taxonomy":"product_tag","embeddable":true,"href":"https:\/\/nexgendecors.com\/fr\/wp-json\/wp\/v2\/product_tag?post=37103"}],"curies":[{"name":"wp","href":"https:\/\/api.w.org\/{rel}","templated":true}]}}