{"id":37355,"date":"2025-01-26T02:03:14","date_gmt":"2025-01-26T02:03:14","guid":{"rendered":"https:\/\/nexgendecors.com\/product\/square-triangle-boat-wood-black-walnut-wood-wood-solid-wood-mosaic-showroom-tv-background-wall-living-room-wood-decoration\/"},"modified":"2025-04-15T11:18:12","modified_gmt":"2025-04-15T11:18:12","slug":"carre-triangle-bateau-bois-noyer-noir-bois-bois-bois-massif-mosaique-salle-dexposition-fond-tv-mur-salon-decoration-bois","status":"publish","type":"product","link":"https:\/\/nexgendecors.com\/fr\/product\/carre-triangle-bateau-bois-noyer-noir-bois-bois-bois-massif-mosaique-salle-dexposition-fond-tv-mur-salon-decoration-bois\/","title":{"rendered":"Panneaux muraux en bois 3D\u00a0: une d\u00e9coration \u00e9l\u00e9gante et \u00e9cologique"},"content":{"rendered":"<p><strong>Description<\/strong><\/p>\n<p>Les panneaux muraux 3D en bois naturel sont largement utilis\u00e9s dans la d\u00e9coration int\u00e9rieure moderne. Les panneaux muraux en bois massif se distinguent par leur beaut\u00e9 naturelle, leur respect de l&#039;environnement, leur style impeccable et leur grande praticit\u00e9. Ils sont faciles \u00e0 installer, ne n\u00e9cessitent aucun entretien et ont une tr\u00e8s longue dur\u00e9e de vie. Les panneaux en bois v\u00e9ritable contribuent \u00e0 cr\u00e9er et \u00e0 maintenir un microclimat sain dans votre maison.<\/p>\n<ul>\n<li>Les panneaux d\u00e9coratifs sont non seulement esth\u00e9tiques, mais aussi fonctionnels. Vous pouvez les utiliser pour\u00a0:<\/li>\n<li>Cr\u00e9ation d&#039;un mur d&#039;accent ou d&#039;\u00e9l\u00e9ments individuels.<\/li>\n<li>Am\u00e9lioration de l&#039;insonorisation de la pi\u00e8ce.<\/li>\n<li>Cr\u00e9ation d&#039;un fond acoustique confortable (les sons du spectre de la parole deviennent de plus en plus clairs).<\/li>\n<li>Masquage des d\u00e9fauts des parois.<\/li>\n<li>Zonage des pi\u00e8ces.<\/li>\n<\/ul>\n<p>Les panneaux de bois ne sont pas seulement un beau d\u00e9cor, mais aussi un mat\u00e9riau isolant thermique, insonorisant et acoustique.<\/p>\n<ul>\n<li><span data-mce-fragment=\"1\">Taille de la feuille : 300X300 (MM)<\/span><\/li>\n<li><span data-mce-fragment=\"1\">\u00c9paisseur : 5-18 mm\u00a0<\/span><\/li>\n<\/ul>","protected":false},"excerpt":{"rendered":"<p>Description Les panneaux muraux 3D en bois naturel sont largement utilis\u00e9s dans les int\u00e9rieurs modernes \u00e0 des fins d\u00e9coratives.<\/p>","protected":false},"featured_media":88607,"comment_status":"open","ping_status":"closed","template":"","meta":[],"product_brand":[],"product_cat":[30971,30986,30878],"product_tag":[],"class_list":{"0":"post-37355","1":"product","2":"type-product","3":"status-publish","4":"has-post-thumbnail","6":"product_cat-hp","7":"product_cat-tiles-wall-bricks","8":"product_cat-wall-panel","10":"first","11":"instock","12":"sale","13":"taxable","14":"shipping-taxable","15":"purchasable","16":"product-type-variable"},"_links":{"self":[{"href":"https:\/\/nexgendecors.com\/fr\/wp-json\/wp\/v2\/product\/37355","targetHints":{"allow":["GET"]}}],"collection":[{"href":"https:\/\/nexgendecors.com\/fr\/wp-json\/wp\/v2\/product"}],"about":[{"href":"https:\/\/nexgendecors.com\/fr\/wp-json\/wp\/v2\/types\/product"}],"replies":[{"embeddable":true,"href":"https:\/\/nexgendecors.com\/fr\/wp-json\/wp\/v2\/comments?post=37355"}],"version-history":[{"count":0,"href":"https:\/\/nexgendecors.com\/fr\/wp-json\/wp\/v2\/product\/37355\/revisions"}],"wp:featuredmedia":[{"embeddable":true,"href":"https:\/\/nexgendecors.com\/fr\/wp-json\/wp\/v2\/media\/88607"}],"wp:attachment":[{"href":"https:\/\/nexgendecors.com\/fr\/wp-json\/wp\/v2\/media?parent=37355"}],"wp:term":[{"taxonomy":"product_brand","embeddable":true,"href":"https:\/\/nexgendecors.com\/fr\/wp-json\/wp\/v2\/product_brand?post=37355"},{"taxonomy":"product_cat","embeddable":true,"href":"https:\/\/nexgendecors.com\/fr\/wp-json\/wp\/v2\/product_cat?post=37355"},{"taxonomy":"product_tag","embeddable":true,"href":"https:\/\/nexgendecors.com\/fr\/wp-json\/wp\/v2\/product_tag?post=37355"}],"curies":[{"name":"wp","href":"https:\/\/api.w.org\/{rel}","templated":true}]}}