{"id":37457,"date":"2025-01-26T02:03:27","date_gmt":"2025-01-26T02:03:27","guid":{"rendered":"https:\/\/nexgendecors.com\/product\/3pcs-multicolor-plush-duvet-cover-set-soft-and-warm-bedding-for-bedroom-guest-room-and-dorm-decor1706356890560\/"},"modified":"2025-04-06T07:51:29","modified_gmt":"2025-04-06T07:51:29","slug":"parure-de-lit-3-pieces-en-peluche-multicolore-douce-et-chaude-pour-chambre-damis-et-dortoir-1706356890560","status":"publish","type":"product","link":"https:\/\/nexgendecors.com\/fr\/product\/parure-de-lit-3-pieces-en-peluche-multicolore-douce-et-chaude-pour-chambre-damis-et-dortoir-1706356890560\/","title":{"rendered":"Parure de lit en peluche multicolore \u2013 Literie douce et confortable"},"content":{"rendered":"<div>\n<p>\ud83d\udecf\ufe0f <strong>Exp\u00e9rience de sommeil douce et chaleureuse<\/strong>: Offrez-vous le confort douillet de notre ensemble de housse de couette en peluche multicolore 3 pi\u00e8ces, confectionn\u00e9 dans un mat\u00e9riau doux et chaud qui promet une nuit de sommeil r\u00e9paratrice. \ud83d\udca4<\/p>\n<p>\ud83c\udf1f <strong>Artisanat de qualit\u00e9 sup\u00e9rieure<\/strong>Con\u00e7ue avec pr\u00e9cision et une attention m\u00e9ticuleuse aux d\u00e9tails, cette parure de couette est d&#039;une qualit\u00e9 exceptionnelle. Son tissu moelleux est non seulement doux, mais aussi r\u00e9sistant, garantissant chaleur et confort m\u00eame apr\u00e8s une utilisation r\u00e9guli\u00e8re. \ud83c\udf08<\/p>\n<p>\ud83c\udfe1 <strong>Design polyvalent et \u00e9l\u00e9gant<\/strong>Rehaussez la d\u00e9coration de votre chambre avec le motif multicolore vibrant de notre parure de couette, qui apportera une touche de style et de personnalit\u00e9 \u00e0 n&#039;importe quel espace. Que ce soit pour votre chambre, votre chambre d&#039;amis ou votre dortoir, elle sublimera sans effort l&#039;ambiance de vos diff\u00e9rents espaces de vie.<\/p>\n<p>\u23f0 <strong>Pratique et facile \u00e0 utiliser<\/strong>: Dot\u00e9e d&#039;une fermeture \u00e9clair, cette parure de couette simplifie l&#039;insertion et le retrait de votre couette, vous faisant gagner du temps et des efforts. De plus, elle est lavable en machine pour un nettoyage et un entretien faciles, garantissant une fra\u00eecheur continue. \ud83e\uddfa<\/p>\n<p>\ud83d\udecc <strong>Ensemble de literie complet<\/strong>Notre ensemble 3 pi\u00e8ces comprend une housse de couette et deux taies d&#039;oreiller assorties, vous offrant tout le n\u00e9cessaire pour une literie coordonn\u00e9e et \u00e9l\u00e9gante. Les taies assorties ajoutent une touche de confort et d&#039;\u00e9l\u00e9gance \u00e0 votre lit, pour une exp\u00e9rience de sommeil douce et chaleureuse. \ud83c\udf1f<\/p>\n<\/div>","protected":false},"excerpt":{"rendered":"<p>\ud83d\udecf\ufe0f Exp\u00e9rience de sommeil douce et chaleureuse : Offrez-vous le confort douillet de notre ensemble de housse de couette en peluche multicolore 3 pi\u00e8ces, fabriqu\u00e9<\/p>","protected":false},"featured_media":88768,"comment_status":"open","ping_status":"closed","template":"","meta":[],"product_brand":[],"product_cat":[30858,30895,30971],"product_tag":[],"class_list":{"0":"post-37457","1":"product","2":"type-product","3":"status-publish","4":"has-post-thumbnail","6":"product_cat-wholesale-bedroom","7":"product_cat-bs-bedroom","8":"product_cat-hp","10":"first","11":"instock","12":"sale","13":"taxable","14":"shipping-taxable","15":"purchasable","16":"product-type-variable"},"_links":{"self":[{"href":"https:\/\/nexgendecors.com\/fr\/wp-json\/wp\/v2\/product\/37457","targetHints":{"allow":["GET"]}}],"collection":[{"href":"https:\/\/nexgendecors.com\/fr\/wp-json\/wp\/v2\/product"}],"about":[{"href":"https:\/\/nexgendecors.com\/fr\/wp-json\/wp\/v2\/types\/product"}],"replies":[{"embeddable":true,"href":"https:\/\/nexgendecors.com\/fr\/wp-json\/wp\/v2\/comments?post=37457"}],"version-history":[{"count":0,"href":"https:\/\/nexgendecors.com\/fr\/wp-json\/wp\/v2\/product\/37457\/revisions"}],"wp:featuredmedia":[{"embeddable":true,"href":"https:\/\/nexgendecors.com\/fr\/wp-json\/wp\/v2\/media\/88768"}],"wp:attachment":[{"href":"https:\/\/nexgendecors.com\/fr\/wp-json\/wp\/v2\/media?parent=37457"}],"wp:term":[{"taxonomy":"product_brand","embeddable":true,"href":"https:\/\/nexgendecors.com\/fr\/wp-json\/wp\/v2\/product_brand?post=37457"},{"taxonomy":"product_cat","embeddable":true,"href":"https:\/\/nexgendecors.com\/fr\/wp-json\/wp\/v2\/product_cat?post=37457"},{"taxonomy":"product_tag","embeddable":true,"href":"https:\/\/nexgendecors.com\/fr\/wp-json\/wp\/v2\/product_tag?post=37457"}],"curies":[{"name":"wp","href":"https:\/\/api.w.org\/{rel}","templated":true}]}}