{"id":37836,"date":"2025-01-26T02:04:24","date_gmt":"2025-01-26T02:04:24","guid":{"rendered":"https:\/\/nexgendecors.com\/product\/53-modern-round-dining-table-marble-kitchen-table-with-sintered-stone-tabletop-and-cylindrical-shape-design-carbon-steel-leather-base-dining-room-table-for-6-only-table1711876968814\/"},"modified":"2025-04-06T07:51:47","modified_gmt":"2025-04-06T07:51:47","slug":"table-a-manger-ronde-moderne-de-53-pouces-table-de-cuisine-en-marbre-avec-plateau-en-pierre-frittee-et-design-de-forme-cylindrique-base-en-cuir-et-acier-au-carbone-table-de-salle-a-manger-pour-6-pe","status":"publish","type":"product","link":"https:\/\/nexgendecors.com\/fr\/product\/table-a-manger-ronde-moderne-de-53-pouces-table-de-cuisine-en-marbre-avec-plateau-en-pierre-frittee-et-design-de-forme-cylindrique-base-en-cuir-et-acier-au-carbone-table-de-salle-a-manger-pour-6-pe\/","title":{"rendered":"Table \u00e0 manger ronde moderne en marbre pour 6 personnes avec base en acier"},"content":{"rendered":"<p data-mce-fragment=\"1\"><strong data-mce-fragment=\"1\">D\u00e9couvrez l&#039;art de la table avec notre superbe table !<\/strong> \ud83c\udfa8\ud83c\udf7d\ufe0f<\/p>\n<ul data-mce-fragment=\"1\">\n<li data-mce-fragment=\"1\">\n<p data-mce-fragment=\"1\"><strong data-mce-fragment=\"1\">Conception de chef-d&#039;\u0153uvre<\/strong>Notre table \u00e0 manger allie beaut\u00e9 et fonctionnalit\u00e9, apportant dynamisme et confort \u00e0 votre espace repas. Son style et sa texture uniques la rendent irr\u00e9sistible\u00a0: une v\u00e9ritable \u0153uvre d&#039;art\u00a0! \u2728<\/p>\n<\/li>\n<li data-mce-fragment=\"1\">\n<p data-mce-fragment=\"1\"><strong data-mce-fragment=\"1\">Mat\u00e9riaux de qualit\u00e9<\/strong>:Fabriqu\u00e9e avec un plateau en pierre fritt\u00e9e, un cadre en acier au carbone et une couche ext\u00e9rieure en cuir, cette table est \u00e0 la fois luxueuse et durable. \ud83e\ude91<\/p>\n<\/li>\n<li data-mce-fragment=\"1\">\n<p data-mce-fragment=\"1\"><strong data-mce-fragment=\"1\">Entretien facile<\/strong>: Sa surface imperm\u00e9able et r\u00e9sistante aux taches facilite le nettoyage. Essuyez simplement les \u00e9claboussures ou les taches pour un entretien sans tracas. \ud83e\uddfc<\/p>\n<\/li>\n<li data-mce-fragment=\"1\">\n<p data-mce-fragment=\"1\"><strong data-mce-fragment=\"1\">Attrait moderne et minimaliste<\/strong>: Dot\u00e9e d&#039;un plateau blanc Snowy Mountains et d&#039;une base en or blanc, cette table combine parfaitement les styles moderne, minimaliste et cr\u00e9atif. \ud83c\udfa8<\/p>\n<\/li>\n<li data-mce-fragment=\"1\">\n<p data-mce-fragment=\"1\"><strong data-mce-fragment=\"1\">Taille et capacit\u00e9 g\u00e9n\u00e9reuses<\/strong>: Peut accueillir confortablement jusqu&#039;\u00e0 6 personnes gr\u00e2ce \u00e0 ses dimensions de 135 cm de profondeur x 74 cm de hauteur et son plateau de 12 mm d&#039;\u00e9paisseur. Capacit\u00e9 de charge\u00a0: 308 kg. \ud83e\ude91<\/p>\n<\/li>\n<li data-mce-fragment=\"1\">\n<p data-mce-fragment=\"1\"><strong data-mce-fragment=\"1\">D\u00e9tails du forfait<\/strong>:<\/p>\n<ul data-mce-fragment=\"1\">\n<li data-mce-fragment=\"1\">\n<strong data-mce-fragment=\"1\">Paquet 1 (de table)<\/strong>: 56,7 po L x 56,7 po l x 7,5 po H, poids : 167,22 lb<\/li>\n<li data-mce-fragment=\"1\">\n<strong data-mce-fragment=\"1\">Paquet 2 (base de table)<\/strong>: 29,5 po L x 29,5 po l x 33,4 po H, poids : 68,34 lb<\/li>\n<li data-mce-fragment=\"1\">\n<strong data-mce-fragment=\"1\">Poids net<\/strong>: 200 livres<\/li>\n<\/ul>\n<\/li>\n<li data-mce-fragment=\"1\">\n<p data-mce-fragment=\"1\"><strong data-mce-fragment=\"1\">Ce qui est inclus<\/strong>:<\/p>\n<ul data-mce-fragment=\"1\">\n<li data-mce-fragment=\"1\">Table x 1<\/li>\n<li data-mce-fragment=\"1\">Outil d&#039;assemblage x 1 jeu<\/li>\n<li data-mce-fragment=\"1\">Manuel d&#039;instructions x 1<\/li>\n<\/ul>\n<\/li>\n<li data-mce-fragment=\"1\">\n<p data-mce-fragment=\"1\"><strong data-mce-fragment=\"1\">Conseils chaleureux<\/strong>: 1\ufe0f\u20e3 Si votre article arrive endommag\u00e9 ou pr\u00e9sente des probl\u00e8mes, contactez-nous imm\u00e9diatement pour un \u00e9change ou un remboursement gratuit. 2\ufe0f\u20e3 Une installation incorrecte peut entra\u00eener une instabilit\u00e9. Veuillez lire attentivement les instructions ou contacter le service client pour obtenir de l&#039;aide. 3\ufe0f\u20e3 Les images num\u00e9riques repr\u00e9sentent fid\u00e8lement la couleur du produit, mais en raison des diff\u00e9rences entre les \u00e9crans, les couleurs r\u00e9elles peuvent varier.<\/p>\n<\/li>\n<\/ul>\n<p data-mce-fragment=\"1\">Offrez-vous un d\u00eener luxueux avec notre table raffin\u00e9e et fonctionnelle\u00a0! Faites de chaque repas un moment privil\u00e9gi\u00e9. \ud83c\udf1f\ud83c\udf7d\ufe0f<\/p>\n<div><\/div>","protected":false},"excerpt":{"rendered":"<p>D\u00e9couvrez l&#039;art de la table \u00e0 manger avec notre superbe table ! \ud83c\udfa8\ud83c\udf7d\ufe0f Design de chef-d&#039;\u0153uvre : Notre table \u00e0 manger est un m\u00e9lange de beaut\u00e9 et<\/p>","protected":false},"featured_media":89336,"comment_status":"open","ping_status":"closed","template":"","meta":[],"product_brand":[],"product_cat":[30825,30826,30827,30971,32],"product_tag":[],"class_list":{"0":"post-37836","1":"product","2":"type-product","3":"status-publish","4":"has-post-thumbnail","6":"product_cat-dining-chairs","7":"product_cat-dining-room","8":"product_cat-dining-tables","9":"product_cat-hp","10":"product_cat-residential-furniture","12":"first","13":"instock","14":"sale","15":"taxable","16":"shipping-taxable","17":"purchasable","18":"product-type-variable"},"_links":{"self":[{"href":"https:\/\/nexgendecors.com\/fr\/wp-json\/wp\/v2\/product\/37836","targetHints":{"allow":["GET"]}}],"collection":[{"href":"https:\/\/nexgendecors.com\/fr\/wp-json\/wp\/v2\/product"}],"about":[{"href":"https:\/\/nexgendecors.com\/fr\/wp-json\/wp\/v2\/types\/product"}],"replies":[{"embeddable":true,"href":"https:\/\/nexgendecors.com\/fr\/wp-json\/wp\/v2\/comments?post=37836"}],"version-history":[{"count":0,"href":"https:\/\/nexgendecors.com\/fr\/wp-json\/wp\/v2\/product\/37836\/revisions"}],"wp:featuredmedia":[{"embeddable":true,"href":"https:\/\/nexgendecors.com\/fr\/wp-json\/wp\/v2\/media\/89336"}],"wp:attachment":[{"href":"https:\/\/nexgendecors.com\/fr\/wp-json\/wp\/v2\/media?parent=37836"}],"wp:term":[{"taxonomy":"product_brand","embeddable":true,"href":"https:\/\/nexgendecors.com\/fr\/wp-json\/wp\/v2\/product_brand?post=37836"},{"taxonomy":"product_cat","embeddable":true,"href":"https:\/\/nexgendecors.com\/fr\/wp-json\/wp\/v2\/product_cat?post=37836"},{"taxonomy":"product_tag","embeddable":true,"href":"https:\/\/nexgendecors.com\/fr\/wp-json\/wp\/v2\/product_tag?post=37836"}],"curies":[{"name":"wp","href":"https:\/\/api.w.org\/{rel}","templated":true}]}}