{"id":37893,"date":"2025-01-26T02:04:43","date_gmt":"2025-01-26T02:04:43","guid":{"rendered":"https:\/\/nexgendecors.com\/product\/6-pcs-patio-furniture-set-fire-table-outdoor-furniture-sets-gas-fire-pit-with-outdoor-storage-box-glass-coffee-table-and-waterproof-covers-anti-slip-grey-cushions1711879782433\/"},"modified":"2025-03-12T06:29:40","modified_gmt":"2025-03-12T06:29:40","slug":"6-pcs-patio-furniture-set-fire-table-outdoor-furniture-sets-gas-fire-pit-with-outdoor-storage-box-glass-coffee-table-and-waterproof-covers-anti-slip-grey-cushions1711879782433","status":"publish","type":"product","link":"https:\/\/nexgendecors.com\/fr\/product\/6-pcs-patio-furniture-set-fire-table-outdoor-furniture-sets-gas-fire-pit-with-outdoor-storage-box-glass-coffee-table-and-waterproof-covers-anti-slip-grey-cushions1711879782433\/","title":{"rendered":"6 PCS Outdoor Patio Furniture Set with Fire Table (Ensemble de meubles de patio pour l'ext\u00e9rieur avec table de feu)"},"content":{"rendered":"<p data-mce-fragment=\"1\">\ud83c\udf1f <strong data-mce-fragment=\"1\">Quality &#038; Durability<\/strong>: Handwoven all-weather HDPE wicker over fully-welded powder-coated steel framing ensures the outdoor couch propane fire pit with Deck Box 6 PCS is exceptionally durable. The 250G polyester Anti-UV and water-repellent fabric, along with waterproof covers, provide long-lasting comfort and protection against dust, rain, and sun exposure.<\/p>\n<p data-mce-fragment=\"1\">\ud83d\udd25 <strong data-mce-fragment=\"1\">Patio Fire Pit Table<\/strong>: Enjoy the warmth and ambiance of the 50000 BTU outdoor fire pit table, equipped with a standard 20lbs propane tank (sold separately). Featuring a woodgrain marble tile tabletop and durable steel frame, stainless burner, waterproof furniture cover, and lava rocks, it creates a cozy retreat on your patio.<\/p>\n<p data-mce-fragment=\"1\">\ud83d\udce6 <strong data-mce-fragment=\"1\">Deck Storage Box<\/strong>: The included deck storage box offers ample space for various supplies, with a waterproof zippered inner cover and gas spring lid for convenience. The wide tabletop enhances functionality and adds charm to your outdoor space.<\/p>\n<p data-mce-fragment=\"1\">\ud83e\ude91 <strong data-mce-fragment=\"1\">Comfortable &#038; Non-slip<\/strong>: Sink into comfort with thickened seat cushions (4&#8243;) filled with high resilience sponge and bottom anti-slip dotted plastic fabric. The included back cushions and free lumbar pillows provide additional support and comfort, ensuring a cozy and slip-free seating experience.<\/p>\n<p data-mce-fragment=\"1\">\ud83d\udd27 <strong data-mce-fragment=\"1\">Assembly &#038; After-sales<\/strong>: Assembly is quick and smooth with clear instructions and all necessary hardware included. Additionally, an Assembly Demo Video is available for added convenience. Rest assured, any issues will be promptly addressed by our dedicated team, offering powerful solutions including replacement, return, or refund. Your satisfaction is our priority.<\/p>\n<div><\/div>","protected":false},"excerpt":{"rendered":"<p>\ud83c\udf1f Qualit\u00e9 et durabilit\u00e9 : L'osier HDPE tress\u00e9 \u00e0 la main pour tous les temps sur un cadre en acier thermolaqu\u00e9 enti\u00e8rement soud\u00e9 garantit que le foyer \u00e0 propane pour canap\u00e9 d'ext\u00e9rieur est un produit de qualit\u00e9.<\/p>","protected":false},"featured_media":89470,"comment_status":"open","ping_status":"closed","template":"","meta":[],"product_brand":[],"product_cat":[30971,30856,32],"product_tag":[],"class_list":{"0":"post-37893","1":"product","2":"type-product","3":"status-publish","4":"has-post-thumbnail","6":"product_cat-hp","7":"product_cat-outdoor-furniture","8":"product_cat-residential-furniture","10":"first","11":"instock","12":"sale","13":"taxable","14":"shipping-taxable","15":"purchasable","16":"product-type-variable"},"_links":{"self":[{"href":"https:\/\/nexgendecors.com\/fr\/wp-json\/wp\/v2\/product\/37893","targetHints":{"allow":["GET"]}}],"collection":[{"href":"https:\/\/nexgendecors.com\/fr\/wp-json\/wp\/v2\/product"}],"about":[{"href":"https:\/\/nexgendecors.com\/fr\/wp-json\/wp\/v2\/types\/product"}],"replies":[{"embeddable":true,"href":"https:\/\/nexgendecors.com\/fr\/wp-json\/wp\/v2\/comments?post=37893"}],"version-history":[{"count":0,"href":"https:\/\/nexgendecors.com\/fr\/wp-json\/wp\/v2\/product\/37893\/revisions"}],"wp:featuredmedia":[{"embeddable":true,"href":"https:\/\/nexgendecors.com\/fr\/wp-json\/wp\/v2\/media\/89470"}],"wp:attachment":[{"href":"https:\/\/nexgendecors.com\/fr\/wp-json\/wp\/v2\/media?parent=37893"}],"wp:term":[{"taxonomy":"product_brand","embeddable":true,"href":"https:\/\/nexgendecors.com\/fr\/wp-json\/wp\/v2\/product_brand?post=37893"},{"taxonomy":"product_cat","embeddable":true,"href":"https:\/\/nexgendecors.com\/fr\/wp-json\/wp\/v2\/product_cat?post=37893"},{"taxonomy":"product_tag","embeddable":true,"href":"https:\/\/nexgendecors.com\/fr\/wp-json\/wp\/v2\/product_tag?post=37893"}],"curies":[{"name":"wp","href":"https:\/\/api.w.org\/{rel}","templated":true}]}}