{"id":37933,"date":"2025-01-26T02:04:54","date_gmt":"2025-01-26T02:04:54","guid":{"rendered":"https:\/\/nexgendecors.com\/product\/62-inch-marble-dining-table-for-6-8-modern-heavy-duty-dining-room-table-with-white-sintered-stone-tabletop-gold-x-bracket-and-carbon-steel-pedestal-rectangular-kitchen-table-for-living-room17118769"},"modified":"2025-04-06T07:51:50","modified_gmt":"2025-04-06T07:51:50","slug":"table-a-manger-en-marbre-de-62-pouces-pour-6-a-8-personnes-table-de-salle-a-manger-moderne-et-robuste-avec-plateau-en-pierre-frittee-blanche-support-en-x-dore-et-piedestal-en-acier-au-carbone-table","status":"publish","type":"product","link":"https:\/\/nexgendecors.com\/fr\/product\/table-a-manger-en-marbre-de-62-pouces-pour-6-a-8-personnes-table-de-salle-a-manger-moderne-et-robuste-avec-plateau-en-pierre-frittee-blanche-support-en-x-dore-et-piedestal-en-acier-au-carbone-table\/","title":{"rendered":"Table de salle \u00e0 manger moderne 62\u2033 en marbre pour 6-8 avec base en or"},"content":{"rendered":"<p>\ud83e\udea8 <strong>Plateau de table en pierre fritt\u00e9e am\u00e9lior\u00e9<\/strong>Dot\u00e9e d&#039;un plateau en pierre fritt\u00e9e durable aux angles arrondis, elle offre l&#039;\u00e9l\u00e9gance du marbre avec une r\u00e9sistance accrue. Elle est r\u00e9sistante \u00e0 la chaleur, aux taches et aux rayures.<\/p>\n<p>\u2728 <strong>Support en forme de X pour proc\u00e9d\u00e9 de galvanoplastie<\/strong>:La base de support en acier inoxydable dor\u00e9 subit un processus de galvanoplastie, ce qui donne des surfaces polies et brillantes qui rehaussent l&#039;esth\u00e9tique de la table.<\/p>\n<p>\ud83d\udcd0 <strong>Grande taille et capacit\u00e9 de charge \u00e9lev\u00e9e<\/strong>:Avec des dimensions de 63\u2033L x 35\u2033P x 30\u2033H, cette table \u00e0 manger de cuisine peut supporter jusqu&#039;\u00e0 300 lb, ce qui la rend \u00e0 la fois spacieuse et robuste.<\/p>\n<p>\ud83d\udee0\ufe0f <strong>Pi\u00e9destal en acier au carbone<\/strong>: La table \u00e0 manger est dot\u00e9e d&#039;une base en acier au carbone noir, un mat\u00e9riau tr\u00e8s dur et r\u00e9sistant \u00e0 l&#039;usure, couramment utilis\u00e9 dans le secteur de la construction. Sa surface de contact accrue assure sa stabilit\u00e9.<\/p>\n<p>\ud83d\udd27 <strong>Facile \u00e0 assembler<\/strong>Con\u00e7ue pour \u00eatre polyvalente, cette table \u00e0 manger moderne convient aux salles \u00e0 manger, cuisines, salons et bureaux. Elle ne n\u00e9cessite qu&#039;un assemblage partiel, avec les instructions et le mat\u00e9riel n\u00e9cessaires fournis pour votre confort.<\/p>\n<p>\ud83d\udce6 <strong>Emballage et exp\u00e9dition<\/strong>La table est livr\u00e9e en deux parties\u00a0: le plateau en pierre fritt\u00e9e et le pi\u00e8tement en m\u00e9tal. Veuillez v\u00e9rifier l&#039;absence de pi\u00e8ces manquantes ou endommag\u00e9es \u00e0 la livraison et nous en informer imm\u00e9diatement.<\/p>\n<p>\ud83d\udd14 <strong>Conseils chaleureux<\/strong>:<\/p>\n<ul>\n<li>\n<p>Nous n&#039;offrons pas de service \u00e0 domicile. Veuillez consulter attentivement votre messagerie et l&#039;\u00e9tat de votre commande apr\u00e8s l&#039;avoir pass\u00e9e.<\/p>\n<\/li>\n<li>\n<p>Assurez-vous de r\u00e9pondre \u00e0 l&#039;appel t\u00e9l\u00e9phonique du transporteur concernant le rendez-vous de livraison pour une livraison en douceur.<\/p>\n<\/li>\n<li>\n<p>Le plateau et le cadre de la table sont livr\u00e9s dans deux colis s\u00e9par\u00e9s pour une meilleure manipulation et s\u00e9curit\u00e9 pendant le transport.<\/p>\n<\/li>\n<\/ul>\n<p>Pour toute question ou pr\u00e9occupation, n&#039;h\u00e9sitez pas \u00e0 nous contacter.<\/p>","protected":false},"excerpt":{"rendered":"<p>\ud83e\udea8 Plateau de table en pierre fritt\u00e9e am\u00e9lior\u00e9e : le plateau de table en pierre fritt\u00e9e durable aux coins arrondis offre<\/p>","protected":false},"featured_media":89562,"comment_status":"open","ping_status":"closed","template":"","meta":[],"product_brand":[],"product_cat":[30826,30827,30971,32],"product_tag":[],"class_list":{"0":"post-37933","1":"product","2":"type-product","3":"status-publish","4":"has-post-thumbnail","6":"product_cat-dining-room","7":"product_cat-dining-tables","8":"product_cat-hp","9":"product_cat-residential-furniture","11":"first","12":"outofstock","13":"taxable","14":"shipping-taxable","15":"purchasable","16":"product-type-variable"},"_links":{"self":[{"href":"https:\/\/nexgendecors.com\/fr\/wp-json\/wp\/v2\/product\/37933","targetHints":{"allow":["GET"]}}],"collection":[{"href":"https:\/\/nexgendecors.com\/fr\/wp-json\/wp\/v2\/product"}],"about":[{"href":"https:\/\/nexgendecors.com\/fr\/wp-json\/wp\/v2\/types\/product"}],"replies":[{"embeddable":true,"href":"https:\/\/nexgendecors.com\/fr\/wp-json\/wp\/v2\/comments?post=37933"}],"version-history":[{"count":0,"href":"https:\/\/nexgendecors.com\/fr\/wp-json\/wp\/v2\/product\/37933\/revisions"}],"wp:featuredmedia":[{"embeddable":true,"href":"https:\/\/nexgendecors.com\/fr\/wp-json\/wp\/v2\/media\/89562"}],"wp:attachment":[{"href":"https:\/\/nexgendecors.com\/fr\/wp-json\/wp\/v2\/media?parent=37933"}],"wp:term":[{"taxonomy":"product_brand","embeddable":true,"href":"https:\/\/nexgendecors.com\/fr\/wp-json\/wp\/v2\/product_brand?post=37933"},{"taxonomy":"product_cat","embeddable":true,"href":"https:\/\/nexgendecors.com\/fr\/wp-json\/wp\/v2\/product_cat?post=37933"},{"taxonomy":"product_tag","embeddable":true,"href":"https:\/\/nexgendecors.com\/fr\/wp-json\/wp\/v2\/product_tag?post=37933"}],"curies":[{"name":"wp","href":"https:\/\/api.w.org\/{rel}","templated":true}]}}