{"id":38021,"date":"2025-01-26T02:05:13","date_gmt":"2025-01-26T02:05:13","guid":{"rendered":"https:\/\/nexgendecors.com\/product\/7-piece-dining-table-set-modern-dining-room-table-and-chairs-set-sintered-stone-dining-table-set-for-6-pandora-marble-dining-table-with-6-chairs-for-kitchen-dining-room1711876968921\/"},"modified":"2025-04-06T07:52:02","modified_gmt":"2025-04-06T07:52:02","slug":"7-piece-dining-table-set-modern-dining-room-table-and-chairs-set-sintered-stone-dining-table-set-for-6-pandora-marble-dining-table-with-6-chairs-for-kitchen-dining-room1711876968921","status":"publish","type":"product","link":"https:\/\/nexgendecors.com\/fr\/product\/7-piece-dining-table-set-modern-dining-room-table-and-chairs-set-sintered-stone-dining-table-set-for-6-pandora-marble-dining-table-with-6-chairs-for-kitchen-dining-room1711876968921\/","title":{"rendered":"Ensemble de salle \u00e0 manger Pandora 7 pi\u00e8ces en marbre moderne pour 6 personnes"},"content":{"rendered":"<p data-mce-fragment=\"1\"><strong data-mce-fragment=\"1\">Experience Luxury Dining with Our 7-Piece Dining Set!<\/strong> \ud83c\udf7d\ufe0f\u2728<\/p>\n<ul data-mce-fragment=\"1\">\n<li data-mce-fragment=\"1\">\n<p data-mce-fragment=\"1\"><strong data-mce-fragment=\"1\">Complete Dining Set<\/strong>: This elegant set includes a marbling sintered stone rectangle table and 6 upholstered faux leather chairs, creating a warm and harmonious atmosphere for family gatherings. \ud83c\udfe1<\/p>\n<\/li>\n<li data-mce-fragment=\"1\">\n<p data-mce-fragment=\"1\"><strong data-mce-fragment=\"1\">Practical &#038; Beautiful<\/strong>: The modern minimalist design features a clear and layered texture of the sintered stone tabletop. It&#8217;s easy to clean, impact-resistant, and can withstand temperatures up to 1200\u00b0C. The exquisite grinding process and seamless splicing enhance its beauty. \ud83c\udf1f<\/p>\n<\/li>\n<li data-mce-fragment=\"1\">\n<p data-mce-fragment=\"1\"><strong data-mce-fragment=\"1\">Modern &#038; Stylish<\/strong>: The set comes with a modern marble dining table paired with brown and white leather patchwork chairs, offering an overall elegant and generous look. Perfect for kitchens, dining rooms, living rooms, balconies, coffee shops, or offices! \ud83c\udf06<\/p>\n<\/li>\n<li data-mce-fragment=\"1\">\n<p data-mce-fragment=\"1\"><strong data-mce-fragment=\"1\">Easy Assembly &#038; Care<\/strong>: With straightforward instructions, two people can easily assemble the dining table. The 12mm thick stone top is easy to clean and provides stable load-bearing. Simply wipe away stains with a cleaning cloth! \ud83e\uddfd<\/p>\n<\/li>\n<li data-mce-fragment=\"1\">\n<p data-mce-fragment=\"1\"><strong data-mce-fragment=\"1\">D\u00e9tails du forfait<\/strong>:<\/p>\n<ul data-mce-fragment=\"1\">\n<li data-mce-fragment=\"1\">\n<strong data-mce-fragment=\"1\">Tabletop<\/strong>: 1 wooden box<\/li>\n<li data-mce-fragment=\"1\">\n<strong data-mce-fragment=\"1\">Base de table<\/strong>: 1 box<\/li>\n<li data-mce-fragment=\"1\">\n<strong data-mce-fragment=\"1\">Chaises<\/strong>: 3 boxes (2 chairs each)<\/li>\n<\/ul>\n<\/li>\n<li data-mce-fragment=\"1\">\n<p data-mce-fragment=\"1\"><strong data-mce-fragment=\"1\">Customer Service<\/strong>: For any installation problems, replacement parts, damages, or queries, please contact our customer service. We&#8217;re committed to solving your issues within 24 hours! \ud83d\udee0\ufe0f<\/p>\n<\/li>\n<\/ul>\n<p data-mce-fragment=\"1\">Transform your dining experience with our luxurious and practical 7-piece dining set! Enjoy memorable meals and gatherings with your loved ones. \ud83c\udf1f\ud83c\udf77<\/p>\n<div><\/div>","protected":false},"excerpt":{"rendered":"<p>D\u00e9couvrez un d\u00eener de luxe avec notre ensemble de salle \u00e0 manger de 7 pi\u00e8ces ! \ud83c\udf7d\ufe0f\u2728 Ensemble de salle \u00e0 manger complet : cet ensemble \u00e9l\u00e9gant comprend une pierre fritt\u00e9e marbr\u00e9e<\/p>","protected":false},"featured_media":89796,"comment_status":"open","ping_status":"closed","template":"","meta":[],"product_brand":[],"product_cat":[30825,30826,30827,30971,32],"product_tag":[],"class_list":{"0":"post-38021","1":"product","2":"type-product","3":"status-publish","4":"has-post-thumbnail","6":"product_cat-dining-chairs","7":"product_cat-dining-room","8":"product_cat-dining-tables","9":"product_cat-hp","10":"product_cat-residential-furniture","12":"first","13":"outofstock","14":"sale","15":"taxable","16":"shipping-taxable","17":"purchasable","18":"product-type-variable"},"_links":{"self":[{"href":"https:\/\/nexgendecors.com\/fr\/wp-json\/wp\/v2\/product\/38021","targetHints":{"allow":["GET"]}}],"collection":[{"href":"https:\/\/nexgendecors.com\/fr\/wp-json\/wp\/v2\/product"}],"about":[{"href":"https:\/\/nexgendecors.com\/fr\/wp-json\/wp\/v2\/types\/product"}],"replies":[{"embeddable":true,"href":"https:\/\/nexgendecors.com\/fr\/wp-json\/wp\/v2\/comments?post=38021"}],"version-history":[{"count":0,"href":"https:\/\/nexgendecors.com\/fr\/wp-json\/wp\/v2\/product\/38021\/revisions"}],"wp:featuredmedia":[{"embeddable":true,"href":"https:\/\/nexgendecors.com\/fr\/wp-json\/wp\/v2\/media\/89796"}],"wp:attachment":[{"href":"https:\/\/nexgendecors.com\/fr\/wp-json\/wp\/v2\/media?parent=38021"}],"wp:term":[{"taxonomy":"product_brand","embeddable":true,"href":"https:\/\/nexgendecors.com\/fr\/wp-json\/wp\/v2\/product_brand?post=38021"},{"taxonomy":"product_cat","embeddable":true,"href":"https:\/\/nexgendecors.com\/fr\/wp-json\/wp\/v2\/product_cat?post=38021"},{"taxonomy":"product_tag","embeddable":true,"href":"https:\/\/nexgendecors.com\/fr\/wp-json\/wp\/v2\/product_tag?post=38021"}],"curies":[{"name":"wp","href":"https:\/\/api.w.org\/{rel}","templated":true}]}}